{"id":1121,"date":"2023-03-29T14:05:54","date_gmt":"2023-03-29T12:05:54","guid":{"rendered":"http:\/\/www.univ-oeb.dz\/LEQUAEB\/?page_id=1121"},"modified":"2023-10-03T19:39:20","modified_gmt":"2023-10-03T17:39:20","slug":"equipe-2","status":"publish","type":"page","link":"https:\/\/www.univ-oeb.dz\/LEQUAEB\/equipe-2\/","title":{"rendered":"Equipe 2: \u00c9valuation post-occupationnelle des quartiers d\u2019habitat urbain; Chef d&rsquo;\u00e9quipe: Pr Mohamed-Cherif ADAD"},"content":{"rendered":"<p>L\u2019objectif de la recherche men\u00e9e par l\u2019\u00e9quipe 2 (EPOQHU) sera de participer \u00e0 la caract\u00e9risation de la qualit\u00e9 d\u2019usage \u00e0 l\u2019\u00e9chelle micro-urbaine (objectif g\u00e9n\u00e9ral du laboratoire) sous le prisme de l\u2019\u00e9valuation post-occupationnelle. L\u2019EPO est un outil puissant dans le processus de production architecturale et urbaine, car il permet de collecter les informations sur la conception, l\u2019occupation et l\u2019utilisation d\u2019un espace, informations qui serviront comme feed-back pour l\u2019am\u00e9lioration de la production architecturale et urbaine. L\u2019\u00e9quipe se chargera de le mettre sur pied, d\u2019y apporter les am\u00e9nagements n\u00e9cessaires et de l\u2019appliquer ensuite sur les quartiers d\u2019habitat ou des complexes ou groupements de b\u00e2timents. Il s\u2019agit d\u2019une d\u00e9marche exhaustive qui s\u2019int\u00e9resse au processus de prise de d\u00e9cisions, la conception, l\u2019organisation et la conduite du projet in-situ et enfin le comportement des usagers. Il s\u2019agira de v\u00e9rifier la conformit\u00e9 du cadre b\u00e2ti au mode de vie avec ses diff\u00e9rents param\u00e8tres sociologiques, comportementaux et \u00e9conomiques.<\/p>\n<p><strong>Membres de l&rsquo;\u00e9quipe:<\/strong><\/p>\n<table width=\"633\">\n<tbody>\n<tr>\n<td width=\"151\"><strong>ADAD Mohamed Cherif<\/strong><\/td>\n<td width=\"95\">Doc. d&rsquo;Etat<\/td>\n<td width=\"66\">Pr.<\/td>\n<td width=\"161\">Ing\u00e9nierie<\/td>\n<td width=\"161\">U. Oum El Bouaghi<\/td>\n<\/tr>\n<tr>\n<td width=\"151\">BENZAOUI Amel<\/td>\n<td width=\"95\">Magister<\/td>\n<td width=\"66\">MAA<\/td>\n<td width=\"161\">Ing\u00e9nierie<\/td>\n<td width=\"161\">U. Oum El Bouaghi<\/td>\n<\/tr>\n<tr>\n<td width=\"151\">KEHAL Kamel<\/td>\n<td width=\"95\">Magister<\/td>\n<td width=\"66\">MAA<\/td>\n<td width=\"161\">Ing\u00e9nierie<\/td>\n<td width=\"161\">U. Oum El Bouaghi<\/td>\n<\/tr>\n<tr>\n<td width=\"151\">HAMMOUDI Abdelhalim<\/td>\n<td width=\"95\">Magister<\/td>\n<td width=\"66\">MAA<\/td>\n<td width=\"161\">Ing\u00e9nierie<\/td>\n<td width=\"161\">U. Oum El Bouaghi<\/td>\n<\/tr>\n<tr>\n<td width=\"151\">ABDERRAHMANE Taha Amine<\/td>\n<td width=\"95\">Master<\/td>\n<td width=\"66\">Doc.<\/td>\n<td width=\"161\">Ing\u00e9nierie<\/td>\n<td width=\"161\">U. Oum El Bouaghi<\/td>\n<\/tr>\n<tr>\n<td width=\"151\">DAOUADI Khedidja<\/td>\n<td width=\"95\">Master<\/td>\n<td width=\"66\">Doc.<\/td>\n<td width=\"161\">Ing\u00e9nierie<\/td>\n<td width=\"161\">U. Oum El Bouaghi<\/td>\n<\/tr>\n<tr>\n<td width=\"151\">ANSAR Ahmed Mounir<\/td>\n<td width=\"95\">Master<\/td>\n<td width=\"66\">Doc.<\/td>\n<td width=\"161\">Ing\u00e9nierie<\/td>\n<td width=\"161\">U. Oum El Bouaghi<\/td>\n<\/tr>\n<tr>\n<td width=\"151\">HAMDAOUI Abdeldjalil<\/td>\n<td width=\"95\">Master<\/td>\n<td width=\"66\">Doc.<\/td>\n<td width=\"161\">Ing\u00e9nierie<\/td>\n<td width=\"161\">U. Oum El Bouaghi<\/td>\n<\/tr>\n<\/tbody>\n<\/table>\n","protected":false},"excerpt":{"rendered":"<p>L\u2019objectif de la recherche men\u00e9e par l\u2019\u00e9quipe 2 (EPOQHU) sera de participer \u00e0 la caract\u00e9risation de la qualit\u00e9 d\u2019usage \u00e0 l\u2019\u00e9chelle micro-urbaine (objectif g\u00e9n\u00e9ral du laboratoire) sous le prisme de l\u2019\u00e9valuation post-occupationnelle. L\u2019EPO est un outil puissant dans le processus de production architecturale et urbaine, car il permet de collecter&hellip;<\/p>\n","protected":false},"author":1,"featured_media":1122,"parent":0,"menu_order":0,"comment_status":"closed","ping_status":"closed","template":"","meta":{"footnotes":""},"_links":{"self":[{"href":"https:\/\/www.univ-oeb.dz\/LEQUAEB\/wp-json\/wp\/v2\/pages\/1121"}],"collection":[{"href":"https:\/\/www.univ-oeb.dz\/LEQUAEB\/wp-json\/wp\/v2\/pages"}],"about":[{"href":"https:\/\/www.univ-oeb.dz\/LEQUAEB\/wp-json\/wp\/v2\/types\/page"}],"author":[{"embeddable":true,"href":"https:\/\/www.univ-oeb.dz\/LEQUAEB\/wp-json\/wp\/v2\/users\/1"}],"replies":[{"embeddable":true,"href":"https:\/\/www.univ-oeb.dz\/LEQUAEB\/wp-json\/wp\/v2\/comments?post=1121"}],"version-history":[{"count":4,"href":"https:\/\/www.univ-oeb.dz\/LEQUAEB\/wp-json\/wp\/v2\/pages\/1121\/revisions"}],"predecessor-version":[{"id":1178,"href":"https:\/\/www.univ-oeb.dz\/LEQUAEB\/wp-json\/wp\/v2\/pages\/1121\/revisions\/1178"}],"wp:featuredmedia":[{"embeddable":true,"href":"https:\/\/www.univ-oeb.dz\/LEQUAEB\/wp-json\/wp\/v2\/media\/1122"}],"wp:attachment":[{"href":"https:\/\/www.univ-oeb.dz\/LEQUAEB\/wp-json\/wp\/v2\/media?parent=1121"}],"curies":[{"name":"wp","href":"https:\/\/api.w.org\/{rel}","templated":true}]}}