{"id":1118,"date":"2023-03-29T14:04:05","date_gmt":"2023-03-29T12:04:05","guid":{"rendered":"http:\/\/www.univ-oeb.dz\/LEQUAEB\/?page_id=1118"},"modified":"2023-10-03T19:32:02","modified_gmt":"2023-10-03T17:32:02","slug":"equipe-1","status":"publish","type":"page","link":"https:\/\/www.univ-oeb.dz\/LEQUAEB\/equipe-1\/","title":{"rendered":"Equipe 1: \u00c9valuation de la Qualit\u00e9 d\u2019Usage; Chef d&rsquo;\u00e9quipe: Pr Said MAZOUZ"},"content":{"rendered":"<p>Le programme de recherche de l\u2019\u00e9quipe 1 s\u2019attellera \u00e0 caract\u00e9riser la notion de \u00ab qualit\u00e9 d\u2019usage \u00bb dans les nombreux travaux d\u00e9j\u00e0 effectu\u00e9s, mais non capitalis\u00e9s (m\u00e9moires, th\u00e8ses et articles publi\u00e9s) sur les multiples dysfonctionnements qui touchent la production architecturale et micro-urbaine \u00e0 l\u2019\u00e9chelle du quartier (unit\u00e9 de voisinage, groupement). Le travail de recherche portera essentiellement sur la caract\u00e9risation de la notion de \u00ab qualit\u00e9 \u00bb dans les projets urbains et architecturaux en amont en aval de la r\u00e9alisation, la caract\u00e9risation des m\u00e9thodes d\u2019\u00e9valuation, l\u2019analyse de la performance des b\u00e2timents et la conduite d\u2019enqu\u00eates de satisfaction des usagers et, enfin, l\u2019\u00e9laboration de r\u00e9f\u00e9rentiels de qualit\u00e9. Le r\u00e9f\u00e9rentiel sera \u00e0 la fois la r\u00e9sultante de la recherche bibliographique approfondie, d\u2019une mod\u00e9lisation par le biais d\u2019outils informatiques innovants et d\u2019enqu\u00eates sur terrain. Car, il importe que les r\u00e9f\u00e9rentiels \u00e9trangers soient soumis au contexte alg\u00e9rien ; ils peuvent \u00e0 ce moment-l\u00e0 \u00eatre approfondis, enrichis, modifi\u00e9s ou adapt\u00e9s.1. Caract\u00e9risation de la notion de \u00ab qualit\u00e9 \u00bb dans les projets architecturaux et micro-urbains en amont en aval de la r\u00e9alisation. Cette phase passera par une revue exhaustive des r\u00e9f\u00e9rentiels existants et leur adaptation au contexte alg\u00e9rien.<br \/>\n2. Caract\u00e9risation des m\u00e9thodes d\u2019\u00e9valuation : il s\u2019agit de faire le point sur les m\u00e9thodes de mod\u00e9lisation des syst\u00e8mes architecturaux et micro-urbains. Des outils m\u00e9thodologiques comme la Syntaxe spatiale (SpaceSyntax\u00a9), assist\u00e9e par des mod\u00e8les informatiques (analyse du graphe de visibilit\u00e9 et mod\u00e9lisation multi-agents) et les logiciels sp\u00e9cialis\u00e9s permettent de caract\u00e9riser des propri\u00e9t\u00e9s comme la configuration, la morphologie, l\u2019organisation spatiale, la perm\u00e9abilit\u00e9, l\u2019accessibilit\u00e9, la proximit\u00e9, l\u2019attraction, l\u2019enclavement, etc.\u2026<br \/>\n3. La validation des r\u00e9sultats obtenus se fera par des enqu\u00eates sur terrain (observation, suivi d\u2019itin\u00e9raires, etc.\u2026) et une enqu\u00eate de satisfaction \u00e0 l\u2019attention des usagers.<br \/>\n4. Corr\u00e9lation des crit\u00e8res de qualit\u00e9 avec les configurations spatiales des entit\u00e9s architecturales urbaines (conformation, morphologie, organisation spatiale, perm\u00e9abilit\u00e9, accessibilit\u00e9<\/p>\n<p><strong>Membres de l&rsquo;\u00e9quipe:<\/strong><\/p>\n<table width=\"633\">\n<tbody>\n<tr>\n<td width=\"151\"><strong>MAZOUZ Said<\/strong><\/td>\n<td width=\"95\">Doc. d&rsquo;Etat<\/td>\n<td width=\"66\">Pr.<\/td>\n<td width=\"161\">Ing\u00e9nierie<\/td>\n<td width=\"161\">U. Oum El Bouaghi<\/td>\n<\/tr>\n<tr>\n<td width=\"151\">BOUZENNOUNE Yacine<\/td>\n<td width=\"95\">Magister<\/td>\n<td width=\"66\">MAA<\/td>\n<td width=\"161\">Ing\u00e9nierie<\/td>\n<td width=\"161\">U. Oum El Bouaghi<\/td>\n<\/tr>\n<tr>\n<td width=\"151\">GHERRAZ Halima<\/td>\n<td width=\"95\">Magister<\/td>\n<td width=\"66\">MAA<\/td>\n<td width=\"161\">Ing\u00e9nierie<\/td>\n<td width=\"161\">U. Oum El Bouaghi<\/td>\n<\/tr>\n<tr>\n<td width=\"151\">GUECHI Imen<\/td>\n<td width=\"95\">Doctorat<\/td>\n<td width=\"66\">MCB<\/td>\n<td width=\"161\">Ing\u00e9nierie<\/td>\n<td width=\"161\">U. Oum El Bouaghi<\/td>\n<\/tr>\n<tr>\n<td width=\"151\">BOUDJADJA Rafik<\/td>\n<td width=\"95\">Doctorat<\/td>\n<td width=\"66\">MCB<\/td>\n<td width=\"161\">Ing\u00e9nierie<\/td>\n<td width=\"161\">U. Oum El Bouaghi<\/td>\n<\/tr>\n<tr>\n<td width=\"151\">BEKRI Narimane<\/td>\n<td width=\"95\">Master<\/td>\n<td width=\"66\">Doc.<\/td>\n<td width=\"161\">Ing\u00e9nierie<\/td>\n<td width=\"161\">U. Oum El Bouaghi<\/td>\n<\/tr>\n<tr>\n<td width=\"151\">HADJI Ikram<\/td>\n<td width=\"95\">Master<\/td>\n<td width=\"66\">Doc.<\/td>\n<td width=\"161\">Ing\u00e9nierie<\/td>\n<td width=\"161\">U. Oum El Bouaghi<\/td>\n<\/tr>\n<tr>\n<td width=\"151\">FARES Rima Beya<\/td>\n<td width=\"95\">Master<\/td>\n<td width=\"66\">Doc.<\/td>\n<td width=\"161\">Ing\u00e9nierie<\/td>\n<td width=\"161\">U. Oum El Bouaghi<\/td>\n<\/tr>\n<tr>\n<td width=\"151\">BENCHAABANE Leila<\/td>\n<td width=\"95\">Master<\/td>\n<td width=\"66\">Doc.<\/td>\n<td width=\"161\">Sciences de la Terre et des Plan\u00e8tes<\/td>\n<td width=\"161\">U. Oum El Bouaghi<\/td>\n<\/tr>\n<tr>\n<td width=\"151\">ZAOUIA Khaled<\/td>\n<td width=\"95\">Master<\/td>\n<td width=\"66\">Doc.<\/td>\n<td width=\"161\">Ing\u00e9nierie<\/td>\n<td width=\"161\">U. Oum El Bouaghi<\/td>\n<\/tr>\n<tr>\n<td width=\"151\">MESSAOUDI Taous<\/td>\n<td width=\"95\">Master<\/td>\n<td width=\"66\">Doc.<\/td>\n<td width=\"161\">Sciences de la Terre et des Plan\u00e8tes<\/td>\n<td width=\"161\">U. Oum El Bouaghi<\/td>\n<\/tr>\n<tr>\n<td width=\"151\">NEDJAR Sara Ismahane<\/td>\n<td width=\"95\">Master<\/td>\n<td width=\"66\">Doc.<\/td>\n<td width=\"161\">Sciences de la Terre et des Plan\u00e8tes<\/td>\n<td width=\"161\">U. Oum El Bouaghi<\/td>\n<\/tr>\n<tr>\n<td width=\"151\">BENLAHRECHE Meriem<\/td>\n<td width=\"95\">Master<\/td>\n<td width=\"66\">Doc.<\/td>\n<td width=\"161\">Sciences de la Terre et des Plan\u00e8tes<\/td>\n<td width=\"161\">U. Oum El Bouaghi<\/td>\n<\/tr>\n<\/tbody>\n<\/table>\n","protected":false},"excerpt":{"rendered":"<p>Le programme de recherche de l\u2019\u00e9quipe 1 s\u2019attellera \u00e0 caract\u00e9riser la notion de \u00ab qualit\u00e9 d\u2019usage \u00bb dans les nombreux travaux d\u00e9j\u00e0 effectu\u00e9s, mais non capitalis\u00e9s (m\u00e9moires, th\u00e8ses et articles publi\u00e9s) sur les multiples dysfonctionnements qui touchent la production architecturale et micro-urbaine \u00e0 l\u2019\u00e9chelle du quartier (unit\u00e9 de voisinage, groupement).&hellip;<\/p>\n","protected":false},"author":1,"featured_media":1119,"parent":0,"menu_order":0,"comment_status":"closed","ping_status":"closed","template":"","meta":{"footnotes":""},"_links":{"self":[{"href":"https:\/\/www.univ-oeb.dz\/LEQUAEB\/wp-json\/wp\/v2\/pages\/1118"}],"collection":[{"href":"https:\/\/www.univ-oeb.dz\/LEQUAEB\/wp-json\/wp\/v2\/pages"}],"about":[{"href":"https:\/\/www.univ-oeb.dz\/LEQUAEB\/wp-json\/wp\/v2\/types\/page"}],"author":[{"embeddable":true,"href":"https:\/\/www.univ-oeb.dz\/LEQUAEB\/wp-json\/wp\/v2\/users\/1"}],"replies":[{"embeddable":true,"href":"https:\/\/www.univ-oeb.dz\/LEQUAEB\/wp-json\/wp\/v2\/comments?post=1118"}],"version-history":[{"count":6,"href":"https:\/\/www.univ-oeb.dz\/LEQUAEB\/wp-json\/wp\/v2\/pages\/1118\/revisions"}],"predecessor-version":[{"id":1177,"href":"https:\/\/www.univ-oeb.dz\/LEQUAEB\/wp-json\/wp\/v2\/pages\/1118\/revisions\/1177"}],"wp:featuredmedia":[{"embeddable":true,"href":"https:\/\/www.univ-oeb.dz\/LEQUAEB\/wp-json\/wp\/v2\/media\/1119"}],"wp:attachment":[{"href":"https:\/\/www.univ-oeb.dz\/LEQUAEB\/wp-json\/wp\/v2\/media?parent=1118"}],"curies":[{"name":"wp","href":"https:\/\/api.w.org\/{rel}","templated":true}]}}