{"id":1127,"date":"2023-03-29T14:10:26","date_gmt":"2023-03-29T12:10:26","guid":{"rendered":"http:\/\/www.univ-oeb.dz\/LCMASMTF\/?page_id=1127"},"modified":"2023-05-30T07:23:10","modified_gmt":"2023-05-30T05:23:10","slug":"equipe-4","status":"publish","type":"page","link":"https:\/\/www.univ-oeb.dz\/LCMASMTF\/equipe-4\/","title":{"rendered":"Equipe 4: Energies Renouvelables et D\u00e9veloppement Durable, ERDD"},"content":{"rendered":"<p style=\"text-align: right;\"><span style=\"color: #000000;\"><strong><span style=\"color: #0000ff;\">\u0631\u0626\u064a\u0633 \u0627\u0644\u0641\u0631\u0642\u0629<\/span> : \u0647\u0627\u062f\u0641 \u0639\u0645\u0627\u0631\u00a0\u00a0\u00a0\u00a0\u00a0\u00a0\u00a0\u00a0\u00a0\u00a0\u00a0\u00a0\u00a0\u00a0\u00a0\u00a0\u00a0 \u0623\u0633\u062a\u0627\u0630 \u0645\u062d\u0627\u0636\u0631 \u0623<\/strong><\/span><\/p>\n<p style=\"text-align: right;\"><span style=\"color: #000000;\"><strong><u><span style=\"color: #0000ff;\">\u0623\u0639\u0636\u0627\u0621 \u0627\u0644\u0641\u0631\u0642\u0629<\/span>:<\/u><\/strong><\/span><\/p>\n<p style=\"text-align: right;\"><span style=\"color: #000000;\"><strong>&#8211; \u0631\u0645\u0627\u0634 \u0631\u0628\u0639\u064a\u0629 \u0644\u064a\u0644\u0649\u00a0\u00a0\u00a0\u00a0\u00a0\u00a0\u00a0 \u00a0\u00a0\u00a0\u00a0 \u0623\u0633\u062a\u0627\u0630 \u0645\u062d\u0627\u0636\u0631 \u0628<\/strong><\/span><\/p>\n<p style=\"text-align: right;\"><span style=\"color: #000000;\"><strong>&#8211; \u0646\u062c\u0627\u062d \u0645\u0633\u0639\u0648\u062f\u00a0\u00a0 \u00a0\u00a0\u00a0\u00a0\u00a0\u00a0\u00a0\u00a0\u00a0 \u00a0\u00a0\u00a0\u00a0 \u0623\u0633\u062a\u0627\u0630 \u0645\u062d\u0627\u0636\u0631 \u0628<\/strong><\/span><\/p>\n<p style=\"text-align: right;\"><span style=\"color: #000000;\"><strong>&#8211; \u062d\u0631\u064a\u0632\u064a \u0639\u062b\u0645\u0627\u0646\u00a0\u00a0\u00a0\u00a0\u00a0\u00a0\u00a0\u00a0\u00a0\u00a0\u00a0 \u00a0\u00a0\u00a0\u00a0 \u0623\u0633\u062a\u0627\u0630 \u0645\u0633\u0627\u0639\u062f \u0623<\/strong><\/span><\/p>\n<p style=\"text-align: right;\"><span style=\"color: #000000;\"><strong>&#8211; \u062a\u0645\u0631\u0627\u0628\u0637 \u0634\u0641\u064a\u0642\u00a0\u00a0 \u00a0\u00a0\u00a0\u00a0\u00a0\u00a0\u00a0\u00a0 \u00a0\u00a0\u00a0\u00a0\u00a0\u0637\u0627\u0644\u0628 \u062f\u0643\u062a\u0648\u0631\u0627\u0647<\/strong><\/span><\/p>\n<p style=\"text-align: right;\"><span style=\"color: #000000;\"><strong>&#8211; \u062c\u0641\u0627\u0644 \u0641\u0627\u0631\u0633\u00a0\u00a0 \u00a0\u00a0\u00a0\u00a0\u00a0\u00a0\u00a0\u00a0 \u00a0\u00a0\u00a0\u00a0\u00a0\u062f\u0643\u062a\u0648\u0631\u0627\u0647 \u0644 \u0645 \u062f<\/strong><\/span><\/p>\n<p style=\"text-align: right;\"><span style=\"color: #000000;\"><strong>&#8211; \u0628\u0648\u0633\u0637\u0644\u0629 \u0633\u0644\u0633\u0628\u064a\u0644\u00a0 \u00a0\u00a0\u00a0\u00a0 \u00a0\u00a0\u00a0\u00a0\u00a0\u062f\u0643\u062a\u0648\u0631\u0627\u0647 \u0644 \u0645 \u062f<\/strong><\/span><\/p>\n<p>a-\tObjectifs d\u2019ensemble<br \/>\nLa demande \u00e9nerg\u00e9tique mondiale est en augmentation continue suite \u00e0 la croissance d\u00e9mographique et le d\u00e9veloppement industriel et agricole. L\u2019Alg\u00e9rie fait partie des pays qui d\u00e9pendent quasi-totalement aux \u00e9nergies fossiles et ses r\u00e9percussions \u00e9conomiques. Cependant, elle dispose d&rsquo;un gisement solaire le plus important au monde. Elle dispose \u00e9galement d\u2019importantes ressources renouvelables qui proviennent du vent, des mar\u00e9es et du recyclage des d\u00e9chets de la biomasse, qui va permettre de proscrire le gaz et le p\u00e9trole qui sont les plus grands polluants de l\u2019atmosph\u00e8re. Ce potentiel \u00e9nerg\u00e9tique peut constituer un facteur important de d\u00e9veloppement durable s&rsquo;il est exploit\u00e9 de mani\u00e8re \u00e9conomique. L\u2019utilisation des \u00e9nergies renouvelables sera li\u00e9e non seulement \u00e0 ses avantages \u00e9conomiques qui augmentent au fur et \u00e0 mesure que les r\u00e9serves d&rsquo;\u00e9nergie fossile diminueront, mais surtout pour des consid\u00e9rations environnementales. L\u2019\u00e9conomie d\u2019\u00e9nergie et la protection de l&rsquo;environnement sont alors les challenges des consommateurs, des chercheurs et des concepteurs des installations \u00e9nerg\u00e9tiques.<br \/>\nDans ce contexte, notre travail de recherche vise l\u2019utilisation rationnelle du patrimoine \u00e9nerg\u00e9tique dans plusieurs disciplines, tels que: le traitement des eaux, le dessalement solaire, la production du froid, conditionnement d&rsquo;air et la rationalisation de la consommation d\u2019\u00e9nergie en chauffage\/climatisation, etc.<br \/>\nb-\tFondements Scientifiques<br \/>\n1. Notre recherche est orient\u00e9e vers l\u2019utilisation des \u00e9nergies renouvelables, solaire l\u2019\u00e9olien et g\u00e9othermiques qui pourrait contribuer \u00e0 l\u2019\u00e9conomie d\u2019\u00e9nergie et la protection de l&rsquo;environnement.<\/p>\n<p>2. Cet axe se propose d\u2019\u00e9laborer des nouveaux syst\u00e8mes \u00e9nerg\u00e9tiques et d&rsquo;am\u00e9liorer les performances \u00e9nerg\u00e9tiques des syst\u00e8mes existants (conventionnelles) et de d\u00e9velopper des nouvelles perspectives \u00e9nerg\u00e9tiques ont se basant sur les potentialit\u00e9s \u00e9nerg\u00e9tiques disponibles.<\/p>\n<p>3. Cet axe vise \u00e0 d\u00e9velopper des codes de calculs num\u00e9riques permettant l&rsquo;analyse \u00e9nerg\u00e9tique et l\u2019optimisation des syst\u00e8mes \u00e9nerg\u00e9tiques.<br \/>\nc-\tMots-Cl\u00e9s : Energies renouvelables, Syst\u00e8mes \u00e9nerg\u00e9tiques, Mat\u00e9riaux, M\u00e9thode num\u00e9riques, Simulation &#038;Optimisation, Audit \u00e9nerg\u00e9tique. <\/p>\n","protected":false},"excerpt":{"rendered":"<p>\u0631\u0626\u064a\u0633 \u0627\u0644\u0641\u0631\u0642\u0629 : \u0647\u0627\u062f\u0641 \u0639\u0645\u0627\u0631\u00a0\u00a0\u00a0\u00a0\u00a0\u00a0\u00a0\u00a0\u00a0\u00a0\u00a0\u00a0\u00a0\u00a0\u00a0\u00a0\u00a0 \u0623\u0633\u062a\u0627\u0630 \u0645\u062d\u0627\u0636\u0631 \u0623 \u0623\u0639\u0636\u0627\u0621 \u0627\u0644\u0641\u0631\u0642\u0629: &#8211; \u0631\u0645\u0627\u0634 \u0631\u0628\u0639\u064a\u0629 \u0644\u064a\u0644\u0649\u00a0\u00a0\u00a0\u00a0\u00a0\u00a0\u00a0 \u00a0\u00a0\u00a0\u00a0 \u0623\u0633\u062a\u0627\u0630 \u0645\u062d\u0627\u0636\u0631 \u0628 &#8211; \u0646\u062c\u0627\u062d \u0645\u0633\u0639\u0648\u062f\u00a0\u00a0 \u00a0\u00a0\u00a0\u00a0\u00a0\u00a0\u00a0\u00a0\u00a0 \u00a0\u00a0\u00a0\u00a0 \u0623\u0633\u062a\u0627\u0630 \u0645\u062d\u0627\u0636\u0631 \u0628 &#8211; \u062d\u0631\u064a\u0632\u064a \u0639\u062b\u0645\u0627\u0646\u00a0\u00a0\u00a0\u00a0\u00a0\u00a0\u00a0\u00a0\u00a0\u00a0\u00a0 \u00a0\u00a0\u00a0\u00a0 \u0623\u0633\u062a\u0627\u0630 \u0645\u0633\u0627\u0639\u062f \u0623 &#8211; \u062a\u0645\u0631\u0627\u0628\u0637 \u0634\u0641\u064a\u0642\u00a0\u00a0 \u00a0\u00a0\u00a0\u00a0\u00a0\u00a0\u00a0\u00a0 \u00a0\u00a0\u00a0\u00a0\u00a0\u0637\u0627\u0644\u0628 \u062f\u0643\u062a\u0648\u0631\u0627\u0647 &#8211; \u062c\u0641\u0627\u0644 \u0641\u0627\u0631\u0633\u00a0\u00a0 \u00a0\u00a0\u00a0\u00a0\u00a0\u00a0\u00a0\u00a0 \u00a0\u00a0\u00a0\u00a0\u00a0\u062f\u0643\u062a\u0648\u0631\u0627\u0647 \u0644 \u0645 \u062f &#8211; \u0628\u0648\u0633\u0637\u0644\u0629 \u0633\u0644\u0633\u0628\u064a\u0644\u00a0&hellip;<\/p>\n","protected":false},"author":1,"featured_media":1128,"parent":0,"menu_order":0,"comment_status":"closed","ping_status":"closed","template":"","meta":{"footnotes":""},"_links":{"self":[{"href":"https:\/\/www.univ-oeb.dz\/LCMASMTF\/wp-json\/wp\/v2\/pages\/1127"}],"collection":[{"href":"https:\/\/www.univ-oeb.dz\/LCMASMTF\/wp-json\/wp\/v2\/pages"}],"about":[{"href":"https:\/\/www.univ-oeb.dz\/LCMASMTF\/wp-json\/wp\/v2\/types\/page"}],"author":[{"embeddable":true,"href":"https:\/\/www.univ-oeb.dz\/LCMASMTF\/wp-json\/wp\/v2\/users\/1"}],"replies":[{"embeddable":true,"href":"https:\/\/www.univ-oeb.dz\/LCMASMTF\/wp-json\/wp\/v2\/comments?post=1127"}],"version-history":[{"count":6,"href":"https:\/\/www.univ-oeb.dz\/LCMASMTF\/wp-json\/wp\/v2\/pages\/1127\/revisions"}],"predecessor-version":[{"id":1185,"href":"https:\/\/www.univ-oeb.dz\/LCMASMTF\/wp-json\/wp\/v2\/pages\/1127\/revisions\/1185"}],"wp:featuredmedia":[{"embeddable":true,"href":"https:\/\/www.univ-oeb.dz\/LCMASMTF\/wp-json\/wp\/v2\/media\/1128"}],"wp:attachment":[{"href":"https:\/\/www.univ-oeb.dz\/LCMASMTF\/wp-json\/wp\/v2\/media?parent=1127"}],"curies":[{"name":"wp","href":"https:\/\/api.w.org\/{rel}","templated":true}]}}