{"id":9020,"date":"2025-01-26T08:23:49","date_gmt":"2025-01-26T07:23:49","guid":{"rendered":"https:\/\/www.univ-oeb.dz\/FSTA\/?page_id=9020"},"modified":"2026-02-02T13:47:13","modified_gmt":"2026-02-02T12:47:13","slug":"%d9%86%d9%82%d8%a7%d8%b7-%d8%a7%d9%85%d8%aa%d8%ad%d8%a7%d9%86-%d8%a7%d9%84%d8%b3%d9%86%d8%a9-%d8%a7%d9%84%d8%ab%d8%a7%d9%86%d9%8a%d8%a9-%d9%85%d8%a7%d8%b3%d8%aa%d8%b1-2","status":"publish","type":"page","link":"https:\/\/www.univ-oeb.dz\/FSTA\/%d9%86%d9%82%d8%a7%d8%b7-%d8%a7%d9%85%d8%aa%d8%ad%d8%a7%d9%86-%d8%a7%d9%84%d8%b3%d9%86%d8%a9-%d8%a7%d9%84%d8%ab%d8%a7%d9%86%d9%8a%d8%a9-%d9%85%d8%a7%d8%b3%d8%aa%d8%b1-2\/","title":{"rendered":"\u0646\u0642\u0627\u0637 \u0627\u0645\u062a\u062d\u0627\u0646 \u0627\u0644\u0633\u0646\u0629 \u0627\u0644\u062b\u0627\u0646\u064a\u0629 \u0645\u0627\u0633\u062a\u0631 2025-2026"},"content":{"rendered":"\t\t<div data-elementor-type=\"wp-page\" data-elementor-id=\"9020\" class=\"elementor elementor-9020\">\n\t\t\t\t\t\t<section class=\"elementor-section elementor-top-section elementor-element elementor-element-6db59331 elementor-section-boxed elementor-section-height-default elementor-section-height-default wpr-particle-no wpr-jarallax-no wpr-parallax-no wpr-sticky-section-no\" data-id=\"6db59331\" data-element_type=\"section\">\n\t\t\t\t\t\t<div class=\"elementor-container elementor-column-gap-default\">\n\t\t\t\t\t<div class=\"elementor-column elementor-col-100 elementor-top-column elementor-element elementor-element-17380248\" data-id=\"17380248\" data-element_type=\"column\">\n\t\t\t<div class=\"elementor-widget-wrap elementor-element-populated\">\n\t\t\t\t\t\t<div class=\"elementor-element elementor-element-12f6e315 elementor-widget elementor-widget-text-editor\" data-id=\"12f6e315\" data-element_type=\"widget\" data-widget_type=\"text-editor.default\">\n\t\t\t\t<div class=\"elementor-widget-container\">\n\t\t\t\t\t\t\t<!-- wp:fl-builder\/layout \/-->\n<p>\u00a0<\/p>\n<!-- wp:table -->\n<figure class=\"wp-block-table\">\n<table class=\"has-fixed-layout\">\n<tbody>\n<tr>\n<td>\u0627\u0644\u0645\u0642\u064a\u0627\u0633<\/td>\n<td>\u0627\u0644\u0646\u0642\u0627\u0637<\/td>\n<td>\u0627\u0644\u0627\u062c\u0627\u0628\u0629<\/td>\n<\/tr>\n<tr>\n<td>SEMINAIRE SUR L\u2019ACTUALITE<br \/><br \/><\/td>\n<td>\u00a0<\/td>\n<td><a href=\"https:\/\/www.univ-oeb.dz\/FSTA\/wp-content\/uploads\/2026\/01\/corrige-controle-seminaire-2eme-annee-master-architecture.pdf\">corrig\u00e9 controle s\u00e9minaire 2eme ann\u00e9e master architecture<\/a><\/td>\n<\/tr>\n<tr>\n<td>PERFORMANCE<br \/>ENVIRONNEMENTALE ET<br \/>INNOVATIONS<br \/>TECHNOLOGIQUES DANS LE<br \/>BATIMENT<\/td>\n<td><a href=\"https:\/\/www.univ-oeb.dz\/FSTA\/wp-content\/uploads\/2026\/02\/controle_M2_PERFORMANCE-ENVIRONNEMENTAL-BT.pdf\">controle_M2_PERFORMANCE ENVIRONNEMENTAL BT<\/a><\/td>\n<td><a href=\"https:\/\/www.univ-oeb.dz\/FSTA\/wp-content\/uploads\/2026\/01\/corrige-type-module-performance-energetique-2eme-annee-master.pdf\">corrig\u00e9 type module performance energetique 2eme ann\u00e9e master<\/a><\/td>\n<\/tr>\n<tr>\n<td>EVALUATION DU CONFORT<br \/>DANS LE BATIMENT ET<br \/>DIAGNOSTIC ENERGETIQUE<\/td>\n<td><a href=\"https:\/\/www.univ-oeb.dz\/FSTA\/wp-content\/uploads\/2026\/02\/NOTES-EXAMEN-.S3.MASTER2.-EVALUATION-DU-CONFORT.xlsx\">NOTES EXAMEN .S3.MASTER2. EVALUATION DU CONFORT<\/a><\/td>\n<td><a href=\"https:\/\/www.univ-oeb.dz\/FSTA\/wp-content\/uploads\/2026\/01\/EXAMEN-ET-Corrige-type-module-evaluation-du-confot-2eme-annee-master.pdf\">EXAMEN ET Corrig\u00e9 type module evaluation du confot 2eme ann\u00e9e master<\/a><\/td>\n<\/tr>\n<\/tbody>\n<\/table>\n<\/figure>\n<!-- \/wp:table -->\t\t\t\t\t\t<\/div>\n\t\t\t\t<\/div>\n\t\t\t\t\t<\/div>\n\t\t<\/div>\n\t\t\t\t\t<\/div>\n\t\t<\/section>\n\t\t\t\t<\/div>\n\t\t","protected":false},"excerpt":{"rendered":"<p>\u00a0 \u0627\u0644\u0645\u0642\u064a\u0627\u0633 \u0627\u0644\u0646\u0642\u0627\u0637 \u0627\u0644\u0627\u062c\u0627\u0628\u0629 SEMINAIRE SUR L\u2019ACTUALITE \u00a0 corrig\u00e9 controle s\u00e9minaire 2eme ann\u00e9e master architecture PERFORMANCEENVIRONNEMENTALE ETINNOVATIONSTECHNOLOGIQUES DANS LEBATIMENT controle_M2_PERFORMANCE ENVIRONNEMENTAL BT corrig\u00e9 type module performance energetique 2eme ann\u00e9e master EVALUATION DU CONFORTDANS LE BATIMENT ETDIAGNOSTIC ENERGETIQUE NOTES EXAMEN .S3.MASTER2. EVALUATION DU CONFORT EXAMEN ET Corrig\u00e9 type module evaluation du confot 2eme ann\u00e9e master<\/p>\n","protected":false},"author":1,"featured_media":0,"parent":0,"menu_order":0,"comment_status":"closed","ping_status":"closed","template":"","meta":{"footnotes":""},"class_list":["post-9020","page","type-page","status-publish","hentry"],"_links":{"self":[{"href":"https:\/\/www.univ-oeb.dz\/FSTA\/wp-json\/wp\/v2\/pages\/9020","targetHints":{"allow":["GET"]}}],"collection":[{"href":"https:\/\/www.univ-oeb.dz\/FSTA\/wp-json\/wp\/v2\/pages"}],"about":[{"href":"https:\/\/www.univ-oeb.dz\/FSTA\/wp-json\/wp\/v2\/types\/page"}],"author":[{"embeddable":true,"href":"https:\/\/www.univ-oeb.dz\/FSTA\/wp-json\/wp\/v2\/users\/1"}],"replies":[{"embeddable":true,"href":"https:\/\/www.univ-oeb.dz\/FSTA\/wp-json\/wp\/v2\/comments?post=9020"}],"version-history":[{"count":23,"href":"https:\/\/www.univ-oeb.dz\/FSTA\/wp-json\/wp\/v2\/pages\/9020\/revisions"}],"predecessor-version":[{"id":11089,"href":"https:\/\/www.univ-oeb.dz\/FSTA\/wp-json\/wp\/v2\/pages\/9020\/revisions\/11089"}],"wp:attachment":[{"href":"https:\/\/www.univ-oeb.dz\/FSTA\/wp-json\/wp\/v2\/media?parent=9020"}],"curies":[{"name":"wp","href":"https:\/\/api.w.org\/{rel}","templated":true}]}}