{"id":8647,"date":"2025-01-19T13:30:41","date_gmt":"2025-01-19T12:30:41","guid":{"rendered":"https:\/\/www.univ-oeb.dz\/FSTA\/?page_id=8647"},"modified":"2026-02-01T09:37:26","modified_gmt":"2026-02-01T08:37:26","slug":"%d8%a7%d9%84%d8%b3%d9%86%d8%a9-%d8%a7%d9%84%d8%ab%d8%a7%d9%86%d9%8a%d8%a9-%d9%84%d9%8a%d8%b3%d8%a7%d9%86%d8%b3-%d9%85%d9%87%d9%86%d9%8a-%d8%aa%d8%b5%d9%85%d9%8a%d9%85-%d9%88%d9%87%d9%86%d8%af","status":"publish","type":"page","link":"https:\/\/www.univ-oeb.dz\/FSTA\/%d8%a7%d9%84%d8%b3%d9%86%d8%a9-%d8%a7%d9%84%d8%ab%d8%a7%d9%86%d9%8a%d8%a9-%d9%84%d9%8a%d8%b3%d8%a7%d9%86%d8%b3-%d9%85%d9%87%d9%86%d9%8a-%d8%aa%d8%b5%d9%85%d9%8a%d9%85-%d9%88%d9%87%d9%86%d8%af\/","title":{"rendered":"\u0627\u0644\u0633\u0646\u0629 \u0627\u0644\u062b\u0627\u0646\u064a\u0629 \u0644\u064a\u0633\u0627\u0646\u0633\u00a0\u0645\u0647\u0646\u064a \u062a\u0635\u0645\u064a\u0645 \u0648\u0647\u0646\u062f\u0633\u0629 \u062f\u0627\u062e\u0644\u064a\u0629\u00a02025-2026"},"content":{"rendered":"\t\t<div data-elementor-type=\"wp-page\" data-elementor-id=\"8647\" class=\"elementor elementor-8647\">\n\t\t\t\t\t\t<section class=\"elementor-section elementor-top-section elementor-element elementor-element-1067d23c elementor-section-boxed elementor-section-height-default elementor-section-height-default wpr-particle-no wpr-jarallax-no wpr-parallax-no wpr-sticky-section-no\" data-id=\"1067d23c\" data-element_type=\"section\">\n\t\t\t\t\t\t<div class=\"elementor-container elementor-column-gap-default\">\n\t\t\t\t\t<div class=\"elementor-column elementor-col-100 elementor-top-column elementor-element elementor-element-34ccd0dd\" data-id=\"34ccd0dd\" data-element_type=\"column\">\n\t\t\t<div class=\"elementor-widget-wrap elementor-element-populated\">\n\t\t\t\t\t\t<div class=\"elementor-element elementor-element-74ca395e elementor-widget elementor-widget-text-editor\" data-id=\"74ca395e\" data-element_type=\"widget\" data-widget_type=\"text-editor.default\">\n\t\t\t\t<div class=\"elementor-widget-container\">\n\t\t\t\t\t\t\t<!-- wp:fl-builder\/layout \/-->\n<p>\u00a0<\/p>\n<!-- wp:table -->\n<figure class=\"wp-block-table\">\n<table class=\"has-fixed-layout\">\n<tbody>\n<tr>\n<td style=\"text-align: center;\"><strong>\u0627\u0644\u0645\u0642\u064a\u0627\u0633<\/strong><\/td>\n<td style=\"text-align: center;\"><strong>\u0627\u0644\u0646\u0642\u0627\u0637<\/strong><\/td>\n<td style=\"text-align: center;\"><strong>\u0627\u0644\u0627\u062c\u0627\u0628\u0629<\/strong><\/td>\n<\/tr>\n<tr>\n<td style=\"text-align: center;\"><strong>PSYCHOLOGIE DE L\u2019ESPACE 01<\/strong><\/td>\n<td><a href=\"https:\/\/www.univ-oeb.dz\/FSTA\/wp-content\/uploads\/2026\/01\/notes_examne_S3_PSYCHOLOGIEDEL-ESPACE01_section.pdf\">notes_examne_S3_PSYCHOLOGIEDEL ESPACE01_section<\/a><\/td>\n<td><a href=\"https:\/\/www.univ-oeb.dz\/FSTA\/wp-content\/uploads\/2026\/01\/Corrige-type-final-S1-Psychologie-de-lespace-2eme-design.pdf\">Corrig\u00e9 type final S1, Psychologie de l&#8217;espace 2eme design<\/a><\/td>\n<\/tr>\n<tr>\n<td style=\"text-align: center;\"><strong>PHOTOGRAPHIE 01<\/strong><\/td>\n<td><a href=\"https:\/\/www.univ-oeb.dz\/FSTA\/wp-content\/uploads\/2026\/01\/Notes-examen-photographie-2eme-annee-design28012026.pdf\">Notes examen photographie 2eme ann\u00e9e design28012026<\/a><\/td>\n<td><a href=\"https:\/\/www.univ-oeb.dz\/FSTA\/wp-content\/uploads\/2026\/01\/corrige-type-examen-photographie-s1-Design-2eme-annee.pdf\">corrig\u00e9 type examen photographie s1 Design 2eme ann\u00e9e<\/a><\/td>\n<\/tr>\n<tr>\n<td style=\"text-align: center;\"><strong>ANGLAIS 03<\/strong><\/td>\n<td><a href=\"https:\/\/www.univ-oeb.dz\/FSTA\/wp-content\/uploads\/2026\/02\/notes_examen-2eme-design_S3_ANGLAIS03_section.xlsx\">notes_examen 2eme design_S3_ANGLAIS03_section<\/a><\/td>\n<td><a href=\"https:\/\/www.univ-oeb.dz\/FSTA\/wp-content\/uploads\/2026\/01\/corrige-type-2eme-design-interieur-anglais.pdf\">corrig\u00e9 type 2eme design interieur anglais<\/a><\/td>\n<\/tr>\n<tr>\n<td style=\"text-align: center;\"><strong>HISTOIRE DE L\u2019ARCHITECTURE <\/strong><br \/><strong>D\u2019INTERIEUR 01<\/strong><\/td>\n<td>\u00a0<\/td>\n<td><a href=\"https:\/\/www.univ-oeb.dz\/FSTA\/wp-content\/uploads\/2026\/01\/Corrige-type-du-module-Histoire-de-larchitecture-dinterieur-1-2eme-annee-design.pdf\">Corrig\u00e9 type du module Histoire de l\u2019architecture d\u2019int\u00e9rieur 1 2eme ann\u00e9e design<\/a><\/td>\n<\/tr>\n<tr>\n<td style=\"text-align: center;\"><strong>LEGISLATION 01 <\/strong><\/td>\n<td>\u00a0<\/td>\n<td>\u00a0<\/td>\n<\/tr>\n<tr>\n<td style=\"text-align: center;\"><strong>CONSTRUCTION 01 <\/strong><\/td>\n<td><a href=\"https:\/\/www.univ-oeb.dz\/FSTA\/wp-content\/uploads\/2026\/01\/Notes-Examen-ARCHI-L2-S1-DESIGN-2025.2026-1.pdf\">Notes Examen ARCHI L2 S1 DESIGN 2025.2026 (1)<\/a><\/td>\n<td><a href=\"https:\/\/www.univ-oeb.dz\/FSTA\/wp-content\/uploads\/2026\/01\/Corrige-type-ARCHI-construction-L2-S3-DESIGN-2025.2026-1.pdf\">Corrig\u00e9 type ARCHI construction L2 S3 DESIGN 2025.2026<\/a><\/td>\n<\/tr>\n<tr>\n<td>\u00a0<\/td>\n<td>\u00a0<\/td>\n<td>\u00a0<\/td>\n<\/tr>\n<tr>\n<td style=\"text-align: center;\">\u00a0<\/td>\n<td style=\"text-align: center;\">\u00a0<\/td>\n<td style=\"text-align: center;\">\u00a0<\/td>\n<\/tr>\n<tr>\n<td>\u00a0<\/td>\n<td>\u00a0<\/td>\n<td>\u00a0<\/td>\n<\/tr>\n<\/tbody>\n<\/table>\n<\/figure>\n<!-- \/wp:table -->\t\t\t\t\t\t<\/div>\n\t\t\t\t<\/div>\n\t\t\t\t\t<\/div>\n\t\t<\/div>\n\t\t\t\t\t<\/div>\n\t\t<\/section>\n\t\t\t\t<\/div>\n\t\t","protected":false},"excerpt":{"rendered":"<p>\u00a0 \u0627\u0644\u0645\u0642\u064a\u0627\u0633 \u0627\u0644\u0646\u0642\u0627\u0637 \u0627\u0644\u0627\u062c\u0627\u0628\u0629 PSYCHOLOGIE DE L\u2019ESPACE 01 notes_examne_S3_PSYCHOLOGIEDEL ESPACE01_section Corrig\u00e9 type final S1, Psychologie de l&#8217;espace 2eme design PHOTOGRAPHIE 01 Notes examen photographie 2eme ann\u00e9e design28012026 corrig\u00e9 type examen photographie s1 Design 2eme ann\u00e9e ANGLAIS 03 notes_examen 2eme design_S3_ANGLAIS03_section corrig\u00e9 type 2eme design interieur anglais HISTOIRE DE L\u2019ARCHITECTURE D\u2019INTERIEUR 01 \u00a0 Corrig\u00e9 type du module Histoire de l\u2019architecture d\u2019int\u00e9rieur 1 2eme ann\u00e9e design LEGISLATION 01 \u00a0 \u00a0 CONSTRUCTION 01 Notes Examen ARCHI L2 S1 DESIGN 2025.2026 (1) Corrig\u00e9 type ARCHI construction L2 S3 DESIGN 2025.2026 \u00a0 \u00a0 \u00a0 \u00a0 \u00a0 \u00a0 \u00a0 \u00a0 \u00a0<\/p>\n","protected":false},"author":1,"featured_media":0,"parent":0,"menu_order":0,"comment_status":"closed","ping_status":"closed","template":"","meta":{"footnotes":""},"class_list":["post-8647","page","type-page","status-publish","hentry"],"_links":{"self":[{"href":"https:\/\/www.univ-oeb.dz\/FSTA\/wp-json\/wp\/v2\/pages\/8647","targetHints":{"allow":["GET"]}}],"collection":[{"href":"https:\/\/www.univ-oeb.dz\/FSTA\/wp-json\/wp\/v2\/pages"}],"about":[{"href":"https:\/\/www.univ-oeb.dz\/FSTA\/wp-json\/wp\/v2\/types\/page"}],"author":[{"embeddable":true,"href":"https:\/\/www.univ-oeb.dz\/FSTA\/wp-json\/wp\/v2\/users\/1"}],"replies":[{"embeddable":true,"href":"https:\/\/www.univ-oeb.dz\/FSTA\/wp-json\/wp\/v2\/comments?post=8647"}],"version-history":[{"count":56,"href":"https:\/\/www.univ-oeb.dz\/FSTA\/wp-json\/wp\/v2\/pages\/8647\/revisions"}],"predecessor-version":[{"id":11080,"href":"https:\/\/www.univ-oeb.dz\/FSTA\/wp-json\/wp\/v2\/pages\/8647\/revisions\/11080"}],"wp:attachment":[{"href":"https:\/\/www.univ-oeb.dz\/FSTA\/wp-json\/wp\/v2\/media?parent=8647"}],"curies":[{"name":"wp","href":"https:\/\/api.w.org\/{rel}","templated":true}]}}