{"id":8568,"date":"2025-01-19T09:45:52","date_gmt":"2025-01-19T08:45:52","guid":{"rendered":"https:\/\/www.univ-oeb.dz\/FSTA\/?page_id=8568"},"modified":"2026-01-25T10:03:49","modified_gmt":"2026-01-25T09:03:49","slug":"%d9%86%d9%82%d8%a7%d8%b7-%d8%a7%d9%84%d8%b3%d8%af%d8%a7%d8%b3%d9%8a-%d8%a7%d9%84%d8%a7%d9%88%d9%84-%d9%84%d9%84%d8%b3%d9%86%d8%a9-%d8%a7%d9%84%d8%a7%d9%88%d9%84%d9%89-%d9%84%d9%8a%d8%b3%d8%a7%d9%86","status":"publish","type":"page","link":"https:\/\/www.univ-oeb.dz\/FSTA\/%d9%86%d9%82%d8%a7%d8%b7-%d8%a7%d9%84%d8%b3%d8%af%d8%a7%d8%b3%d9%8a-%d8%a7%d9%84%d8%a7%d9%88%d9%84-%d9%84%d9%84%d8%b3%d9%86%d8%a9-%d8%a7%d9%84%d8%a7%d9%88%d9%84%d9%89-%d9%84%d9%8a%d8%b3%d8%a7%d9%86\/","title":{"rendered":"\u0646\u0642\u0627\u0637 \u0627\u0644\u0633\u062f\u0627\u0633\u064a \u0627\u0644\u0627\u0648\u0644 \u0644\u0644\u0633\u0646\u0629 \u0627\u0644\u0627\u0648\u0644\u0649 \u0644\u064a\u0633\u0627\u0646\u0633 \u062c\u063a\u0631\u0627\u0641\u064a\u0627 \u0648 \u062a\u0647\u064a\u0626\u0629 \u0627\u0644\u0627\u0642\u0644\u064a\u0645 2025-2026"},"content":{"rendered":"\t\t<div data-elementor-type=\"wp-page\" data-elementor-id=\"8568\" class=\"elementor elementor-8568\">\n\t\t\t\t\t\t<section class=\"elementor-section elementor-top-section elementor-element elementor-element-18e8b672 elementor-section-boxed elementor-section-height-default elementor-section-height-default wpr-particle-no wpr-jarallax-no wpr-parallax-no wpr-sticky-section-no\" data-id=\"18e8b672\" data-element_type=\"section\">\n\t\t\t\t\t\t<div class=\"elementor-container elementor-column-gap-default\">\n\t\t\t\t\t<div class=\"elementor-column elementor-col-100 elementor-top-column elementor-element elementor-element-4054bfb4\" data-id=\"4054bfb4\" data-element_type=\"column\">\n\t\t\t<div class=\"elementor-widget-wrap elementor-element-populated\">\n\t\t\t\t\t\t<div class=\"elementor-element elementor-element-9b4877e elementor-widget elementor-widget-text-editor\" data-id=\"9b4877e\" data-element_type=\"widget\" data-widget_type=\"text-editor.default\">\n\t\t\t\t<div class=\"elementor-widget-container\">\n\t\t\t\t\t\t\t<!-- wp:fl-builder\/layout \/-->\n<p>\u00a0<\/p>\n<!-- wp:table -->\n<figure class=\"wp-block-table\">\n<table class=\"has-fixed-layout\">\n<tbody>\n<tr>\n<td class=\"has-text-align-center\" data-align=\"center\"><strong>\u0627\u0644\u0645\u0642\u064a\u0627\u0633<\/strong><\/td>\n<td class=\"has-text-align-center\" data-align=\"center\"><strong>\u0627\u0644\u0646\u0642\u0627\u0637<\/strong><\/td>\n<td class=\"has-text-align-center\" data-align=\"center\"><strong>\u0627\u0644\u0627\u062c\u0627\u0628\u0629<\/strong><\/td>\n<\/tr>\n<tr>\n<td class=\"has-text-align-center\" style=\"text-align: center;\" data-align=\"center\">Informatique 1<\/td>\n<td class=\"has-text-align-center\" data-align=\"center\">\u00a0<\/td>\n<td class=\"has-text-align-center\" data-align=\"center\"><a href=\"https:\/\/www.univ-oeb.dz\/FSTA\/wp-content\/uploads\/2026\/01\/amg_anneeL1_informatique1.pdf\">amg_ann\u00e9e(L1)_informatique1<\/a><\/td>\n<\/tr>\n<tr>\n<td class=\"has-text-align-center\" style=\"text-align: center;\" data-align=\"center\">Biologie<\/td>\n<td class=\"has-text-align-center\" data-align=\"center\">\u00a0<\/td>\n<td class=\"has-text-align-center\" data-align=\"center\">\u00a0<\/td>\n<\/tr>\n<tr>\n<td class=\"has-text-align-center\" style=\"text-align: center;\" data-align=\"center\">Techniques Cartographiques<\/td>\n<td class=\"has-text-align-center\" data-align=\"center\">\u00a0<\/td>\n<td class=\"has-text-align-center\" data-align=\"center\"><a href=\"https:\/\/www.univ-oeb.dz\/FSTA\/wp-content\/uploads\/2026\/01\/\u0627\u0645\u062a\u062d\u0627\u0646-\u0641\u064a-\u0645\u0627\u062f\u0629-\u062a\u0642\u0646\u064a\u0627\u062a-\u0627\u0644\u062e\u0631\u0627\u0626\u06372026-\u0627\u0644\u0627\u062c\u0627\u0628\u0629.pdf\">\u0627\u0645\u062a\u062d\u0627\u0646 \u0641\u064a \u0645\u0627\u062f\u0629 \u062a\u0642\u0646\u064a\u0627\u062a \u0627\u0644\u062e\u0631\u0627\u0626\u06372026 \u0627\u0644\u0627\u062c\u0627\u0628\u0629<\/a><\/td>\n<\/tr>\n<tr>\n<td class=\"has-text-align-center\" data-align=\"center\">\n<p style=\"text-align: center;\">Math\u00e9matiques 1: Analyse<\/p>\n<p style=\"text-align: center;\">math\u00e9matiques<\/p>\n<\/td>\n<td class=\"has-text-align-center\" data-align=\"center\">\u00a0<\/td>\n<td class=\"has-text-align-center\" data-align=\"center\"><a href=\"https:\/\/www.univ-oeb.dz\/FSTA\/wp-content\/uploads\/2026\/01\/Amenagement-amg_annee-L1_Analyse_Mathematiques.pdf\">Am\u00e9nagement amg_ann\u00e9e (L1)_Analyse_Math\u00e9matiques<\/a><\/td>\n<\/tr>\n<tr>\n<td class=\"has-text-align-center\" style=\"text-align: center;\" data-align=\"center\">Chimie<\/td>\n<td class=\"has-text-align-center\" data-align=\"center\">\u00a0<\/td>\n<td class=\"has-text-align-center\" data-align=\"center\"><a href=\"https:\/\/www.univ-oeb.dz\/FSTA\/wp-content\/uploads\/2026\/01\/amg-annee-L1-chimie.pdf\">amg-ann\u00e9e (L1)-chimie.<\/a><\/td>\n<\/tr>\n<tr>\n<td class=\"has-text-align-center\" data-align=\"center\">\n<p style=\"text-align: center;\">Analyse de l\u2019espace g\u00e9ographique et<\/p>\n<p style=\"text-align: center;\">am\u00e9nagement du territoire 1<\/p>\n<\/td>\n<td class=\"has-text-align-center\" style=\"text-align: center;\" data-align=\"center\">\u00a0<\/td>\n<td class=\"has-text-align-center\" style=\"text-align: center;\" data-align=\"center\">\u00a0<\/td>\n<\/tr>\n<tr>\n<td class=\"has-text-align-center\" style=\"text-align: center;\" data-align=\"center\">Physique 1<\/td>\n<td class=\"has-text-align-center\" data-align=\"center\">\u00a0<\/td>\n<td class=\"has-text-align-center\" data-align=\"center\"><a href=\"https:\/\/www.univ-oeb.dz\/FSTA\/wp-content\/uploads\/2026\/01\/Ex-S-1-corrige-type.pdf\">Ex S-1 &#8211; corrig\u00e9 type<\/a>\u00a0<\/td>\n<\/tr>\n<tr>\n<td class=\"has-text-align-center\" style=\"text-align: center;\" data-align=\"center\">G\u00e9ologie g\u00e9n\u00e9rale<\/td>\n<td class=\"has-text-align-center\" data-align=\"center\">\u00a0<\/td>\n<td class=\"has-text-align-center\" data-align=\"center\"><a href=\"https:\/\/www.univ-oeb.dz\/FSTA\/wp-content\/uploads\/2026\/01\/Amenagement-amg_annee-L1Geologie.docx\">Am\u00e9nagement amg_ann\u00e9e (L1)G\u00e9ologie<\/a><\/td>\n<\/tr>\n<tr>\n<td class=\"has-text-align-center\" style=\"text-align: center;\" data-align=\"center\">Langue fran\u00e7aise 1<\/td>\n<td class=\"has-text-align-center\" style=\"text-align: center;\" data-align=\"center\">\u00a0<\/td>\n<td class=\"has-text-align-center\" data-align=\"center\"><a href=\"https:\/\/www.univ-oeb.dz\/FSTA\/wp-content\/uploads\/2026\/01\/corrige\u0301-type-francais.docx\">corrige\u0301 type francais<\/a><\/td>\n<\/tr>\n<\/tbody>\n<\/table>\n<\/figure>\n<!-- \/wp:table -->\t\t\t\t\t\t<\/div>\n\t\t\t\t<\/div>\n\t\t\t\t\t<\/div>\n\t\t<\/div>\n\t\t\t\t\t<\/div>\n\t\t<\/section>\n\t\t\t\t<\/div>\n\t\t","protected":false},"excerpt":{"rendered":"<p>\u00a0 \u0627\u0644\u0645\u0642\u064a\u0627\u0633 \u0627\u0644\u0646\u0642\u0627\u0637 \u0627\u0644\u0627\u062c\u0627\u0628\u0629 Informatique 1 \u00a0 amg_ann\u00e9e(L1)_informatique1 Biologie \u00a0 \u00a0 Techniques Cartographiques \u00a0 \u0627\u0645\u062a\u062d\u0627\u0646 \u0641\u064a \u0645\u0627\u062f\u0629 \u062a\u0642\u0646\u064a\u0627\u062a \u0627\u0644\u062e\u0631\u0627\u0626\u06372026 \u0627\u0644\u0627\u062c\u0627\u0628\u0629 Math\u00e9matiques 1: Analyse math\u00e9matiques \u00a0 Am\u00e9nagement amg_ann\u00e9e (L1)_Analyse_Math\u00e9matiques Chimie \u00a0 amg-ann\u00e9e (L1)-chimie. Analyse de l\u2019espace g\u00e9ographique et am\u00e9nagement du territoire 1 \u00a0 \u00a0 Physique 1 \u00a0 Ex S-1 &#8211; corrig\u00e9 type\u00a0 G\u00e9ologie g\u00e9n\u00e9rale \u00a0 Am\u00e9nagement amg_ann\u00e9e (L1)G\u00e9ologie Langue fran\u00e7aise 1 \u00a0 corrige\u0301 type francais<\/p>\n","protected":false},"author":1,"featured_media":0,"parent":0,"menu_order":0,"comment_status":"closed","ping_status":"closed","template":"","meta":{"footnotes":""},"class_list":["post-8568","page","type-page","status-publish","hentry"],"_links":{"self":[{"href":"https:\/\/www.univ-oeb.dz\/FSTA\/wp-json\/wp\/v2\/pages\/8568","targetHints":{"allow":["GET"]}}],"collection":[{"href":"https:\/\/www.univ-oeb.dz\/FSTA\/wp-json\/wp\/v2\/pages"}],"about":[{"href":"https:\/\/www.univ-oeb.dz\/FSTA\/wp-json\/wp\/v2\/types\/page"}],"author":[{"embeddable":true,"href":"https:\/\/www.univ-oeb.dz\/FSTA\/wp-json\/wp\/v2\/users\/1"}],"replies":[{"embeddable":true,"href":"https:\/\/www.univ-oeb.dz\/FSTA\/wp-json\/wp\/v2\/comments?post=8568"}],"version-history":[{"count":53,"href":"https:\/\/www.univ-oeb.dz\/FSTA\/wp-json\/wp\/v2\/pages\/8568\/revisions"}],"predecessor-version":[{"id":10704,"href":"https:\/\/www.univ-oeb.dz\/FSTA\/wp-json\/wp\/v2\/pages\/8568\/revisions\/10704"}],"wp:attachment":[{"href":"https:\/\/www.univ-oeb.dz\/FSTA\/wp-json\/wp\/v2\/media?parent=8568"}],"curies":[{"name":"wp","href":"https:\/\/api.w.org\/{rel}","templated":true}]}}