{"id":8540,"date":"2025-01-19T09:11:45","date_gmt":"2025-01-19T08:11:45","guid":{"rendered":"https:\/\/www.univ-oeb.dz\/FSTA\/?page_id=8540"},"modified":"2026-02-02T10:32:35","modified_gmt":"2026-02-02T09:32:35","slug":"%d9%86%d9%82%d8%a7%d8%b7-%d8%a7%d9%85%d8%aa%d8%ad%d8%a7%d9%86-%d8%a7%d9%84%d8%b3%d9%86%d8%a9-%d8%a7%d9%84%d8%ab%d8%a7%d9%86%d9%8a%d8%a9-%d9%85%d8%a7%d8%b3%d8%aa%d8%b1","status":"publish","type":"page","link":"https:\/\/www.univ-oeb.dz\/FSTA\/%d9%86%d9%82%d8%a7%d8%b7-%d8%a7%d9%85%d8%aa%d8%ad%d8%a7%d9%86-%d8%a7%d9%84%d8%b3%d9%86%d8%a9-%d8%a7%d9%84%d8%ab%d8%a7%d9%86%d9%8a%d8%a9-%d9%85%d8%a7%d8%b3%d8%aa%d8%b1\/","title":{"rendered":"\u0646\u0642\u0627\u0637 \u0627\u0644\u0633\u0646\u0629 \u0627\u0644\u062b\u0627\u0646\u064a\u0629 \u0645\u0627\u0633\u062a\u0631 \u062c\u064a\u0648\u0644\u0648\u062c\u064a\u0627 \u0627\u0644\u0633\u062f\u0627\u0633\u064a \u0627\u0644\u0627\u0648\u0644 2025-2026"},"content":{"rendered":"\t\t<div data-elementor-type=\"wp-page\" data-elementor-id=\"8540\" class=\"elementor elementor-8540\">\n\t\t\t\t\t\t<section class=\"elementor-section elementor-top-section elementor-element elementor-element-63ce2c32 elementor-section-boxed elementor-section-height-default elementor-section-height-default wpr-particle-no wpr-jarallax-no wpr-parallax-no wpr-sticky-section-no\" data-id=\"63ce2c32\" data-element_type=\"section\">\n\t\t\t\t\t\t<div class=\"elementor-container elementor-column-gap-default\">\n\t\t\t\t\t<div class=\"elementor-column elementor-col-100 elementor-top-column elementor-element elementor-element-3e71b6c3\" data-id=\"3e71b6c3\" data-element_type=\"column\">\n\t\t\t<div class=\"elementor-widget-wrap elementor-element-populated\">\n\t\t\t\t\t\t<div class=\"elementor-element elementor-element-106f5824 elementor-widget elementor-widget-text-editor\" data-id=\"106f5824\" data-element_type=\"widget\" data-widget_type=\"text-editor.default\">\n\t\t\t\t<div class=\"elementor-widget-container\">\n\t\t\t\t\t\t\t<!-- wp:fl-builder\/layout \/-->\n<p>\u00a0<\/p>\n<!-- wp:table -->\n<figure class=\"wp-block-table\">\n<table class=\"has-fixed-layout\">\n<tbody>\n<tr>\n<td class=\"has-text-align-center\" data-align=\"center\"><strong>\u0627\u0644\u0645\u0642\u064a\u0627\u0633<\/strong><\/td>\n<td class=\"has-text-align-center\" data-align=\"center\"><strong>\u0627\u0644\u0646\u0642\u0627\u0637<\/strong><\/td>\n<td class=\"has-text-align-center\" data-align=\"center\"><strong>\u0627\u0644\u0627\u062c\u0627\u0628\u0629<\/strong><\/td>\n<\/tr>\n<tr>\n<td class=\"has-text-align-center\" data-align=\"center\">G\u00e9ochimie isotopique<\/td>\n<td class=\"has-text-align-center\" data-align=\"center\"><a href=\"https:\/\/www.univ-oeb.dz\/FSTA\/wp-content\/uploads\/2026\/01\/Geochimie_isotopique_SECTION-1-8.pdf\">G\u00e9ochimie_isotopique_SECTION 1 (8)<\/a><\/td>\n<td class=\"has-text-align-center\" data-align=\"center\"><a href=\"https:\/\/www.univ-oeb.dz\/FSTA\/wp-content\/uploads\/2026\/01\/GEOLOGIE_Corrige-type-Geochimie-isotopique_M2_S1_2026.pdf\">GEOLOGIE_Corrig\u00e9 type G\u00e9ochimie isotopique_M2_S1_2026<\/a><\/td>\n<\/tr>\n<tr>\n<td class=\"has-text-align-center\" data-align=\"center\">Analyses s\u00e9quentielles<\/td>\n<td class=\"has-text-align-center\" data-align=\"center\">\n<p><a href=\"https:\/\/www.univ-oeb.dz\/FSTA\/wp-content\/uploads\/2026\/01\/Dpt_Geologie_Notes-Controle-Analyse-sequentielle-M2.pdf\">Dpt_G\u00e9ologie_Notes Controle Analyse s\u00e9quentielle M2<\/a><\/p>\n<p><a href=\"https:\/\/www.univ-oeb.dz\/FSTA\/wp-content\/uploads\/2026\/01\/Dpt_Geologie_Notes-TD-Analyse-sequentielle-M2.pdf\">Dpt_G\u00e9ologie_Notes TD Analyse s\u00e9quentielle M2<\/a><\/p>\n<\/td>\n<td class=\"has-text-align-center\" data-align=\"center\"><a href=\"https:\/\/www.univ-oeb.dz\/FSTA\/wp-content\/uploads\/2026\/01\/Dpt-Geologie_Corrige-type_Controle-Analyse-sequentielle-M2.pdf\">Dpt G\u00e9ologie_Corrig\u00e9 type_Controle Analyse s\u00e9quentielle M2<\/a><\/td>\n<\/tr>\n<tr>\n<td class=\"has-text-align-center\" data-align=\"center\">Biom\u00e9tries et biostatistiques<\/td>\n<td class=\"has-text-align-center\" data-align=\"center\"><a href=\"https:\/\/www.univ-oeb.dz\/FSTA\/wp-content\/uploads\/2026\/01\/Note-controle-Biomtrie-et-biostatistique.-Master-2-geologie.xlsx\">Note controle Biomtrie et biostatistique. Master 2 g\u00e9ologie<\/a><\/td>\n<td class=\"has-text-align-center\" data-align=\"center\"><a href=\"https:\/\/www.univ-oeb.dz\/FSTA\/wp-content\/uploads\/2026\/01\/sujet-controle-et-solution-Biometries-et-biostatistiques-Master-2-geologie.pdf\">sujet controle et solution Biom\u00e9tries et biostatistiques Master 2 g\u00e9ologie<\/a><\/td>\n<\/tr>\n<tr>\n<td class=\"has-text-align-center\" data-align=\"center\">Stratigraphie s\u00e9quentielle et<br \/>g\u00e9n\u00e9tique<\/td>\n<td class=\"has-text-align-center\" data-align=\"center\">\n<p>\u00a0<\/p>\n<p><a href=\"https:\/\/www.univ-oeb.dz\/FSTA\/wp-content\/uploads\/2026\/01\/PV-Notes-C.C.-Stratigraphie-Sequentielle-et-Genetique.-Geologie.-M2.-S1.-2025.2026-.pdf\">PV Notes C.C. Stratigraphie S\u00e9quentielle et G\u00e9n\u00e9tique. G\u00e9ologie. M2. S1. 2025.2026<\/a><\/p>\n<p><a href=\"https:\/\/www.univ-oeb.dz\/FSTA\/wp-content\/uploads\/2026\/01\/PV-Notes-Examen-Stratigraphie-Sequentielle-et-Genetique.-Geologie.-M2.-S1.-2025.2026-1.pdf\">PV Notes Examen Stratigraphie S\u00e9quentielle et G\u00e9n\u00e9tique. G\u00e9ologie. M2. S1. 2025.2026 (1)<\/a><\/p>\n<\/td>\n<td class=\"has-text-align-center\" data-align=\"center\"><a href=\"https:\/\/www.univ-oeb.dz\/FSTA\/wp-content\/uploads\/2026\/01\/Examen-Stratigraphie-Sequentielle-Corrige-Type.-2eme-Annee-Mastere.-15.01.2026-.pdf\">Examen Stratigraphie S\u00e9quentielle + Corrig\u00e9 Type. 2\u00e8me Ann\u00e9e Mast\u00e8re. 15.01.2026<\/a><\/td>\n<\/tr>\n<tr>\n<td class=\"has-text-align-center\" data-align=\"center\">M\u00e9thodologie de recherches<\/td>\n<td class=\"has-text-align-center\" data-align=\"center\">\n<p>\u00a0<\/p>\n<p><a href=\"https:\/\/www.univ-oeb.dz\/FSTA\/wp-content\/uploads\/2026\/01\/Notes-EMD-Methodologie_de_recherches_PV.pdf\">Notes EMD M\u00e9thodologie_de_recherches_PV<\/a><\/p>\n<\/td>\n<td class=\"has-text-align-center\" data-align=\"center\"><a href=\"https:\/\/www.univ-oeb.dz\/FSTA\/wp-content\/uploads\/2026\/01\/EMD-M2-Methodologie-de-Recherche-Correge-type.docx\">EMD M2 M\u00e9thodologie de Recherche Corr\u00e9g\u00e9 type<\/a><\/td>\n<\/tr>\n<tr>\n<td class=\"has-text-align-center\" data-align=\"center\">Pal\u00e9o\u00e9cologie<\/td>\n<td class=\"has-text-align-center\" data-align=\"center\">\u00a0<\/td>\n<td class=\"has-text-align-center\" data-align=\"center\">\u00a0<\/td>\n<\/tr>\n<tr>\n<td class=\"has-text-align-center\" data-align=\"center\">Anglais scientifique<\/td>\n<td class=\"has-text-align-center\" data-align=\"center\">\u00a0<\/td>\n<td class=\"has-text-align-center\" data-align=\"center\"><a href=\"https:\/\/www.univ-oeb.dz\/FSTA\/wp-content\/uploads\/2026\/01\/examens-de-remplacement-S1-dep-architecture-2025-2026.pdf\">examens de remplacement S1 dep architecture 2025 2026<\/a><\/td>\n<\/tr>\n<tr>\n<td class=\"has-text-align-center\" data-align=\"center\">Pal\u00e9o-biodiversit\u00e9 et pal\u00e9o-<br \/>biog\u00e9ographie<\/td>\n<td class=\"has-text-align-center\" data-align=\"center\">\u00a0<\/td>\n<td class=\"has-text-align-center\" data-align=\"center\">\u00a0<\/td>\n<\/tr>\n<tr>\n<td class=\"has-text-align-center\" data-align=\"center\">Ressources min\u00e9rales et<br \/>\u00e9nerg\u00e9tiques (appliqu\u00e9s aux<br \/>corps s\u00e9dimentaires)<\/td>\n<td class=\"has-text-align-center\" data-align=\"center\"><a href=\"https:\/\/www.univ-oeb.dz\/FSTA\/wp-content\/uploads\/2026\/01\/Ressources_minerales_et_energetiques_appliquees_aux_corps_sedimentaires_-geo-M2.pdf\">Ressources_min\u00e9rales_et_\u00e9nerg\u00e9tiques_(appliqu\u00e9es_aux_corps_s\u00e9dimentaires)_ geo M2<\/a><\/td>\n<td class=\"has-text-align-center\" data-align=\"center\"><a href=\"https:\/\/www.univ-oeb.dz\/FSTA\/wp-content\/uploads\/2026\/01\/Corrige-type-Examen-ressources-minerales-2-Master-2026.docx\">Corrig\u00e9 type Examen ressources min\u00e9rales 2 Master 2026<\/a><\/td>\n<\/tr>\n<tr>\n<td class=\"has-text-align-center\" data-align=\"center\">Entrepreneuriat<\/td>\n<td class=\"has-text-align-center\" data-align=\"center\">\u00a0<\/td>\n<td class=\"has-text-align-center\" data-align=\"center\">\u00a0<\/td>\n<\/tr>\n<\/tbody>\n<\/table>\n<\/figure>\n<!-- \/wp:table -->\t\t\t\t\t\t<\/div>\n\t\t\t\t<\/div>\n\t\t\t\t\t<\/div>\n\t\t<\/div>\n\t\t\t\t\t<\/div>\n\t\t<\/section>\n\t\t\t\t<\/div>\n\t\t","protected":false},"excerpt":{"rendered":"<p>\u00a0 \u0627\u0644\u0645\u0642\u064a\u0627\u0633 \u0627\u0644\u0646\u0642\u0627\u0637 \u0627\u0644\u0627\u062c\u0627\u0628\u0629 G\u00e9ochimie isotopique G\u00e9ochimie_isotopique_SECTION 1 (8) GEOLOGIE_Corrig\u00e9 type G\u00e9ochimie isotopique_M2_S1_2026 Analyses s\u00e9quentielles Dpt_G\u00e9ologie_Notes Controle Analyse s\u00e9quentielle M2 Dpt_G\u00e9ologie_Notes TD Analyse s\u00e9quentielle M2 Dpt G\u00e9ologie_Corrig\u00e9 type_Controle Analyse s\u00e9quentielle M2 Biom\u00e9tries et biostatistiques Note controle Biomtrie et biostatistique. Master 2 g\u00e9ologie sujet controle et solution Biom\u00e9tries et biostatistiques Master 2 g\u00e9ologie Stratigraphie s\u00e9quentielle etg\u00e9n\u00e9tique \u00a0 PV Notes C.C. Stratigraphie S\u00e9quentielle et G\u00e9n\u00e9tique. G\u00e9ologie. M2. S1. 2025.2026 PV Notes Examen Stratigraphie S\u00e9quentielle et G\u00e9n\u00e9tique. G\u00e9ologie. M2. S1. 2025.2026 (1) Examen Stratigraphie S\u00e9quentielle + Corrig\u00e9 Type. 2\u00e8me Ann\u00e9e Mast\u00e8re. 15.01.2026 M\u00e9thodologie de recherches \u00a0 Notes EMD M\u00e9thodologie_de_recherches_PV EMD M2 M\u00e9thodologie de Recherche Corr\u00e9g\u00e9 type Pal\u00e9o\u00e9cologie \u00a0 \u00a0 Anglais scientifique \u00a0 examens de remplacement S1 dep architecture 2025 2026 Pal\u00e9o-biodiversit\u00e9 et pal\u00e9o-biog\u00e9ographie \u00a0 \u00a0 Ressources min\u00e9rales et\u00e9nerg\u00e9tiques (appliqu\u00e9s auxcorps s\u00e9dimentaires) Ressources_min\u00e9rales_et_\u00e9nerg\u00e9tiques_(appliqu\u00e9es_aux_corps_s\u00e9dimentaires)_ geo M2 Corrig\u00e9 type Examen ressources min\u00e9rales 2 Master 2026 Entrepreneuriat \u00a0 \u00a0<\/p>\n","protected":false},"author":1,"featured_media":0,"parent":0,"menu_order":0,"comment_status":"closed","ping_status":"closed","template":"","meta":{"footnotes":""},"class_list":["post-8540","page","type-page","status-publish","hentry"],"_links":{"self":[{"href":"https:\/\/www.univ-oeb.dz\/FSTA\/wp-json\/wp\/v2\/pages\/8540","targetHints":{"allow":["GET"]}}],"collection":[{"href":"https:\/\/www.univ-oeb.dz\/FSTA\/wp-json\/wp\/v2\/pages"}],"about":[{"href":"https:\/\/www.univ-oeb.dz\/FSTA\/wp-json\/wp\/v2\/types\/page"}],"author":[{"embeddable":true,"href":"https:\/\/www.univ-oeb.dz\/FSTA\/wp-json\/wp\/v2\/users\/1"}],"replies":[{"embeddable":true,"href":"https:\/\/www.univ-oeb.dz\/FSTA\/wp-json\/wp\/v2\/comments?post=8540"}],"version-history":[{"count":71,"href":"https:\/\/www.univ-oeb.dz\/FSTA\/wp-json\/wp\/v2\/pages\/8540\/revisions"}],"predecessor-version":[{"id":11085,"href":"https:\/\/www.univ-oeb.dz\/FSTA\/wp-json\/wp\/v2\/pages\/8540\/revisions\/11085"}],"wp:attachment":[{"href":"https:\/\/www.univ-oeb.dz\/FSTA\/wp-json\/wp\/v2\/media?parent=8540"}],"curies":[{"name":"wp","href":"https:\/\/api.w.org\/{rel}","templated":true}]}}