{"id":4364,"date":"2024-05-22T14:28:47","date_gmt":"2024-05-22T13:28:47","guid":{"rendered":"https:\/\/www.univ-oeb.dz\/FSTA\/?page_id=4364"},"modified":"2026-01-29T12:33:41","modified_gmt":"2026-01-29T11:33:41","slug":"4364-2","status":"publish","type":"page","link":"https:\/\/www.univ-oeb.dz\/FSTA\/4364-2\/","title":{"rendered":"\u0646\u0642\u0627\u0637 \u0627\u0644\u0633\u0646\u0629 \u0627\u0648\u0644\u0649 \u0645\u0627\u0633\u062a\u0631 \u062c\u064a\u0648\u0644\u0648\u062c\u064a\u0627 \u0627\u0644\u0633\u062f\u0627\u0633\u064a \u0627\u0644\u0627\u0648\u0644 2025-2026"},"content":{"rendered":"\t\t<div data-elementor-type=\"wp-page\" data-elementor-id=\"4364\" class=\"elementor elementor-4364\">\n\t\t\t\t\t\t<section class=\"elementor-section elementor-top-section elementor-element elementor-element-42fe2d9c elementor-section-full_width elementor-section-height-default elementor-section-height-default wpr-particle-no wpr-jarallax-no wpr-parallax-no wpr-sticky-section-no\" data-id=\"42fe2d9c\" data-element_type=\"section\">\n\t\t\t\t\t\t<div class=\"elementor-container elementor-column-gap-no\">\n\t\t\t\t\t<div class=\"elementor-column elementor-col-100 elementor-top-column elementor-element elementor-element-5016ad34\" data-id=\"5016ad34\" data-element_type=\"column\">\n\t\t\t<div class=\"elementor-widget-wrap elementor-element-populated\">\n\t\t\t\t\t\t<div class=\"elementor-element elementor-element-128503f3 elementor-widget__width-inherit elementor-widget elementor-widget-text-editor\" data-id=\"128503f3\" data-element_type=\"widget\" data-widget_type=\"text-editor.default\">\n\t\t\t\t<div class=\"elementor-widget-container\">\n\t\t\t\t\t\t\t<!-- wp:paragraph -->\n<p style=\"text-align: center;\"><strong>\u0646\u0642\u0627\u0637 \u0627\u0648\u0644\u0649 \u0645\u0627\u0633\u062a\u0631<\/strong><\/p>\n<!-- \/wp:paragraph --><!-- wp:table -->\n<figure class=\"wp-block-table\">\n<table style=\"height: 666px;\" width=\"888\">\n<tbody>\n<tr>\n<td>\u00a0\u00a0\u00a0\u00a0 \u00a0\u00a0\u00a0\u00a0\u00a0\u00a0\u00a0\u00a0\u00a0\u00a0\u00a0\u00a0\u00a0\u00a0\u00a0\u00a0\u00a0\u00a0\u00a0\u00a0\u00a0\u00a0\u00a0\u00a0\u00a0\u00a0\u00a0\u00a0\u00a0 \u0627\u0644\u0645\u0648\u0627\u062f<\/td>\n<td><strong>\u0627\u0644\u0639\u0644\u0627\u0645\u0629<\/strong><\/td>\n<td><strong>\u0627\u0644\u0627\u062c\u0627\u0628\u0629 \u0627\u0644\u0646\u0645\u0648\u0630\u062c\u064a\u0629<\/strong><\/td>\n<\/tr>\n<tr>\n<td>Analyse structurale<\/td>\n<td><a href=\"https:\/\/www.univ-oeb.dz\/FSTA\/wp-content\/uploads\/2026\/01\/Analyse_structurale_geo-m1.pdf\">Analyse_structurale_geo m1<\/a><\/td>\n<td><a href=\"https:\/\/www.univ-oeb.dz\/FSTA\/wp-content\/uploads\/2026\/01\/geologie-corrige-type-de-rattrapage-analyse-structurale-1-Master-2026.docx\">g\u00e9ologie corrig\u00e9 type de rattrapage analyse structurale 1 Master 2026<\/a><\/td>\n<\/tr>\n<tr>\n<td>G\u00e9ologie r\u00e9gionale<\/td>\n<td><a href=\"https:\/\/www.univ-oeb.dz\/FSTA\/wp-content\/uploads\/2026\/01\/M1S1.pdf\">M1S1<\/a><\/td>\n<td><a href=\"https:\/\/www.univ-oeb.dz\/FSTA\/wp-content\/uploads\/2026\/01\/Corrige-type-Geologie-Regionale-Examen-M1-S12026.pdf\">Corrig\u00e9 type G\u00e9ologie R\u00e9gionale Examen M1 S12026<\/a><\/td>\n<\/tr>\n<tr>\n<td>T\u00e9l\u00e9d\u00e9tection et SIG<\/td>\n<td>\u00a0<\/td>\n<td>\u00a0<\/td>\n<\/tr>\n<tr>\n<td>Pal\u00e9obioenvironnement<\/td>\n<td>\n<p><a href=\"https:\/\/www.univ-oeb.dz\/FSTA\/wp-content\/uploads\/2026\/01\/Notes-EMD-Paleobioenvironnements_PV.pdf\">Notes EMD <\/a><\/p>\n<p>\u00a0<\/p>\n<p><a href=\"https:\/\/www.univ-oeb.dz\/FSTA\/wp-content\/uploads\/2026\/01\/pv_Paleobioenvironnements_cc.pdf\">pv_Pal\u00e9obioenvironnements_cc<\/a><\/p>\n<p>\u00a0<\/p>\n<p>\u00a0<\/p>\n<\/td>\n<td><a href=\"https:\/\/www.univ-oeb.dz\/FSTA\/wp-content\/uploads\/2026\/01\/EMD-M1-Paleobioenvireonnement-Corrige-type.docx\">EMD M1 Pal\u00e9obioenvireonnement Corrig\u00e9 type<\/a><\/td>\n<\/tr>\n<tr>\n<td>Stratigraphie int\u00e9gr\u00e9e et<br \/>chronologie des s\u00e9ries<br \/>s\u00e9dimentaires<\/td>\n<td>\n<p><a href=\"https:\/\/www.univ-oeb.dz\/FSTA\/wp-content\/uploads\/2026\/01\/Dpt_Geologie_Notes-TD-Stratigraphie-integree-M1.pdf\">Dpt_G\u00e9ologie_Notes TD Stratigraphie int\u00e9gr\u00e9e M1<\/a><\/p>\n<p><a href=\"https:\/\/www.univ-oeb.dz\/FSTA\/wp-content\/uploads\/2026\/01\/PV-Notes-Examen-Stratigraphie-Integree-et-Chrono.-S.S.-Geologie.-M1.-S1.-2025.2026-.pdf\">PV Notes Examen Stratigraphie Int\u00e9gr\u00e9e et Chrono. S.S. G\u00e9ologie. M1. S1. 2025.2026<\/a><\/p>\n<p><a href=\"https:\/\/www.univ-oeb.dz\/FSTA\/wp-content\/uploads\/2026\/01\/PV-Notes-C.C.-Stratigraphie-Integree-et-Chrono.-S.S.-Geologie.-M1.-S1.-2025.2026-.pdf\">PV Notes C.C. Stratigraphie Int\u00e9gr\u00e9e et Chrono. S.S. G\u00e9ologie. M1. S1. 2025.2026<\/a><\/p>\n<\/td>\n<td><a href=\"https:\/\/www.univ-oeb.dz\/FSTA\/wp-content\/uploads\/2026\/01\/Examen-Stratigraphie-Integree-et-Chrono.-S.S.-Corrige-Type.-1ere-Annee-Mastere.-15.01.2026-.pdf\">Examen Stratigraphie Int\u00e9gr\u00e9e et Chrono. S.S. + Corrig\u00e9 Type. 1\u00e8re Ann\u00e9e Mast\u00e8re. 15.01.2026<\/a><\/td>\n<\/tr>\n<tr>\n<td>G\u00e9odynamique des bassins<br \/>s\u00e9dimentaires<\/td>\n<td>\n<p>\u00a0<\/p>\n<p><a href=\"https:\/\/www.univ-oeb.dz\/FSTA\/wp-content\/uploads\/2026\/01\/PV-Notes-Examen-Geodynamique-des-bassins.-Geologie.-M1.-S1.-2025.2026-.pdf\">PV Notes Examen G\u00e9odynamique des bassins. G\u00e9ologie. M1. S1. 2025.2026<\/a><\/p>\n<p><a href=\"https:\/\/www.univ-oeb.dz\/FSTA\/wp-content\/uploads\/2026\/01\/PV-Notes-C.C.-Geodynamique-des-bassins.-Geologie.-M1.-S1.-2025.2026-.pdf\">PV Notes C.C. G\u00e9odynamique des bassins. G\u00e9ologie. M1. S1. 2025.2026<\/a><\/p>\n<p>\u00a0<\/p>\n<\/td>\n<td><a href=\"https:\/\/www.univ-oeb.dz\/FSTA\/wp-content\/uploads\/2026\/01\/Examen-Geodynamqiue-des-Bassins-Corrige-Type.-1ere-Annee-Mastere.-18.-01.-2026-.pdf\">Examen G\u00e9odynamqiue des Bassins + Corrig\u00e9 Type. 1\u00e8re Ann\u00e9e Mast\u00e8re. 18. 01. 2026<\/a><\/td>\n<\/tr>\n<tr>\n<td>Typologie des structures<br \/>s\u00e9dimentaires<\/td>\n<td>\u00a0<\/td>\n<td><a href=\"https:\/\/www.univ-oeb.dz\/FSTA\/wp-content\/uploads\/2026\/01\/Typology-exam-with-correction.docx\">Typology exam with correction<\/a><\/td>\n<\/tr>\n<tr>\n<td>M\u00e9thodes d\u2019\u00e9tude des s\u00e9ries<br \/>s\u00e9dimentaires<\/td>\n<td>\u00a0<\/td>\n<td><a href=\"https:\/\/www.univ-oeb.dz\/FSTA\/wp-content\/uploads\/2026\/01\/Sedimentary-Methods-exam-with-corretion.docx\">Sedimentary Methods exam with corretion<\/a><\/td>\n<\/tr>\n<\/tbody>\n<\/table>\n<\/figure>\n<!-- \/wp:table --><!-- wp:file {\"id\":4409,\"href\":\"https:\/\/www.univ-oeb.dz\/FSTA\/wp-content\/uploads\/2024\/05\/Scientific-English-exam-with-correction-final-2023-2024-Master-1-sem-2.docx\"} -->\n<div class=\"wp-block-file\"><a class=\"wp-block-file__button wp-element-button\" href=\"https:\/\/www.univ-oeb.dz\/FSTA\/wp-content\/uploads\/2024\/05\/Scientific-English-exam-with-correction-final-2023-2024-Master-1-sem-2.docx\" download=\"\">T\u00e9l\u00e9charger<\/a><\/div>\n<!-- \/wp:file -->\t\t\t\t\t\t<\/div>\n\t\t\t\t<\/div>\n\t\t\t\t\t<\/div>\n\t\t<\/div>\n\t\t\t\t\t<\/div>\n\t\t<\/section>\n\t\t\t\t<section class=\"elementor-section elementor-top-section elementor-element elementor-element-7eb1cd6 elementor-section-full_width elementor-section-height-default elementor-section-height-default wpr-particle-no wpr-jarallax-no wpr-parallax-no wpr-sticky-section-no\" data-id=\"7eb1cd6\" data-element_type=\"section\">\n\t\t\t\t\t\t<div class=\"elementor-container elementor-column-gap-no\">\n\t\t\t\t\t<div class=\"elementor-column elementor-col-100 elementor-top-column elementor-element elementor-element-2590857\" data-id=\"2590857\" data-element_type=\"column\">\n\t\t\t<div class=\"elementor-widget-wrap elementor-element-populated\">\n\t\t\t\t\t\t<div class=\"elementor-element elementor-element-7a18597 elementor-widget elementor-widget-text-editor\" data-id=\"7a18597\" data-element_type=\"widget\" data-widget_type=\"text-editor.default\">\n\t\t\t\t<div class=\"elementor-widget-container\">\n\t\t\t\t\t\t\t<table width=\"651\">\n<tbody>\n<tr>\n<td width=\"304\">\n<p>Anglais scientifique<\/p>\n<\/td>\n<td width=\"180\">\n<p>\u0631\u0644\u0627\u0624\u0649\u0624\u0649<\/p>\n<\/td>\n<td width=\"168\">\n<p>\u00a0<\/p>\n<\/td>\n<\/tr>\n<tr>\n<td width=\"304\">\n<p style=\"text-align: center;\">\u00a0<\/p>\n<\/td>\n<td width=\"180\">\n<p>\u00a0<\/p>\n<\/td>\n<td width=\"168\">\n<p>\u00a0<\/p>\n<\/td>\n<\/tr>\n<tr>\n<td width=\"304\">\n<p>\u00a0<\/p>\n<\/td>\n<td width=\"180\">\n<p>\u00a0<\/p>\n<p>\u00a0<\/p>\n<p>\u00a0<\/p>\n<\/td>\n<td width=\"168\">\n<p>\u00a0<\/p>\n<\/td>\n<\/tr>\n<tr>\n<td width=\"304\">\n<p>\u00a0<\/p>\n<\/td>\n<td width=\"180\">\n<p>\u00a0<\/p>\n<p>\u00a0<\/p>\n<\/td>\n<td width=\"168\">\n<p>\u00a0<\/p>\n<\/td>\n<\/tr>\n<tr>\n<td width=\"304\">\n<p>\u00a0<\/p>\n<\/td>\n<td width=\"180\">\n<p>\u00a0<\/p>\n<p>\u00a0<\/p>\n<p>\u00a0<\/p>\n<\/td>\n<td width=\"168\">\n<p>\u00a0<\/p>\n<\/td>\n<\/tr>\n<tr>\n<td width=\"304\">\n<p>\u00a0<\/p>\n<\/td>\n<td width=\"180\">\n<p>\u00a0<\/p>\n<\/td>\n<td width=\"168\">\n<p>\u00a0<\/p>\n<\/td>\n<\/tr>\n<tr>\n<td width=\"304\">\n<p>\u00a0<\/p>\n<\/td>\n<td width=\"180\">\n<p>\u00a0<\/p>\n<p>\u00a0<\/p>\n<p>\u00a0<\/p>\n<\/td>\n<td width=\"168\">\n<p>\u00a0<\/p>\n<\/td>\n<\/tr>\n<tr>\n<td width=\"304\">\n<p>\u00a0<\/p>\n<\/td>\n<td width=\"180\">\n<p>\u00a0<\/p>\n<\/td>\n<td width=\"168\">\n<p>\u00a0<\/p>\n<\/td>\n<\/tr>\n<tr>\n<td width=\"304\">\n<p>\u00a0<\/p>\n<\/td>\n<td width=\"180\">\n<p>\u00a0<\/p>\n<\/td>\n<td width=\"168\">\n<p>\u00a0<\/p>\n<\/td>\n<\/tr>\n<\/tbody>\n<\/table>\n<p>\u00a0<\/p>\t\t\t\t\t\t<\/div>\n\t\t\t\t<\/div>\n\t\t\t\t\t<\/div>\n\t\t<\/div>\n\t\t\t\t\t<\/div>\n\t\t<\/section>\n\t\t\t\t<\/div>\n\t\t","protected":false},"excerpt":{"rendered":"<p>\u0646\u0642\u0627\u0637 \u0627\u0648\u0644\u0649 \u0645\u0627\u0633\u062a\u0631 \u00a0\u00a0\u00a0\u00a0 \u00a0\u00a0\u00a0\u00a0\u00a0\u00a0\u00a0\u00a0\u00a0\u00a0\u00a0\u00a0\u00a0\u00a0\u00a0\u00a0\u00a0\u00a0\u00a0\u00a0\u00a0\u00a0\u00a0\u00a0\u00a0\u00a0\u00a0\u00a0\u00a0 \u0627\u0644\u0645\u0648\u0627\u062f \u0627\u0644\u0639\u0644\u0627\u0645\u0629 \u0627\u0644\u0627\u062c\u0627\u0628\u0629 \u0627\u0644\u0646\u0645\u0648\u0630\u062c\u064a\u0629 Analyse structurale Analyse_structurale_geo m1 g\u00e9ologie corrig\u00e9 type de rattrapage analyse structurale 1 Master 2026 G\u00e9ologie r\u00e9gionale M1S1 Corrig\u00e9 type G\u00e9ologie R\u00e9gionale Examen M1 S12026 T\u00e9l\u00e9d\u00e9tection et SIG \u00a0 \u00a0 Pal\u00e9obioenvironnement Notes EMD \u00a0 pv_Pal\u00e9obioenvironnements_cc \u00a0 \u00a0 EMD M1 Pal\u00e9obioenvireonnement Corrig\u00e9 type Stratigraphie int\u00e9gr\u00e9e etchronologie des s\u00e9riess\u00e9dimentaires Dpt_G\u00e9ologie_Notes TD Stratigraphie int\u00e9gr\u00e9e M1 PV Notes Examen Stratigraphie Int\u00e9gr\u00e9e et Chrono. S.S. G\u00e9ologie. M1. S1. 2025.2026 PV Notes C.C. Stratigraphie Int\u00e9gr\u00e9e et Chrono. S.S. G\u00e9ologie. M1. S1. 2025.2026 Examen Stratigraphie Int\u00e9gr\u00e9e et Chrono. S.S. + Corrig\u00e9 Type. 1\u00e8re Ann\u00e9e Mast\u00e8re. 15.01.2026 G\u00e9odynamique des bassinss\u00e9dimentaires \u00a0 PV Notes Examen G\u00e9odynamique des bassins. G\u00e9ologie. M1. S1. 2025.2026 PV Notes C.C. G\u00e9odynamique des bassins. G\u00e9ologie. M1. S1. 2025.2026 \u00a0 Examen G\u00e9odynamqiue des Bassins + Corrig\u00e9 Type. 1\u00e8re Ann\u00e9e Mast\u00e8re. 18. 01. 2026 Typologie des structuress\u00e9dimentaires \u00a0 Typology exam with correction M\u00e9thodes d\u2019\u00e9tude des s\u00e9riess\u00e9dimentaires \u00a0 Sedimentary Methods exam with corretion T\u00e9l\u00e9charger Anglais scientifique \u0631\u0644\u0627\u0624\u0649\u0624\u0649 \u00a0 \u00a0 \u00a0 \u00a0 \u00a0 \u00a0 \u00a0 \u00a0 \u00a0 \u00a0 \u00a0 \u00a0 \u00a0 \u00a0 \u00a0 \u00a0 \u00a0 \u00a0 \u00a0 \u00a0 \u00a0 \u00a0 \u00a0 \u00a0 \u00a0 \u00a0 \u00a0 \u00a0 \u00a0 \u00a0 \u00a0 \u00a0 \u00a0<\/p>\n","protected":false},"author":1,"featured_media":0,"parent":0,"menu_order":0,"comment_status":"closed","ping_status":"closed","template":"","meta":{"footnotes":""},"class_list":["post-4364","page","type-page","status-publish","hentry"],"_links":{"self":[{"href":"https:\/\/www.univ-oeb.dz\/FSTA\/wp-json\/wp\/v2\/pages\/4364","targetHints":{"allow":["GET"]}}],"collection":[{"href":"https:\/\/www.univ-oeb.dz\/FSTA\/wp-json\/wp\/v2\/pages"}],"about":[{"href":"https:\/\/www.univ-oeb.dz\/FSTA\/wp-json\/wp\/v2\/types\/page"}],"author":[{"embeddable":true,"href":"https:\/\/www.univ-oeb.dz\/FSTA\/wp-json\/wp\/v2\/users\/1"}],"replies":[{"embeddable":true,"href":"https:\/\/www.univ-oeb.dz\/FSTA\/wp-json\/wp\/v2\/comments?post=4364"}],"version-history":[{"count":127,"href":"https:\/\/www.univ-oeb.dz\/FSTA\/wp-json\/wp\/v2\/pages\/4364\/revisions"}],"predecessor-version":[{"id":10978,"href":"https:\/\/www.univ-oeb.dz\/FSTA\/wp-json\/wp\/v2\/pages\/4364\/revisions\/10978"}],"wp:attachment":[{"href":"https:\/\/www.univ-oeb.dz\/FSTA\/wp-json\/wp\/v2\/media?parent=4364"}],"curies":[{"name":"wp","href":"https:\/\/api.w.org\/{rel}","templated":true}]}}