{"id":4351,"date":"2024-05-22T14:20:36","date_gmt":"2024-05-22T13:20:36","guid":{"rendered":"https:\/\/www.univ-oeb.dz\/FSTA\/?page_id=4351"},"modified":"2026-01-29T11:52:19","modified_gmt":"2026-01-29T10:52:19","slug":"4351-2","status":"publish","type":"page","link":"https:\/\/www.univ-oeb.dz\/FSTA\/4351-2\/","title":{"rendered":"\u0646\u0642\u0627\u0637 \u0627\u0644\u0633\u0646\u0629 \u0627\u0644\u062b\u0627\u0646\u064a\u0629 \u0644\u064a\u0633\u0627\u0646\u0633 \u062c\u064a\u0648\u0644\u0648\u062c\u064a\u0627 \u0627\u0644\u0633\u062f\u0627\u0633\u064a \u0627\u0644\u0627\u0648\u0644 2025-2026"},"content":{"rendered":"\t\t<div data-elementor-type=\"wp-page\" data-elementor-id=\"4351\" class=\"elementor elementor-4351\">\n\t\t\t\t\t\t<section class=\"elementor-section elementor-top-section elementor-element elementor-element-5c6b486b elementor-section-boxed elementor-section-height-default elementor-section-height-default wpr-particle-no wpr-jarallax-no wpr-parallax-no wpr-sticky-section-no\" data-id=\"5c6b486b\" data-element_type=\"section\">\n\t\t\t\t\t\t<div class=\"elementor-container elementor-column-gap-default\">\n\t\t\t\t\t<div class=\"elementor-column elementor-col-100 elementor-top-column elementor-element elementor-element-387250c2\" data-id=\"387250c2\" data-element_type=\"column\">\n\t\t\t<div class=\"elementor-widget-wrap elementor-element-populated\">\n\t\t\t\t\t\t<div class=\"elementor-element elementor-element-3d29d667 elementor-widget elementor-widget-text-editor\" data-id=\"3d29d667\" data-element_type=\"widget\" data-widget_type=\"text-editor.default\">\n\t\t\t\t<div class=\"elementor-widget-container\">\n\t\t\t\t\t\t\t<!-- wp:paragraph -->\n<p>\u0646\u0642\u0627\u0637 \u0627\u0644\u0633\u0646\u0629 \u0627\u0644\u062b\u0627\u0646\u064a\u0629<\/p>\n<!-- \/wp:paragraph --><!-- wp:table -->\n<figure class=\"wp-block-table\">\n<table>\n<tbody>\n<tr>\n<td>\u0627\u0644\u0645\u0648\u0627\u062f<\/td>\n<td><strong>\u0627\u0644\u0639\u0644\u0627\u0645\u0629<\/strong><\/td>\n<td><strong>\u0627\u0644\u0627\u062c\u0627\u0628\u0629 \u0627\u0644\u0646\u0645\u0648\u0630\u062c\u064a\u0629<\/strong><\/td>\n<\/tr>\n<tr>\n<td>Stratigraphie<\/td>\n<td><a href=\"https:\/\/www.univ-oeb.dz\/FSTA\/wp-content\/uploads\/2026\/01\/Stratigraphie_SECTION-1-3.pdf\">Stratigraphie_SECTION 1 (3)<\/a><\/td>\n<td><a href=\"https:\/\/www.univ-oeb.dz\/FSTA\/wp-content\/uploads\/2026\/01\/Corrige-type-Examen-de-strati2025.docx\">Corrig\u00e9 type Examen de strati2025<\/a><\/td>\n<\/tr>\n<tr>\n<td>Cristallographie<\/td>\n<td>\u00a0<\/td>\n<td>\u00a0<\/td>\n<\/tr>\n<tr>\n<td>Pal\u00e9ontologie<\/td>\n<td><a href=\"https:\/\/www.univ-oeb.dz\/FSTA\/wp-content\/uploads\/2026\/01\/Paleontologie_-Exam_L2.pdf\">Pal\u00e9ontologie_ Exam_L2<\/a><\/td>\n<td><a href=\"https:\/\/www.univ-oeb.dz\/FSTA\/wp-content\/uploads\/2026\/01\/Corrige-Paleontologie-Examen-Licence-2-2026.pdf\">Corrig\u00e9 Pal\u00e9ontologie Examen Licence 2 2026<\/a><\/td>\n<\/tr>\n<tr>\n<td>Min\u00e9ralogie<\/td>\n<td><a href=\"https:\/\/www.univ-oeb.dz\/FSTA\/wp-content\/uploads\/2026\/01\/Mineralogie_S1-2eme-annee-licence.pdf\">Min\u00e9ralogie_S1 2\u00e9me ann\u00e9e licence<\/a><\/td>\n<td><a href=\"https:\/\/www.univ-oeb.dz\/FSTA\/wp-content\/uploads\/2026\/01\/Reponse-examen-mineralogie.pdf\">R\u00e9ponse examen min\u00e9ralogie<\/a><\/td>\n<\/tr>\n<tr>\n<td>Tectonique 1<\/td>\n<td>\n<p><a href=\"https:\/\/www.univ-oeb.dz\/FSTA\/wp-content\/uploads\/2026\/01\/Note-TP-tect-01-2026.pdf\">Note TP tect 01&#8211; 2026<\/a><\/p>\n<p><a href=\"https:\/\/www.univ-oeb.dz\/FSTA\/wp-content\/uploads\/2026\/01\/Note-ControleTect-01-2026.pdf\">Note ControleTect 01&#8211;2026<\/a><\/p>\n<\/td>\n<td><a href=\"https:\/\/www.univ-oeb.dz\/FSTA\/wp-content\/uploads\/2026\/01\/control-et-corrige-tect1-2026.docx\">control et corrig\u00e9 tect1 2026<\/a><\/td>\n<\/tr>\n<tr>\n<td>G B de Donn\u00e9es<\/td>\n<td>\n<p>\u00a0<\/p>\n<p>\u00a0<\/p>\n<\/td>\n<td><a href=\"https:\/\/www.univ-oeb.dz\/FSTA\/wp-content\/uploads\/2026\/01\/ControleSGBD.pdf\">Controle(SGBD)<\/a><\/td>\n<\/tr>\n<tr>\n<td>\u00a0<\/td>\n<td>\u00a0<\/td>\n<td>\u00a0<\/td>\n<\/tr>\n<tr>\n<td>\u00a0<\/td>\n<td>\u00a0<\/td>\n<td>\u00a0<\/td>\n<\/tr>\n<\/tbody>\n<\/table>\n<\/figure>\n<!-- \/wp:table --><!-- wp:file \/-->\t\t\t\t\t\t<\/div>\n\t\t\t\t<\/div>\n\t\t\t\t\t<\/div>\n\t\t<\/div>\n\t\t\t\t\t<\/div>\n\t\t<\/section>\n\t\t\t\t<\/div>\n\t\t","protected":false},"excerpt":{"rendered":"<p>\u0646\u0642\u0627\u0637 \u0627\u0644\u0633\u0646\u0629 \u0627\u0644\u062b\u0627\u0646\u064a\u0629 \u0627\u0644\u0645\u0648\u0627\u062f \u0627\u0644\u0639\u0644\u0627\u0645\u0629 \u0627\u0644\u0627\u062c\u0627\u0628\u0629 \u0627\u0644\u0646\u0645\u0648\u0630\u062c\u064a\u0629 Stratigraphie Stratigraphie_SECTION 1 (3) Corrig\u00e9 type Examen de strati2025 Cristallographie \u00a0 \u00a0 Pal\u00e9ontologie Pal\u00e9ontologie_ Exam_L2 Corrig\u00e9 Pal\u00e9ontologie Examen Licence 2 2026 Min\u00e9ralogie Min\u00e9ralogie_S1 2\u00e9me ann\u00e9e licence R\u00e9ponse examen min\u00e9ralogie Tectonique 1 Note TP tect 01&#8211; 2026 Note ControleTect 01&#8211;2026 control et corrig\u00e9 tect1 2026 G B de Donn\u00e9es \u00a0 \u00a0 Controle(SGBD) \u00a0 \u00a0 \u00a0 \u00a0 \u00a0 \u00a0<\/p>\n","protected":false},"author":1,"featured_media":0,"parent":0,"menu_order":0,"comment_status":"closed","ping_status":"closed","template":"","meta":{"footnotes":""},"class_list":["post-4351","page","type-page","status-publish","hentry"],"_links":{"self":[{"href":"https:\/\/www.univ-oeb.dz\/FSTA\/wp-json\/wp\/v2\/pages\/4351","targetHints":{"allow":["GET"]}}],"collection":[{"href":"https:\/\/www.univ-oeb.dz\/FSTA\/wp-json\/wp\/v2\/pages"}],"about":[{"href":"https:\/\/www.univ-oeb.dz\/FSTA\/wp-json\/wp\/v2\/types\/page"}],"author":[{"embeddable":true,"href":"https:\/\/www.univ-oeb.dz\/FSTA\/wp-json\/wp\/v2\/users\/1"}],"replies":[{"embeddable":true,"href":"https:\/\/www.univ-oeb.dz\/FSTA\/wp-json\/wp\/v2\/comments?post=4351"}],"version-history":[{"count":82,"href":"https:\/\/www.univ-oeb.dz\/FSTA\/wp-json\/wp\/v2\/pages\/4351\/revisions"}],"predecessor-version":[{"id":10948,"href":"https:\/\/www.univ-oeb.dz\/FSTA\/wp-json\/wp\/v2\/pages\/4351\/revisions\/10948"}],"wp:attachment":[{"href":"https:\/\/www.univ-oeb.dz\/FSTA\/wp-json\/wp\/v2\/media?parent=4351"}],"curies":[{"name":"wp","href":"https:\/\/api.w.org\/{rel}","templated":true}]}}