{"id":4302,"date":"2024-05-22T10:27:33","date_gmt":"2024-05-22T09:27:33","guid":{"rendered":"https:\/\/www.univ-oeb.dz\/FSTA\/?page_id=4302"},"modified":"2024-05-22T10:27:36","modified_gmt":"2024-05-22T09:27:36","slug":"%d8%a7%d9%84%d8%b3%d9%86%d8%a9-%d8%a7%d9%84%d8%ab%d8%a7%d9%86%d9%8a%d8%a9-%d9%84%d9%8a%d8%b3%d8%a7%d9%86%d8%b3-%d8%ac%d8%b0%d8%b9-%d9%85%d8%b4%d8%aa%d8%b1%d9%83-%d8%ac%d9%8a%d9%88%d9%84%d9%88","status":"publish","type":"page","link":"https:\/\/www.univ-oeb.dz\/FSTA\/%d8%a7%d9%84%d8%b3%d9%86%d8%a9-%d8%a7%d9%84%d8%ab%d8%a7%d9%86%d9%8a%d8%a9-%d9%84%d9%8a%d8%b3%d8%a7%d9%86%d8%b3-%d8%ac%d8%b0%d8%b9-%d9%85%d8%b4%d8%aa%d8%b1%d9%83-%d8%ac%d9%8a%d9%88%d9%84%d9%88\/","title":{"rendered":"\u0627\u0644\u0633\u0646\u0629 \u0627\u0644\u062b\u0627\u0646\u064a\u0629 \u0644\u064a\u0633\u0627\u0646\u0633\u00a0\u062c\u0630\u0639 \u0645\u0634\u062a\u0631\u0643 \u062c\u064a\u0648\u0644\u0648\u062c\u064a\u0627"},"content":{"rendered":"\n<figure class=\"wp-block-table\"><table><tbody><tr><td><strong>n\u00b0<\/strong><\/td><td><strong>\u0627\u0644\u0645\u0642\u064a\u0627\u0633<\/strong><strong><\/strong><\/td><td><strong>\u0627\u0644\u0639\u0644\u0627\u0645\u0629<\/strong><strong><\/strong><\/td><td><strong>\u0627\u0644\u062a\u0635\u062d\u064a\u062d \u0627\u0644\u0646\u0645\u0648\u0630\u062c\u064a<\/strong><strong><\/strong><\/td><\/tr><tr><td><strong>01<\/strong><\/td><td><strong>G\u00e9ochimie<\/strong><\/td><td><strong>&nbsp;<\/strong><\/td><td><strong>&nbsp;<\/strong><\/td><\/tr><tr><td><strong>02<\/strong><\/td><td>P\u00e9trologie des roches<br>s\u00e9dimentairesr<\/td><td><strong>&nbsp;<\/strong><\/td><td><strong>&nbsp;<\/strong><\/td><\/tr><tr><td><strong>03<\/strong><\/td><td><strong>P\u00e9trologie des roches magmatiques<\/strong><\/td><td><strong>&nbsp;<\/strong><\/td><td><strong>&nbsp;<\/strong><\/td><\/tr><tr><td><strong>04<\/strong><\/td><td>G\u00e9ophysique<\/td><td><strong>&nbsp;<\/strong><\/td><td><strong>&nbsp;<\/strong><\/td><\/tr><tr><td><strong>05<\/strong><\/td><td><strong>Tectonique 2<\/strong><\/td><td><strong>&nbsp;<\/strong><\/td><td><strong>&nbsp;<\/strong><\/td><\/tr><tr><td><strong>06<\/strong><\/td><td><strong>Micropal\u00e9ontologie<\/strong><\/td><td><strong>&nbsp;<\/strong><\/td><td><strong>&nbsp;<\/strong><\/td><\/tr><\/tbody><\/table><\/figure>\n","protected":false},"excerpt":{"rendered":"<p>n\u00b0\u0627\u0644\u0645\u0642\u064a\u0627\u0633\u0627\u0644\u0639\u0644\u0627\u0645\u0629\u0627\u0644\u062a\u0635\u062d\u064a\u062d \u0627\u0644\u0646\u0645\u0648\u0630\u062c\u064a01G\u00e9ochimie&nbsp;&nbsp;02P\u00e9trologie des rochess\u00e9dimentairesr&nbsp;&nbsp;03P\u00e9trologie des roches magmatiques&nbsp;&nbsp;04G\u00e9ophysique&nbsp;&nbsp;05Tectonique 2&nbsp;&nbsp;06Micropal\u00e9ontologie&nbsp;&nbsp;<\/p>\n","protected":false},"author":1,"featured_media":0,"parent":0,"menu_order":0,"comment_status":"closed","ping_status":"closed","template":"","meta":{"footnotes":""},"class_list":["post-4302","page","type-page","status-publish","hentry"],"_links":{"self":[{"href":"https:\/\/www.univ-oeb.dz\/FSTA\/wp-json\/wp\/v2\/pages\/4302","targetHints":{"allow":["GET"]}}],"collection":[{"href":"https:\/\/www.univ-oeb.dz\/FSTA\/wp-json\/wp\/v2\/pages"}],"about":[{"href":"https:\/\/www.univ-oeb.dz\/FSTA\/wp-json\/wp\/v2\/types\/page"}],"author":[{"embeddable":true,"href":"https:\/\/www.univ-oeb.dz\/FSTA\/wp-json\/wp\/v2\/users\/1"}],"replies":[{"embeddable":true,"href":"https:\/\/www.univ-oeb.dz\/FSTA\/wp-json\/wp\/v2\/comments?post=4302"}],"version-history":[{"count":1,"href":"https:\/\/www.univ-oeb.dz\/FSTA\/wp-json\/wp\/v2\/pages\/4302\/revisions"}],"predecessor-version":[{"id":4303,"href":"https:\/\/www.univ-oeb.dz\/FSTA\/wp-json\/wp\/v2\/pages\/4302\/revisions\/4303"}],"wp:attachment":[{"href":"https:\/\/www.univ-oeb.dz\/FSTA\/wp-json\/wp\/v2\/media?parent=4302"}],"curies":[{"name":"wp","href":"https:\/\/api.w.org\/{rel}","templated":true}]}}