{"id":2174,"date":"2024-01-31T11:28:23","date_gmt":"2024-01-31T10:28:23","guid":{"rendered":"http:\/\/www.univ-oeb.dz\/FSTA\/?page_id=2174"},"modified":"2024-01-31T12:04:48","modified_gmt":"2024-01-31T11:04:48","slug":"2174-2","status":"publish","type":"page","link":"https:\/\/www.univ-oeb.dz\/FSTA\/2174-2\/","title":{"rendered":"\u0627\u0644\u0633\u0646\u0629 \u0623\u0648\u0644\u0649 \u0644\u064a\u0633\u0627\u0646\u0633\u00a0\u062c\u0630\u0639 \u0645\u0634\u062a\u0631\u0643 \u062c\u064a\u0648\u0644\u0648\u062c\u064a\u0627"},"content":{"rendered":"\n<figure class=\"wp-block-table\"><table><tbody><tr><td><strong>n\u00b0<\/strong><\/td><td><strong>\u0627\u0644\u0645\u0642\u064a\u0627\u0633<\/strong><strong><\/strong><\/td><td><strong>\u0627\u0644\u0639\u0644\u0627\u0645\u0629<\/strong><strong><\/strong><\/td><td><strong>\u0627\u0644\u062a\u0635\u062d\u064a\u062d \u0627\u0644\u0646\u0645\u0648\u0630\u062c\u064a<\/strong><strong><\/strong><\/td><\/tr><tr><td><strong>01<\/strong><\/td><td><strong>G\u00e9omorphologie<\/strong><\/td><td><strong>&nbsp;<\/strong><\/td><td><a href=\"https:\/\/www.univ-oeb.dz\/FSTA\/wp-content\/uploads\/2024\/01\/geol_L1_Geomorphology-Correct.pdf\">geol_L1_Geomorphology-Correct<\/a><\/td><\/tr><tr><td><strong>02<\/strong><\/td><td><strong>G\u00e9ologie 1<\/strong><\/td><td><strong>&nbsp;<\/strong><\/td><td><strong>&nbsp;<\/strong><a href=\"https:\/\/www.univ-oeb.dz\/FSTA\/wp-content\/uploads\/2024\/01\/geol_L1_Geomorphology-Correct-1.pdf\">geol_L1_Geomorphology-Correct-1<\/a><\/td><\/tr><tr><td><strong>03<\/strong><\/td><td><strong>Biologie 1<\/strong><\/td><td><strong>&nbsp;<\/strong><\/td><td><strong>&nbsp;<\/strong><\/td><\/tr><tr><td><strong>04<\/strong><\/td><td><strong>Physique 1<\/strong><\/td><td><strong>&nbsp;<\/strong><\/td><td><strong>&nbsp;<\/strong><\/td><\/tr><tr><td><strong>05<\/strong><\/td><td><strong>Math\u00e9matiques 1<\/strong><\/td><td><strong>&nbsp;<\/strong><\/td><td><strong>\u00a0<\/strong><a href=\"https:\/\/www.univ-oeb.dz\/FSTA\/wp-content\/uploads\/2024\/01\/geol_2024L1_Maths-corrige-type.pdf\">geol_2024L1_Maths-corrige-type<\/a><\/td><\/tr><tr><td><strong>06<\/strong><\/td><td><strong>Chimie 1<\/strong><\/td><td><strong>&nbsp;<\/strong><\/td><td><strong>&nbsp;<\/strong><\/td><\/tr><tr><td><strong>07<\/strong><\/td><td><strong>Informatique 1<\/strong><\/td><td><strong>&nbsp;<\/strong><\/td><td><strong>&nbsp;<\/strong><\/td><\/tr><\/tbody><\/table><\/figure>\n\n\n","protected":false},"excerpt":{"rendered":"<p>n\u00b0\u0627\u0644\u0645\u0642\u064a\u0627\u0633\u0627\u0644\u0639\u0644\u0627\u0645\u0629\u0627\u0644\u062a\u0635\u062d\u064a\u062d \u0627\u0644\u0646\u0645\u0648\u0630\u062c\u064a01G\u00e9omorphologie&nbsp;geol_L1_Geomorphology-Correct02G\u00e9ologie 1&nbsp;&nbsp;geol_L1_Geomorphology-Correct-103Biologie 1&nbsp;&nbsp;04Physique 1&nbsp;&nbsp;05Math\u00e9matiques 1&nbsp;\u00a0geol_2024L1_Maths-corrige-type06Chimie 1&nbsp;&nbsp;07Informatique 1&nbsp;&nbsp;<\/p>\n","protected":false},"author":1,"featured_media":0,"parent":0,"menu_order":0,"comment_status":"closed","ping_status":"closed","template":"","meta":{"footnotes":""},"class_list":["post-2174","page","type-page","status-publish","hentry"],"_links":{"self":[{"href":"https:\/\/www.univ-oeb.dz\/FSTA\/wp-json\/wp\/v2\/pages\/2174","targetHints":{"allow":["GET"]}}],"collection":[{"href":"https:\/\/www.univ-oeb.dz\/FSTA\/wp-json\/wp\/v2\/pages"}],"about":[{"href":"https:\/\/www.univ-oeb.dz\/FSTA\/wp-json\/wp\/v2\/types\/page"}],"author":[{"embeddable":true,"href":"https:\/\/www.univ-oeb.dz\/FSTA\/wp-json\/wp\/v2\/users\/1"}],"replies":[{"embeddable":true,"href":"https:\/\/www.univ-oeb.dz\/FSTA\/wp-json\/wp\/v2\/comments?post=2174"}],"version-history":[{"count":6,"href":"https:\/\/www.univ-oeb.dz\/FSTA\/wp-json\/wp\/v2\/pages\/2174\/revisions"}],"predecessor-version":[{"id":2189,"href":"https:\/\/www.univ-oeb.dz\/FSTA\/wp-json\/wp\/v2\/pages\/2174\/revisions\/2189"}],"wp:attachment":[{"href":"https:\/\/www.univ-oeb.dz\/FSTA\/wp-json\/wp\/v2\/media?parent=2174"}],"curies":[{"name":"wp","href":"https:\/\/api.w.org\/{rel}","templated":true}]}}