{"id":1985,"date":"2024-01-24T20:24:26","date_gmt":"2024-01-24T19:24:26","guid":{"rendered":"http:\/\/www.univ-oeb.dz\/FSTA\/?page_id=1985"},"modified":"2026-01-29T10:51:36","modified_gmt":"2026-01-29T09:51:36","slug":"%d9%86%d9%82%d8%a7%d8%b7-%d8%a7%d9%84%d8%b3%d8%af%d8%a7%d8%b3%d9%8a-%d8%a7%d9%84%d8%a3%d9%88%d9%84-%d8%a7%d9%84%d8%b3%d9%86%d8%a9-%d8%a3%d9%88%d9%84%d9%89-%d9%85%d8%a7%d8%b3%d8%aa%d8%b1-%d9%87%d9%86","status":"publish","type":"page","link":"https:\/\/www.univ-oeb.dz\/FSTA\/%d9%86%d9%82%d8%a7%d8%b7-%d8%a7%d9%84%d8%b3%d8%af%d8%a7%d8%b3%d9%8a-%d8%a7%d9%84%d8%a3%d9%88%d9%84-%d8%a7%d9%84%d8%b3%d9%86%d8%a9-%d8%a3%d9%88%d9%84%d9%89-%d9%85%d8%a7%d8%b3%d8%aa%d8%b1-%d9%87%d9%86\/","title":{"rendered":"\u0646\u0642\u0627\u0637 \u0627\u0644\u0633\u062f\u0627\u0633\u064a \u0627\u0644\u0627\u0648\u0644 \u0627\u0644\u0633\u0646\u0629 \u0623\u0648\u0644\u0649 \u0645\u0627\u0633\u062a\u0631 \u0647\u0646\u062f\u0633\u0629 \u0645\u0639\u0645\u0627\u0631\u064a\u0629 2025-2026"},"content":{"rendered":"\t\t<div data-elementor-type=\"wp-page\" data-elementor-id=\"1985\" class=\"elementor elementor-1985\">\n\t\t\t\t\t\t<section class=\"elementor-section elementor-top-section elementor-element elementor-element-b4ee433 elementor-section-boxed elementor-section-height-default elementor-section-height-default wpr-particle-no wpr-jarallax-no wpr-parallax-no wpr-sticky-section-no\" data-id=\"b4ee433\" data-element_type=\"section\">\n\t\t\t\t\t\t<div class=\"elementor-container elementor-column-gap-default\">\n\t\t\t\t\t<div class=\"elementor-column elementor-col-100 elementor-top-column elementor-element elementor-element-43f7deb\" data-id=\"43f7deb\" data-element_type=\"column\">\n\t\t\t<div class=\"elementor-widget-wrap elementor-element-populated\">\n\t\t\t\t\t\t<div class=\"elementor-element elementor-element-c6d445e elementor-widget elementor-widget-text-editor\" data-id=\"c6d445e\" data-element_type=\"widget\" data-widget_type=\"text-editor.default\">\n\t\t\t\t<div class=\"elementor-widget-container\">\n\t\t\t\t\t\t\t<table><tbody><tr><td width=\"302\"><p><strong>\u0627\u0644\u0645\u0642\u064a\u0627\u0633<\/strong><\/p><\/td><td width=\"251\"><p><strong>\u00a0\u0627\u0644\u0639\u0644\u0627\u0645\u0629<\/strong><\/p><\/td><td width=\"132\"><p><strong>\u00a0\u0627\u0644\u062a\u0635\u062d\u064a\u062d \u0627\u0644\u0646\u0645\u0648\u0630\u062c\u064a<\/strong><\/p><\/td><\/tr><tr><td width=\"302\"><p style=\"text-align: center;\"><strong>VOIRIE ET RESEAUX DIVERS<\/strong><\/p><\/td><td style=\"text-align: center;\" width=\"251\">\u00a0<\/td><td style=\"text-align: center;\" width=\"132\">\u00a0<\/td><\/tr><tr><td width=\"302\"><p style=\"text-align: center;\"><strong>\u00a0ANGLAIS\u00a0<\/strong><\/p><\/td><td width=\"251\">\u00a0<\/td><td width=\"132\">\u00a0<\/td><\/tr><tr><td style=\"text-align: center;\" width=\"302\"><strong>INITIATION A LA RECHERCHE<\/strong><\/td><td width=\"251\">\u00a0<\/td><td width=\"132\">\u00a0<\/td><\/tr><tr><td width=\"302\"><p style=\"text-align: center;\"><strong>STRUCTURE 1<\/strong><\/p><\/td><td width=\"251\">\u00a0<\/td><td width=\"132\"><a href=\"https:\/\/www.univ-oeb.dz\/FSTA\/wp-content\/uploads\/2026\/01\/corrige-type-module-structuee1-1ere-annee-master.pdf\">corrig\u00e9 type module structuee1 1ere ann\u00e9e master<\/a><\/td><\/tr><tr><td width=\"302\"><p style=\"text-align: center;\"><strong>HISTOIRE DE L\u2019ARCHITECTURE<\/strong><\/p><p style=\"text-align: center;\"><strong>EN ALGERIE XIX-XX S.<\/strong><\/p><\/td><td width=\"251\"><p style=\"text-align: center;\">\u00a0<\/p><\/td><td width=\"132\"><a href=\"https:\/\/www.univ-oeb.dz\/FSTA\/wp-content\/uploads\/2026\/01\/1st-exam-histoire-de-larchitecture-en-Algerie-corrige-type-1ere-annee-master.pdf\">1st exam histoire de l&#8217;architecture en Alg\u00e9rie corrig\u00e9 type 1ere ann\u00e9e master<\/a><\/td><\/tr><tr><td width=\"302\"><p style=\"text-align: center;\"><strong>EQUIPEMENT 1<\/strong><\/p><\/td><td width=\"251\">\u00a0<\/td><td width=\"132\">\u00a0<\/td><\/tr><tr><td style=\"text-align: center;\" width=\"302\"><p><strong>MAITRISE D\u2019\u0152UVRE ET MAITRISE D\u2019OUVRAGE<\/strong><\/p><\/td><td width=\"251\"><a href=\"https:\/\/www.univ-oeb.dz\/FSTA\/wp-content\/uploads\/2026\/01\/archi_M1_maitrise-doeuvre.pdf\">archi_M1_maitrise d&#8217;oeuvre<\/a><\/td><td width=\"132\"><a href=\"https:\/\/www.univ-oeb.dz\/FSTA\/wp-content\/uploads\/2026\/01\/Archi_M1_maitrise-doeuvre.pdf\">Archi_M1_maitrise d&#8217;oeuvre<\/a><\/td><\/tr><tr><td style=\"text-align: center;\" width=\"302\"><strong>PROGRAMMATION URBAINE ET ARCHITECTURALE<\/strong><\/td><td width=\"251\"><a href=\"https:\/\/www.univ-oeb.dz\/FSTA\/wp-content\/uploads\/2026\/01\/M1_Archi_Programmation_urbaine_et_architecturale_kaghouche.pdf\">M1_Archi_Programmation_urbaine_et_architecturale_kaghouche<\/a><\/td><td width=\"132\"><a href=\"https:\/\/www.univ-oeb.dz\/FSTA\/wp-content\/uploads\/2026\/01\/corrige-type_programmation-urbaine-et-architecturale_M1_Archi_kaghouche.pdf\">corrig\u00e9 type_programmation urbaine et architecturale_M1_Archi_kaghouche<\/a><\/td><\/tr><\/tbody><\/table>\t\t\t\t\t\t<\/div>\n\t\t\t\t<\/div>\n\t\t\t\t\t<\/div>\n\t\t<\/div>\n\t\t\t\t\t<\/div>\n\t\t<\/section>\n\t\t\t\t<\/div>\n\t\t","protected":false},"excerpt":{"rendered":"<p>\u0627\u0644\u0645\u0642\u064a\u0627\u0633 \u00a0\u0627\u0644\u0639\u0644\u0627\u0645\u0629 \u00a0\u0627\u0644\u062a\u0635\u062d\u064a\u062d \u0627\u0644\u0646\u0645\u0648\u0630\u062c\u064a VOIRIE ET RESEAUX DIVERS \u00a0 \u00a0 \u00a0ANGLAIS\u00a0 \u00a0 \u00a0 INITIATION A LA RECHERCHE \u00a0 \u00a0 STRUCTURE 1 \u00a0 corrig\u00e9 type module structuee1 1ere ann\u00e9e master HISTOIRE DE L\u2019ARCHITECTURE EN ALGERIE XIX-XX S. \u00a0 1st exam histoire de l&#8217;architecture en Alg\u00e9rie corrig\u00e9 type 1ere ann\u00e9e master EQUIPEMENT 1 \u00a0 \u00a0 MAITRISE D\u2019\u0152UVRE ET MAITRISE D\u2019OUVRAGE archi_M1_maitrise d&#8217;oeuvre Archi_M1_maitrise d&#8217;oeuvre PROGRAMMATION URBAINE ET ARCHITECTURALE M1_Archi_Programmation_urbaine_et_architecturale_kaghouche corrig\u00e9 type_programmation urbaine et architecturale_M1_Archi_kaghouche<\/p>\n","protected":false},"author":1,"featured_media":0,"parent":0,"menu_order":0,"comment_status":"closed","ping_status":"closed","template":"","meta":{"footnotes":""},"class_list":["post-1985","page","type-page","status-publish","hentry"],"_links":{"self":[{"href":"https:\/\/www.univ-oeb.dz\/FSTA\/wp-json\/wp\/v2\/pages\/1985","targetHints":{"allow":["GET"]}}],"collection":[{"href":"https:\/\/www.univ-oeb.dz\/FSTA\/wp-json\/wp\/v2\/pages"}],"about":[{"href":"https:\/\/www.univ-oeb.dz\/FSTA\/wp-json\/wp\/v2\/types\/page"}],"author":[{"embeddable":true,"href":"https:\/\/www.univ-oeb.dz\/FSTA\/wp-json\/wp\/v2\/users\/1"}],"replies":[{"embeddable":true,"href":"https:\/\/www.univ-oeb.dz\/FSTA\/wp-json\/wp\/v2\/comments?post=1985"}],"version-history":[{"count":133,"href":"https:\/\/www.univ-oeb.dz\/FSTA\/wp-json\/wp\/v2\/pages\/1985\/revisions"}],"predecessor-version":[{"id":10866,"href":"https:\/\/www.univ-oeb.dz\/FSTA\/wp-json\/wp\/v2\/pages\/1985\/revisions\/10866"}],"wp:attachment":[{"href":"https:\/\/www.univ-oeb.dz\/FSTA\/wp-json\/wp\/v2\/media?parent=1985"}],"curies":[{"name":"wp","href":"https:\/\/api.w.org\/{rel}","templated":true}]}}