{"id":1982,"date":"2024-01-24T20:24:02","date_gmt":"2024-01-24T19:24:02","guid":{"rendered":"http:\/\/www.univ-oeb.dz\/FSTA\/?page_id=1982"},"modified":"2026-02-02T13:49:20","modified_gmt":"2026-02-02T12:49:20","slug":"%d9%86%d9%82%d8%a7%d8%b7-%d8%a7%d9%84%d8%b3%d8%af%d8%a7%d8%b3%d9%8a-%d8%a7%d9%84%d8%a3%d9%88%d9%84-%d8%a7%d9%84%d8%b3%d9%86%d8%a9-%d8%a7%d9%84%d8%ab%d8%a7%d9%86%d9%8a%d8%a9-%d9%84%d9%8a%d8%b3%d8%a7","status":"publish","type":"page","link":"https:\/\/www.univ-oeb.dz\/FSTA\/%d9%86%d9%82%d8%a7%d8%b7-%d8%a7%d9%84%d8%b3%d8%af%d8%a7%d8%b3%d9%8a-%d8%a7%d9%84%d8%a3%d9%88%d9%84-%d8%a7%d9%84%d8%b3%d9%86%d8%a9-%d8%a7%d9%84%d8%ab%d8%a7%d9%86%d9%8a%d8%a9-%d9%84%d9%8a%d8%b3%d8%a7\/","title":{"rendered":"\u0646\u0642\u0627\u0637 \u0627\u0644\u0633\u062f\u0627\u0633\u064a \u0627\u0644\u0627\u0648\u0644 \u0627\u0644\u0633\u0646\u0629 \u0627\u0644\u062b\u0627\u0646\u064a\u0629 \u0644\u064a\u0633\u0627\u0646\u0633 \u0647\u0646\u062f\u0633\u0629 \u0645\u0639\u0645\u0627\u0631\u064a\u0629 2025-2026"},"content":{"rendered":"\t\t<div data-elementor-type=\"wp-page\" data-elementor-id=\"1982\" class=\"elementor elementor-1982\">\n\t\t\t\t\t\t<section class=\"elementor-section elementor-top-section elementor-element elementor-element-f6397b6 elementor-section-boxed elementor-section-height-default elementor-section-height-default wpr-particle-no wpr-jarallax-no wpr-parallax-no wpr-sticky-section-no\" data-id=\"f6397b6\" data-element_type=\"section\">\n\t\t\t\t\t\t<div class=\"elementor-container elementor-column-gap-default\">\n\t\t\t\t\t<div class=\"elementor-column elementor-col-100 elementor-top-column elementor-element elementor-element-1cf3ad9\" data-id=\"1cf3ad9\" data-element_type=\"column\">\n\t\t\t<div class=\"elementor-widget-wrap elementor-element-populated\">\n\t\t\t\t\t\t<div class=\"elementor-element elementor-element-f87b1a7 elementor-widget elementor-widget-text-editor\" data-id=\"f87b1a7\" data-element_type=\"widget\" data-widget_type=\"text-editor.default\">\n\t\t\t\t<div class=\"elementor-widget-container\">\n\t\t\t\t\t\t\t<table width=\"614\"><tbody><tr><td width=\"302\"><strong>\u0627\u0644\u0645\u0642\u064a\u0627\u0633<\/strong><\/td><td width=\"217\"><strong>\u00a0\u0627\u0644\u0639\u0644\u0627\u0645\u0629<\/strong><\/td><td width=\"94\"><strong>\u00a0\u0627\u0644\u062a\u0635\u062d\u064a\u062d \u0627\u0644\u0646\u0645\u0648\u0630\u062c\u064a<\/strong><\/td><\/tr><tr><td width=\"302\"><p style=\"text-align: center;\"><strong> SOCIOLOGIE ET ANTHROPOLOGIE DE <\/strong><\/p><p style=\"text-align: center;\"><strong>L\u2019ESPACE<\/strong><\/p><\/td><td style=\"text-align: center;\" width=\"217\">\u00a0<\/td><td width=\"94\"><a href=\"https:\/\/www.univ-oeb.dz\/FSTA\/wp-content\/uploads\/2026\/01\/Examen-2eme-annee-architecture_Corrige-type-sociologie.pdf\">Examen 2eme ann\u00e9e architecture_Corrig\u00e9 type sociologie<\/a><\/td><\/tr><tr><td style=\"text-align: center;\" width=\"302\"><strong>THEORIE DE PROJET 3<\/strong><\/td><td width=\"217\">\u00a0<\/td><td width=\"94\"><a href=\"https:\/\/www.univ-oeb.dz\/FSTA\/wp-content\/uploads\/2026\/01\/Corrige-type-2eme-annee-Theorie-de-projet.pdf\">Corrig\u00e9 type 2\u00e8me ann\u00e9e Theorie de projet<\/a><\/td><\/tr><tr><td width=\"302\"><p><strong>\u00a0<\/strong><\/p><p style=\"text-align: center;\"><strong>RESISTANCE DES MATERIAUX 1<\/strong><\/p><\/td><td width=\"217\"><p><a href=\"https:\/\/www.univ-oeb.dz\/FSTA\/wp-content\/uploads\/2026\/02\/pv_matiere_cc-2.pdf\">pv_matiere_cc (2)<\/a><\/p><p><a href=\"https:\/\/www.univ-oeb.dz\/FSTA\/wp-content\/uploads\/2026\/02\/pv_matiere_cc-1-1.pdf\">pv_matiere_cc (1) (1)<\/a><\/p><\/td><td width=\"94\"><a href=\"https:\/\/www.univ-oeb.dz\/FSTA\/wp-content\/uploads\/2026\/01\/corrige-type-RDM-2eme-annee-architecture.pdf\">corrig\u00e9 type RDM 2eme ann\u00e9e architecture<\/a><\/td><\/tr><tr><td width=\"302\"><p style=\"text-align: center;\"><strong>ANALYSE SPATIALE\u00a0 et\u00a0 CARTOGRAPHIE<\/strong><\/p><\/td><td width=\"217\"><a href=\"https:\/\/www.univ-oeb.dz\/FSTA\/wp-content\/uploads\/2026\/02\/NOTES-EXAMEN-LICENCE-2-.S3.ANALYSE-SPATIALE-ET-CARTOGRAPHIE.xlsx\">NOTES EXAMEN LICENCE 2 .S3.ANALYSE SPATIALE ET CARTOGRAPHIE<\/a><\/td><td width=\"94\"><a href=\"https:\/\/www.univ-oeb.dz\/FSTA\/wp-content\/uploads\/2026\/01\/corrige-type-module-analyse-spatiale-2eme-annee-architecture.pdf\">corrig\u00e9 type module analyse spatiale 2eme ann\u00e9e architecture<\/a><\/td><\/tr><tr><td width=\"302\"><p><strong>\u00a0<\/strong><\/p><p style=\"text-align: center;\"><strong>CONSTRUCTION 1<\/strong><\/p><\/td><td width=\"217\">\u00a0<\/td><td width=\"94\"><a href=\"https:\/\/www.univ-oeb.dz\/FSTA\/wp-content\/uploads\/2026\/01\/controle-construction-2eme-annee-architecture.pdf\">controle construction 2eme ann\u00e9e architecture<\/a><\/td><\/tr><tr><td style=\"text-align: center;\" width=\"302\"><p><strong>HISTOIRE DE L\u2019ARCHITECTURE 3<\/strong><\/p><p><strong>DAO<\/strong><\/p><\/td><td width=\"217\"><p><a href=\"https:\/\/www.univ-oeb.dz\/FSTA\/wp-content\/uploads\/2026\/02\/s3_design_Histoire_de_l-architecture_d-interieur_01.pdf\">s3_design_Histoire_de_l architecture_d int\u00e9rieur_01<\/a><\/p><p><a href=\"https:\/\/www.univ-oeb.dz\/FSTA\/wp-content\/uploads\/2026\/02\/s3_design_atelier_cc-1.pdf\">s3_design_atelier_cc<\/a><\/p><p><a href=\"https:\/\/www.univ-oeb.dz\/FSTA\/wp-content\/uploads\/2026\/02\/notes_examen_S3_DAO_Architecture.pdf\">notes_examen_S3_DAO_Architecture<\/a><\/p><\/td><td width=\"94\"><p><a href=\"https:\/\/www.univ-oeb.dz\/FSTA\/wp-content\/uploads\/2026\/01\/Corrige-type-HA3-2eme-annee-architecture.pdf\">Corrig\u00e9 type HA3 2eme ann\u00e9e architecture<\/a><\/p><\/td><\/tr><\/tbody><\/table>\t\t\t\t\t\t<\/div>\n\t\t\t\t<\/div>\n\t\t\t\t\t<\/div>\n\t\t<\/div>\n\t\t\t\t\t<\/div>\n\t\t<\/section>\n\t\t\t\t<\/div>\n\t\t","protected":false},"excerpt":{"rendered":"<p>\u0627\u0644\u0645\u0642\u064a\u0627\u0633 \u00a0\u0627\u0644\u0639\u0644\u0627\u0645\u0629 \u00a0\u0627\u0644\u062a\u0635\u062d\u064a\u062d \u0627\u0644\u0646\u0645\u0648\u0630\u062c\u064a SOCIOLOGIE ET ANTHROPOLOGIE DE L\u2019ESPACE \u00a0 Examen 2eme ann\u00e9e architecture_Corrig\u00e9 type sociologie THEORIE DE PROJET 3 \u00a0 Corrig\u00e9 type 2\u00e8me ann\u00e9e Theorie de projet \u00a0 RESISTANCE DES MATERIAUX 1 pv_matiere_cc (2) pv_matiere_cc (1) (1) corrig\u00e9 type RDM 2eme ann\u00e9e architecture ANALYSE SPATIALE\u00a0 et\u00a0 CARTOGRAPHIE NOTES EXAMEN LICENCE 2 .S3.ANALYSE SPATIALE ET CARTOGRAPHIE corrig\u00e9 type module analyse spatiale 2eme ann\u00e9e architecture \u00a0 CONSTRUCTION 1 \u00a0 controle construction 2eme ann\u00e9e architecture HISTOIRE DE L\u2019ARCHITECTURE 3 DAO s3_design_Histoire_de_l architecture_d int\u00e9rieur_01 s3_design_atelier_cc notes_examen_S3_DAO_Architecture Corrig\u00e9 type HA3 2eme ann\u00e9e architecture<\/p>\n","protected":false},"author":1,"featured_media":0,"parent":0,"menu_order":0,"comment_status":"closed","ping_status":"closed","template":"","meta":{"footnotes":""},"class_list":["post-1982","page","type-page","status-publish","hentry"],"_links":{"self":[{"href":"https:\/\/www.univ-oeb.dz\/FSTA\/wp-json\/wp\/v2\/pages\/1982","targetHints":{"allow":["GET"]}}],"collection":[{"href":"https:\/\/www.univ-oeb.dz\/FSTA\/wp-json\/wp\/v2\/pages"}],"about":[{"href":"https:\/\/www.univ-oeb.dz\/FSTA\/wp-json\/wp\/v2\/types\/page"}],"author":[{"embeddable":true,"href":"https:\/\/www.univ-oeb.dz\/FSTA\/wp-json\/wp\/v2\/users\/1"}],"replies":[{"embeddable":true,"href":"https:\/\/www.univ-oeb.dz\/FSTA\/wp-json\/wp\/v2\/comments?post=1982"}],"version-history":[{"count":129,"href":"https:\/\/www.univ-oeb.dz\/FSTA\/wp-json\/wp\/v2\/pages\/1982\/revisions"}],"predecessor-version":[{"id":11093,"href":"https:\/\/www.univ-oeb.dz\/FSTA\/wp-json\/wp\/v2\/pages\/1982\/revisions\/11093"}],"wp:attachment":[{"href":"https:\/\/www.univ-oeb.dz\/FSTA\/wp-json\/wp\/v2\/media?parent=1982"}],"curies":[{"name":"wp","href":"https:\/\/api.w.org\/{rel}","templated":true}]}}