{"id":1981,"date":"2024-01-24T20:23:33","date_gmt":"2024-01-24T19:23:33","guid":{"rendered":"http:\/\/www.univ-oeb.dz\/FSTA\/?page_id=1981"},"modified":"2026-02-01T08:32:23","modified_gmt":"2026-02-01T07:32:23","slug":"%d9%86%d9%82%d8%a7%d8%b7-%d8%a7%d9%84%d8%b3%d8%af%d8%a7%d8%b3%d9%8a-%d8%a7%d9%84%d8%a3%d9%88%d9%84-%d8%a7%d9%84%d8%b3%d9%86%d8%a9-%d8%a3%d9%88%d9%84%d9%89-%d9%84%d9%8a%d8%b3%d8%a7%d9%86%d8%b3-%d9%85","status":"publish","type":"page","link":"https:\/\/www.univ-oeb.dz\/FSTA\/%d9%86%d9%82%d8%a7%d8%b7-%d8%a7%d9%84%d8%b3%d8%af%d8%a7%d8%b3%d9%8a-%d8%a7%d9%84%d8%a3%d9%88%d9%84-%d8%a7%d9%84%d8%b3%d9%86%d8%a9-%d8%a3%d9%88%d9%84%d9%89-%d9%84%d9%8a%d8%b3%d8%a7%d9%86%d8%b3-%d9%85\/","title":{"rendered":"\u0646\u0642\u0627\u0637 \u0627\u0644\u0633\u062f\u0627\u0633\u064a \u0627\u0644\u0627\u0648\u0644 \u0627\u0644\u0633\u0646\u0629 \u0623\u0648\u0644\u0649 \u0644\u064a\u0633\u0627\u0646\u0633 \u0645\u0647\u0646\u064a \u062a\u0635\u0645\u064a\u0645 \u0648\u0647\u0646\u062f\u0633\u0629 \u062f\u0627\u062e\u0644\u064a\u0629 2025-2026"},"content":{"rendered":"\t\t<div data-elementor-type=\"wp-page\" data-elementor-id=\"1981\" class=\"elementor elementor-1981\">\n\t\t\t\t\t\t<section class=\"elementor-section elementor-top-section elementor-element elementor-element-de61f06 elementor-section-boxed elementor-section-height-default elementor-section-height-default wpr-particle-no wpr-jarallax-no wpr-parallax-no wpr-sticky-section-no\" data-id=\"de61f06\" data-element_type=\"section\">\n\t\t\t\t\t\t<div class=\"elementor-container elementor-column-gap-default\">\n\t\t\t\t\t<div class=\"elementor-column elementor-col-100 elementor-top-column elementor-element elementor-element-947ddf2\" data-id=\"947ddf2\" data-element_type=\"column\">\n\t\t\t<div class=\"elementor-widget-wrap elementor-element-populated\">\n\t\t\t\t\t\t<div class=\"elementor-element elementor-element-493a0d7 elementor-widget elementor-widget-text-editor\" data-id=\"493a0d7\" data-element_type=\"widget\" data-widget_type=\"text-editor.default\">\n\t\t\t\t<div class=\"elementor-widget-container\">\n\t\t\t\t\t\t\t<p>\u00a0<\/p><table><tbody><tr><td width=\"334\"><p style=\"text-align: center;\"><strong>\u00a0<\/strong><strong>\u0627\u0644\u0645\u0642\u064a\u0627\u0633<\/strong><\/p><\/td><td width=\"208\"><p><strong>\u00a0\u0627\u0644\u0646\u0642\u0627\u0637<\/strong><\/p><\/td><td width=\"209\"><p><strong>\u00a0\u0627\u0644\u0627\u062c\u0627\u0628\u0629<\/strong><\/p><\/td><\/tr><tr><td width=\"334\"><p style=\"text-align: center;\"><strong>GEOMETRIE ET PERSPECTIVE 01<\/strong><\/p><\/td><td width=\"208\">\u00a0<\/td><td width=\"209\"><a href=\"https:\/\/www.univ-oeb.dz\/FSTA\/wp-content\/uploads\/2026\/01\/Corrige-type-Geomertrie-et-perspective-1ere-annee-design.pdf\">Corrig\u00e9 type Geomertrie et perspective 1ere ann\u00e9e design<\/a><\/td><\/tr><tr><td width=\"334\"><p style=\"text-align: center;\"><strong>HISTOIRE DE L\u2019ART<\/strong><\/p><\/td><td width=\"208\"><p><a href=\"https:\/\/www.univ-oeb.dz\/FSTA\/wp-content\/uploads\/2026\/01\/note-examen-histoire-de-lart-1-1.pdf\">note examen histoire de l&#8217;art 1<\/a> <a href=\"https:\/\/www.univ-oeb.dz\/FSTA\/wp-content\/uploads\/2026\/01\/note-TD-histoire-de-lart-1.pdf\">note TD histoire de l&#8217;art 1<\/a><\/p><p><a href=\"https:\/\/www.univ-oeb.dz\/FSTA\/wp-content\/uploads\/2026\/01\/note-examen-histoire-de-lart-1.pdf\">note examen histoire de l&#8217;art 1<\/a><\/p><\/td><td width=\"209\">\u00a0<\/td><\/tr><tr><td width=\"334\"><p style=\"text-align: center;\"><strong>DAO<\/strong><\/p><\/td><td width=\"208\"><a href=\"https:\/\/www.univ-oeb.dz\/FSTA\/wp-content\/uploads\/2026\/02\/notes_examen_S1_DAO_-Design-et-architecture-dinterieure.pdf\">notes_examen_S1_DAO_ Design et architecture d&#8217;int\u00e9rieure<\/a><\/td><td width=\"209\">\u00a0<\/td><\/tr><tr><td width=\"334\"><p style=\"text-align: center;\"><strong>MATERIAUX ET TECHNOLOGIE 1<\/strong><\/p><\/td><td width=\"208\"><a href=\"https:\/\/www.univ-oeb.dz\/FSTA\/wp-content\/uploads\/2026\/01\/notes_examne_S1_MATERIAUXETTECHNOLOGIE01_section.pdf\">notes_examne_S1_MATERIAUXETTECHNOLOGIE01_section<\/a><\/td><td width=\"209\"><a href=\"https:\/\/www.univ-oeb.dz\/FSTA\/wp-content\/uploads\/2026\/01\/Corrige-Type-materiaux-S1-Jeudi-15-janvier-2026-1ere-annee-design.pdf\">Corrig\u00e9 Type mat\u00e9riaux S1, Jeudi 15 janvier 2026 1ere ann\u00e9e design<\/a><\/td><\/tr><tr><td width=\"334\"><p style=\"text-align: center;\"><strong>TERMINOLOGIE 1 <\/strong><\/p><\/td><td width=\"208\">\u00a0<\/td><td width=\"209\">\u00a0<\/td><\/tr><tr><td width=\"334\"><p style=\"text-align: center;\"><strong>PHYSIQUE DU BATIMENT 1<\/strong><\/p><\/td><td width=\"208\"><a href=\"https:\/\/www.univ-oeb.dz\/FSTA\/wp-content\/uploads\/2026\/02\/note-examen.pdf\">note examen<\/a><\/td><td width=\"209\"><a href=\"https:\/\/www.univ-oeb.dz\/FSTA\/wp-content\/uploads\/2026\/01\/design-2026.pdf\">design 2026<\/a><\/td><\/tr><tr><td width=\"334\"><p style=\"text-align: center;\"><strong>ANGLAIS<\/strong><\/p><\/td><td width=\"208\">\u00a0<\/td><td width=\"209\">\u00a0<\/td><\/tr><\/tbody><\/table>\t\t\t\t\t\t<\/div>\n\t\t\t\t<\/div>\n\t\t\t\t\t<\/div>\n\t\t<\/div>\n\t\t\t\t\t<\/div>\n\t\t<\/section>\n\t\t\t\t<\/div>\n\t\t","protected":false},"excerpt":{"rendered":"<p>\u00a0 \u00a0\u0627\u0644\u0645\u0642\u064a\u0627\u0633 \u00a0\u0627\u0644\u0646\u0642\u0627\u0637 \u00a0\u0627\u0644\u0627\u062c\u0627\u0628\u0629 GEOMETRIE ET PERSPECTIVE 01 \u00a0 Corrig\u00e9 type Geomertrie et perspective 1ere ann\u00e9e design HISTOIRE DE L\u2019ART note examen histoire de l&#8217;art 1 note TD histoire de l&#8217;art 1 note examen histoire de l&#8217;art 1 \u00a0 DAO notes_examen_S1_DAO_ Design et architecture d&#8217;int\u00e9rieure \u00a0 MATERIAUX ET TECHNOLOGIE 1 notes_examne_S1_MATERIAUXETTECHNOLOGIE01_section Corrig\u00e9 Type mat\u00e9riaux S1, Jeudi 15 janvier 2026 1ere ann\u00e9e design TERMINOLOGIE 1 \u00a0 \u00a0 PHYSIQUE DU BATIMENT 1 note examen design 2026 ANGLAIS \u00a0 \u00a0<\/p>\n","protected":false},"author":1,"featured_media":0,"parent":0,"menu_order":0,"comment_status":"closed","ping_status":"closed","template":"","meta":{"footnotes":""},"class_list":["post-1981","page","type-page","status-publish","hentry"],"_links":{"self":[{"href":"https:\/\/www.univ-oeb.dz\/FSTA\/wp-json\/wp\/v2\/pages\/1981","targetHints":{"allow":["GET"]}}],"collection":[{"href":"https:\/\/www.univ-oeb.dz\/FSTA\/wp-json\/wp\/v2\/pages"}],"about":[{"href":"https:\/\/www.univ-oeb.dz\/FSTA\/wp-json\/wp\/v2\/types\/page"}],"author":[{"embeddable":true,"href":"https:\/\/www.univ-oeb.dz\/FSTA\/wp-json\/wp\/v2\/users\/1"}],"replies":[{"embeddable":true,"href":"https:\/\/www.univ-oeb.dz\/FSTA\/wp-json\/wp\/v2\/comments?post=1981"}],"version-history":[{"count":141,"href":"https:\/\/www.univ-oeb.dz\/FSTA\/wp-json\/wp\/v2\/pages\/1981\/revisions"}],"predecessor-version":[{"id":11049,"href":"https:\/\/www.univ-oeb.dz\/FSTA\/wp-json\/wp\/v2\/pages\/1981\/revisions\/11049"}],"wp:attachment":[{"href":"https:\/\/www.univ-oeb.dz\/FSTA\/wp-json\/wp\/v2\/media?parent=1981"}],"curies":[{"name":"wp","href":"https:\/\/api.w.org\/{rel}","templated":true}]}}