{"id":1980,"date":"2024-01-24T20:23:10","date_gmt":"2024-01-24T19:23:10","guid":{"rendered":"http:\/\/www.univ-oeb.dz\/FSTA\/?page_id=1980"},"modified":"2026-01-29T11:24:21","modified_gmt":"2026-01-29T10:24:21","slug":"%d9%86%d9%82%d8%a7%d8%b7-%d8%a7%d9%84%d8%b3%d8%af%d8%a7%d8%b3%d9%8a-%d8%a7%d9%84%d8%a3%d9%88%d9%84-%d8%a7%d9%84%d8%b3%d9%86%d8%a9-%d8%a7%d9%84%d8%a3%d9%88%d9%84%d9%89-%d9%84%d9%8a%d8%b3%d8%a7%d9%86","status":"publish","type":"page","link":"https:\/\/www.univ-oeb.dz\/FSTA\/%d9%86%d9%82%d8%a7%d8%b7-%d8%a7%d9%84%d8%b3%d8%af%d8%a7%d8%b3%d9%8a-%d8%a7%d9%84%d8%a3%d9%88%d9%84-%d8%a7%d9%84%d8%b3%d9%86%d8%a9-%d8%a7%d9%84%d8%a3%d9%88%d9%84%d9%89-%d9%84%d9%8a%d8%b3%d8%a7%d9%86\/","title":{"rendered":"\u0646\u0642\u0627\u0637 \u0627\u0644\u0633\u062f\u0627\u0633\u064a \u0627\u0644\u0627\u0648\u0644 \u0627\u0644\u0633\u0646\u0629 \u0627\u0644\u0623\u0648\u0644\u0649 \u0644\u064a\u0633\u0627\u0646\u0633 \u0647\u0646\u062f\u0633\u0629 \u0645\u0639\u0645\u0627\u0631\u064a\u0629 2025-2026"},"content":{"rendered":"\t\t<div data-elementor-type=\"wp-page\" data-elementor-id=\"1980\" class=\"elementor elementor-1980\">\n\t\t\t\t\t\t<section class=\"elementor-section elementor-top-section elementor-element elementor-element-8c77386 elementor-section-boxed elementor-section-height-default elementor-section-height-default wpr-particle-no wpr-jarallax-no wpr-parallax-no wpr-sticky-section-no\" data-id=\"8c77386\" data-element_type=\"section\">\n\t\t\t\t\t\t<div class=\"elementor-container elementor-column-gap-default\">\n\t\t\t\t\t<div class=\"elementor-column elementor-col-100 elementor-top-column elementor-element elementor-element-fe02226\" data-id=\"fe02226\" data-element_type=\"column\">\n\t\t\t<div class=\"elementor-widget-wrap elementor-element-populated\">\n\t\t\t\t\t\t<div class=\"elementor-element elementor-element-a9b5704 elementor-widget elementor-widget-text-editor\" data-id=\"a9b5704\" data-element_type=\"widget\" data-widget_type=\"text-editor.default\">\n\t\t\t\t<div class=\"elementor-widget-container\">\n\t\t\t\t\t\t\t<table><tbody><tr><td width=\"313\"><p>\u0627\u0644\u0645\u0642\u064a\u0627\u0633<\/p><\/td><td width=\"214\"><p>\u0627\u0644\u0639\u0644\u0627\u0645\u0629<\/p><\/td><td width=\"214\"><p>\u0627\u0644\u062a\u0635\u062d\u064a\u062d \u0627\u0644\u0646\u0645\u0648\u0630\u062c\u064a<\/p><\/td><\/tr><tr><td width=\"313\"><p style=\"text-align: center;\"><strong>GEOMETRIE DE\u00a0 L\u2019ESPACE 1<\/strong><\/p><\/td><td width=\"214\">\u00a0<\/td><td width=\"214\"><a href=\"https:\/\/www.univ-oeb.dz\/FSTA\/wp-content\/uploads\/2026\/01\/Corrige-type-Geomertrie-de-lespace-1ere-annee-architecture.pdf\">Corrig\u00e9 type Geomertrie de l&#8217;espace 1ere ann\u00e9e architecture<\/a><\/td><\/tr><tr><td width=\"313\"><p style=\"text-align: center;\"><strong>THEORIE DE<\/strong><br \/><strong>\u00a0PROJET 1<\/strong><\/p><\/td><td width=\"214\"><a href=\"https:\/\/www.univ-oeb.dz\/FSTA\/wp-content\/uploads\/2026\/01\/theorie-du-projet-1.pdf\">theorie du projet 1<\/a><\/td><td width=\"214\"><a href=\"https:\/\/www.univ-oeb.dz\/FSTA\/wp-content\/uploads\/2026\/01\/corige-type-theorie-du-projet-1-1ere-annee-architecture.pdf\">corig\u00e9 type theorie du projet 1 1ere ann\u00e9e architecture<\/a><\/td><\/tr><tr><td width=\"313\"><p style=\"text-align: center;\"><strong>TECHNOLOGIE DES<\/strong><br \/><strong>MATERIAUX DE<\/strong><br \/><strong>\u00a0CONSTRUCTION 1\u00a0<\/strong><\/p><\/td><td width=\"214\"><p><a href=\"https:\/\/www.univ-oeb.dz\/FSTA\/wp-content\/uploads\/2026\/01\/notes_examne_S1_TECHNOLOGIEDESMATERIAUXDECONSTRUCTION1_section.pdf\">notes_examne_S1_TECHNOLOGIEDESMATERIAUXDECONSTRUCTION1_section<\/a><\/p><p><a href=\"https:\/\/www.univ-oeb.dz\/FSTA\/wp-content\/uploads\/2026\/01\/notes_ccf__technologiedesmateriauxdeconstruction1_section_groupe1.pdf\">notes_ccf__technologiedesmateriauxdeconstruction1_section_groupe1<\/a>\u00a0<\/p><\/td><td width=\"214\"><a href=\"https:\/\/www.univ-oeb.dz\/FSTA\/wp-content\/uploads\/2026\/01\/Corrige-Type-finale-TMC-S1-15-Janvier-2025-1ere-annee-architeture.pdf\">Corrig\u00e9 Type finale TMC, S1, 15 Janvier 2025 1ere ann\u00e9e architeture<\/a><\/td><\/tr><tr><td width=\"313\"><p style=\"text-align: center;\"><strong>HISTOIRE DE L\u2019ARCHITECTURE 1<\/strong><\/p><\/td><td width=\"214\"><p><a href=\"https:\/\/www.univ-oeb.dz\/FSTA\/wp-content\/uploads\/2026\/01\/Pv-note-examen-HCA-Gr-1-et-2-semestre-1.pdf\">Pv note examen HCA Gr 1 et 2 semestre 1.<\/a><\/p><p><a href=\"https:\/\/www.univ-oeb.dz\/FSTA\/wp-content\/uploads\/2026\/01\/pv-HCA-1er-semestre.pdf\">pv HCA 1er semestre<\/a><\/p><\/td><td width=\"214\"><a href=\"https:\/\/www.univ-oeb.dz\/FSTA\/wp-content\/uploads\/2026\/01\/Corrige-type-Control-HA1-1ere-annee-architecture.pdf\">Corrig\u00e9 type Control HA1 1ere ann\u00e9e architecture<\/a><\/td><\/tr><tr><td style=\"text-align: center;\" width=\"313\"><strong>MATHEMATIQUES<\/strong><\/td><td width=\"214\"><a href=\"https:\/\/www.univ-oeb.dz\/FSTA\/wp-content\/uploads\/2026\/01\/1ere-annee-licence-1-1-2.xlsx\">1\u00e9re ann\u00e9e licence (1) (1) (2)<\/a><\/td><td width=\"214\"><a href=\"https:\/\/www.univ-oeb.dz\/FSTA\/wp-content\/uploads\/2026\/01\/corrige-de-type-de-math-L1.pdf\">corrig\u00e9 de type de math L1<\/a><\/td><\/tr><tr><td width=\"313\">\u00a0<\/td><td width=\"214\">\u00a0<\/td><td width=\"214\">\u00a0<\/td><\/tr><\/tbody><\/table>\t\t\t\t\t\t<\/div>\n\t\t\t\t<\/div>\n\t\t\t\t\t<\/div>\n\t\t<\/div>\n\t\t\t\t\t<\/div>\n\t\t<\/section>\n\t\t\t\t<\/div>\n\t\t","protected":false},"excerpt":{"rendered":"<p>\u0627\u0644\u0645\u0642\u064a\u0627\u0633 \u0627\u0644\u0639\u0644\u0627\u0645\u0629 \u0627\u0644\u062a\u0635\u062d\u064a\u062d \u0627\u0644\u0646\u0645\u0648\u0630\u062c\u064a GEOMETRIE DE\u00a0 L\u2019ESPACE 1 \u00a0 Corrig\u00e9 type Geomertrie de l&#8217;espace 1ere ann\u00e9e architecture THEORIE DE\u00a0PROJET 1 theorie du projet 1 corig\u00e9 type theorie du projet 1 1ere ann\u00e9e architecture TECHNOLOGIE DESMATERIAUX DE\u00a0CONSTRUCTION 1\u00a0 notes_examne_S1_TECHNOLOGIEDESMATERIAUXDECONSTRUCTION1_section notes_ccf__technologiedesmateriauxdeconstruction1_section_groupe1\u00a0 Corrig\u00e9 Type finale TMC, S1, 15 Janvier 2025 1ere ann\u00e9e architeture HISTOIRE DE L\u2019ARCHITECTURE 1 Pv note examen HCA Gr 1 et 2 semestre 1. pv HCA 1er semestre Corrig\u00e9 type Control HA1 1ere ann\u00e9e architecture MATHEMATIQUES 1\u00e9re ann\u00e9e licence (1) (1) (2) corrig\u00e9 de type de math L1 \u00a0 \u00a0 \u00a0<\/p>\n","protected":false},"author":1,"featured_media":0,"parent":0,"menu_order":0,"comment_status":"closed","ping_status":"closed","template":"","meta":{"footnotes":""},"class_list":["post-1980","page","type-page","status-publish","hentry"],"_links":{"self":[{"href":"https:\/\/www.univ-oeb.dz\/FSTA\/wp-json\/wp\/v2\/pages\/1980","targetHints":{"allow":["GET"]}}],"collection":[{"href":"https:\/\/www.univ-oeb.dz\/FSTA\/wp-json\/wp\/v2\/pages"}],"about":[{"href":"https:\/\/www.univ-oeb.dz\/FSTA\/wp-json\/wp\/v2\/types\/page"}],"author":[{"embeddable":true,"href":"https:\/\/www.univ-oeb.dz\/FSTA\/wp-json\/wp\/v2\/users\/1"}],"replies":[{"embeddable":true,"href":"https:\/\/www.univ-oeb.dz\/FSTA\/wp-json\/wp\/v2\/comments?post=1980"}],"version-history":[{"count":137,"href":"https:\/\/www.univ-oeb.dz\/FSTA\/wp-json\/wp\/v2\/pages\/1980\/revisions"}],"predecessor-version":[{"id":10907,"href":"https:\/\/www.univ-oeb.dz\/FSTA\/wp-json\/wp\/v2\/pages\/1980\/revisions\/10907"}],"wp:attachment":[{"href":"https:\/\/www.univ-oeb.dz\/FSTA\/wp-json\/wp\/v2\/media?parent=1980"}],"curies":[{"name":"wp","href":"https:\/\/api.w.org\/{rel}","templated":true}]}}