{"id":1972,"date":"2024-01-24T19:27:33","date_gmt":"2024-01-24T18:27:33","guid":{"rendered":"http:\/\/www.univ-oeb.dz\/FSTA\/?page_id=1972"},"modified":"2026-01-25T09:53:58","modified_gmt":"2026-01-25T08:53:58","slug":"%d9%86%d9%82%d8%a7%d8%b7-%d8%a7%d9%84%d8%b3%d8%af%d8%a7%d8%b3%d9%8a-%d8%a7%d9%84%d8%a3%d9%88%d9%84-%d9%84%d9%84%d8%b3%d9%86%d8%a9-%d8%ab%d8%a7%d9%86%d9%8a%d8%a9-%d9%85%d8%a7%d8%b3%d8%aa%d8%b1-%d8%aa","status":"publish","type":"page","link":"https:\/\/www.univ-oeb.dz\/FSTA\/%d9%86%d9%82%d8%a7%d8%b7-%d8%a7%d9%84%d8%b3%d8%af%d8%a7%d8%b3%d9%8a-%d8%a7%d9%84%d8%a3%d9%88%d9%84-%d9%84%d9%84%d8%b3%d9%86%d8%a9-%d8%ab%d8%a7%d9%86%d9%8a%d8%a9-%d9%85%d8%a7%d8%b3%d8%aa%d8%b1-%d8%aa\/","title":{"rendered":"\u0646\u0642\u0627\u0637 \u0627\u0644\u0633\u062f\u0627\u0633\u064a \u0627\u0644\u0627\u0648\u0644 \u0644\u0644\u0633\u0646\u0629 \u062b\u0627\u0646\u064a\u0629 \u0645\u0627\u0633\u062a\u0631 \u062a\u0647\u064a\u0626\u0629 \u062d\u0636\u0631\u064a\u0629 2025-2026"},"content":{"rendered":"\t\t<div data-elementor-type=\"wp-page\" data-elementor-id=\"1972\" class=\"elementor elementor-1972\">\n\t\t\t\t\t\t<section class=\"elementor-section elementor-top-section elementor-element elementor-element-291f71d elementor-section-full_width elementor-section-height-default elementor-section-height-default wpr-particle-no wpr-jarallax-no wpr-parallax-no wpr-sticky-section-no\" data-id=\"291f71d\" data-element_type=\"section\">\n\t\t\t\t\t\t<div class=\"elementor-container elementor-column-gap-no\">\n\t\t\t\t\t<div class=\"elementor-column elementor-col-100 elementor-top-column elementor-element elementor-element-28ccf6e\" data-id=\"28ccf6e\" data-element_type=\"column\">\n\t\t\t<div class=\"elementor-widget-wrap elementor-element-populated\">\n\t\t\t\t\t\t<div class=\"elementor-element elementor-element-be541a7 elementor-widget elementor-widget-text-editor\" data-id=\"be541a7\" data-element_type=\"widget\" data-widget_type=\"text-editor.default\">\n\t\t\t\t<div class=\"elementor-widget-container\">\n\t\t\t\t\t\t\t<table width=\"651\"><tbody><tr><td width=\"304\"><p>\u0627\u0644\u0645\u0642\u064a\u0627\u0633<\/p><\/td><td width=\"180\"><p>\u0627\u0644\u0639\u0644\u0627\u0645\u0629<\/p><\/td><td width=\"168\"><p>\u0627\u0644\u062a\u0635\u062d\u064a\u062d \u0627\u0644\u0646\u0645\u0648\u0630\u062c\u064a<\/p><\/td><\/tr><tr><td width=\"304\"><p style=\"text-align: center;\">Sociologie urbaine<\/p><\/td><td width=\"180\">\u00a0<\/td><td width=\"168\"><a href=\"https:\/\/www.univ-oeb.dz\/FSTA\/wp-content\/uploads\/2026\/01\/\u0627\u0644\u062a\u0635\u062d\u064a\u062d-\u0627\u0644\u0646\u0645\u0648\u062f\u062d\u064a-\u0644\u0645\u0642\u064a\u0627\u0633-\u0639\u0644\u0645-\u0627\u0644\u0627\u062c\u062a\u0645\u0627\u0639-\u0627\u0644\u062d\u0636\u0631\u064a.pdf\">\u0627\u0644\u062a\u0635\u062d\u064a\u062d \u0627\u0644\u0646\u0645\u0648\u062f\u062d\u064a \u0644\u0645\u0642\u064a\u0627\u0633 \u0639\u0644\u0645 \u0627\u0644\u0627\u062c\u062a\u0645\u0627\u0639 \u0627\u0644\u062d\u0636\u0631\u064a<\/a><\/td><\/tr><tr><td width=\"304\"><p style=\"text-align: center;\">Structures urbaines<\/p><\/td><td width=\"180\">\u00a0<\/td><td width=\"168\"><a href=\"https:\/\/www.univ-oeb.dz\/FSTA\/wp-content\/uploads\/2026\/01\/STRUCTURE-URBAINE-\u0627\u0645\u062a\u062d\u0627\u0646-\u0644\u0644\u0633\u062f\u0627\u0633\u064a-\u0627\u0644\u0627\u0648\u0644-\u0627\u0644\u0633\u0646\u0629-\u0627\u0644\u062b\u0627\u0646\u064a\u0629-\u0645\u0627\u0633\u062a\u0631-\u0645\u0642\u064a\u0627\u0633.docx\">STRUCTURE URBAINE \u0627\u0645\u062a\u062d\u0627\u0646 \u0644\u0644\u0633\u062f\u0627\u0633\u064a \u0627\u0644\u0627\u0648\u0644 &#8211; \u0627\u0644\u0633\u0646\u0629 \u0627\u0644\u062b\u0627\u0646\u064a\u0629 \u0645\u0627\u0633\u062a\u0631 &#8211; \u0645\u0642\u064a\u0627\u0633<\/a><\/td><\/tr><tr><td width=\"304\"><p style=\"text-align: center;\">M\u00e9thodologie de la recherche et<br \/>techniques d\u2019enqu\u00eate<\/p><\/td><td width=\"180\">\u00a0<\/td><td width=\"168\"><a href=\"https:\/\/www.univ-oeb.dz\/FSTA\/wp-content\/uploads\/2026\/01\/\u0627\u0645\u062a\u062d\u0627\u0646-\u0627\u0644\u0645\u0646\u0647\u062c\u064a\u0629-\u0648\u062a\u0642\u0646\u064a\u0627\u062a-\u0627\u0644\u0628\u062d\u062b.pdf\">\u0627\u0645\u062a\u062d\u0627\u0646 \u0627\u0644\u0645\u0646\u0647\u062c\u064a\u0629 \u0648\u062a\u0642\u0646\u064a\u0627\u062a \u0627\u0644\u0628\u062d\u062b<\/a><\/td><\/tr><tr><td width=\"304\"><p style=\"text-align: center;\">Ville et d\u00e9veloppement durable<\/p><\/td><td width=\"180\">\u00a0<\/td><td width=\"168\"><a href=\"https:\/\/www.univ-oeb.dz\/FSTA\/wp-content\/uploads\/2026\/01\/amg_M2_villes_developpement_durable.pdf\">amg_M2_villes_d\u00e9veloppement_durable<\/a><\/td><\/tr><tr><td width=\"304\"><p style=\"text-align: center;\">SIG et applications num\u00e9riques<\/p><\/td><td width=\"180\">\u00a0<\/td><td width=\"168\"><a href=\"https:\/\/www.univ-oeb.dz\/FSTA\/wp-content\/uploads\/2026\/01\/Amg_annee-M2_-SIG_-et_-applications_-numeriques.doc\">Amg_ann\u00e9e (M2)_ SIG_ et_ applications_ num\u00e9riques<\/a><\/td><\/tr><tr><td width=\"304\"><p style=\"text-align: center;\">Am\u00e9nagement urbain<\/p><\/td><td width=\"180\">\u00a0<\/td><td width=\"168\"><a href=\"https:\/\/www.univ-oeb.dz\/FSTA\/wp-content\/uploads\/2026\/01\/amg_annee-M2_Amenagement_Urbain_sujet-et-corriger-type.pdf\">amg_ann\u00e9e (M2)_Am\u00e9nagement_Urbain_sujet et corriger type<\/a><\/td><\/tr><tr><td width=\"304\"><p style=\"text-align: center;\">Entrepreneuriat<\/p><\/td><td width=\"180\">\u00a0<\/td><td width=\"168\"><a href=\"https:\/\/www.univ-oeb.dz\/FSTA\/wp-content\/uploads\/2026\/01\/amg_annee-M2_entrepreneuiat.pdf\">amg_ann\u00e9e (M2)_entrepreneuiat.<\/a><\/td><\/tr><tr><td width=\"304\">\u00a0<\/td><td width=\"180\">\u00a0<\/td><td width=\"168\">\u00a0<\/td><\/tr><\/tbody><\/table>\t\t\t\t\t\t<\/div>\n\t\t\t\t<\/div>\n\t\t\t\t\t<\/div>\n\t\t<\/div>\n\t\t\t\t\t<\/div>\n\t\t<\/section>\n\t\t\t\t<\/div>\n\t\t","protected":false},"excerpt":{"rendered":"<p>\u0627\u0644\u0645\u0642\u064a\u0627\u0633 \u0627\u0644\u0639\u0644\u0627\u0645\u0629 \u0627\u0644\u062a\u0635\u062d\u064a\u062d \u0627\u0644\u0646\u0645\u0648\u0630\u062c\u064a Sociologie urbaine \u00a0 \u0627\u0644\u062a\u0635\u062d\u064a\u062d \u0627\u0644\u0646\u0645\u0648\u062f\u062d\u064a \u0644\u0645\u0642\u064a\u0627\u0633 \u0639\u0644\u0645 \u0627\u0644\u0627\u062c\u062a\u0645\u0627\u0639 \u0627\u0644\u062d\u0636\u0631\u064a Structures urbaines \u00a0 STRUCTURE URBAINE \u0627\u0645\u062a\u062d\u0627\u0646 \u0644\u0644\u0633\u062f\u0627\u0633\u064a \u0627\u0644\u0627\u0648\u0644 &#8211; \u0627\u0644\u0633\u0646\u0629 \u0627\u0644\u062b\u0627\u0646\u064a\u0629 \u0645\u0627\u0633\u062a\u0631 &#8211; \u0645\u0642\u064a\u0627\u0633 M\u00e9thodologie de la recherche ettechniques d\u2019enqu\u00eate \u00a0 \u0627\u0645\u062a\u062d\u0627\u0646 \u0627\u0644\u0645\u0646\u0647\u062c\u064a\u0629 \u0648\u062a\u0642\u0646\u064a\u0627\u062a \u0627\u0644\u0628\u062d\u062b Ville et d\u00e9veloppement durable \u00a0 amg_M2_villes_d\u00e9veloppement_durable SIG et applications num\u00e9riques \u00a0 Amg_ann\u00e9e (M2)_ SIG_ et_ applications_ num\u00e9riques Am\u00e9nagement urbain \u00a0 amg_ann\u00e9e (M2)_Am\u00e9nagement_Urbain_sujet et corriger type Entrepreneuriat \u00a0 amg_ann\u00e9e (M2)_entrepreneuiat. \u00a0 \u00a0 \u00a0<\/p>\n","protected":false},"author":1,"featured_media":0,"parent":0,"menu_order":0,"comment_status":"closed","ping_status":"closed","template":"","meta":{"footnotes":""},"class_list":["post-1972","page","type-page","status-publish","hentry"],"_links":{"self":[{"href":"https:\/\/www.univ-oeb.dz\/FSTA\/wp-json\/wp\/v2\/pages\/1972","targetHints":{"allow":["GET"]}}],"collection":[{"href":"https:\/\/www.univ-oeb.dz\/FSTA\/wp-json\/wp\/v2\/pages"}],"about":[{"href":"https:\/\/www.univ-oeb.dz\/FSTA\/wp-json\/wp\/v2\/types\/page"}],"author":[{"embeddable":true,"href":"https:\/\/www.univ-oeb.dz\/FSTA\/wp-json\/wp\/v2\/users\/1"}],"replies":[{"embeddable":true,"href":"https:\/\/www.univ-oeb.dz\/FSTA\/wp-json\/wp\/v2\/comments?post=1972"}],"version-history":[{"count":98,"href":"https:\/\/www.univ-oeb.dz\/FSTA\/wp-json\/wp\/v2\/pages\/1972\/revisions"}],"predecessor-version":[{"id":10691,"href":"https:\/\/www.univ-oeb.dz\/FSTA\/wp-json\/wp\/v2\/pages\/1972\/revisions\/10691"}],"wp:attachment":[{"href":"https:\/\/www.univ-oeb.dz\/FSTA\/wp-json\/wp\/v2\/media?parent=1972"}],"curies":[{"name":"wp","href":"https:\/\/api.w.org\/{rel}","templated":true}]}}