{"id":1954,"date":"2024-01-24T19:20:30","date_gmt":"2024-01-24T18:20:30","guid":{"rendered":"http:\/\/www.univ-oeb.dz\/FSTA\/?page_id=1954"},"modified":"2026-01-21T10:10:44","modified_gmt":"2026-01-21T09:10:44","slug":"%d9%86%d9%82%d8%a7%d8%b7-%d8%a7%d9%84%d8%b3%d8%af%d8%a7%d8%b3%d9%8a-%d8%a7%d9%84%d8%a3%d9%88%d9%84-%d9%84%d9%84%d8%b3%d9%86%d8%a9-%d8%a7%d9%84%d8%ab%d8%a7%d9%84%d8%ab%d8%a9-%d9%84%d9%8a%d8%b3%d8%a7","status":"publish","type":"page","link":"https:\/\/www.univ-oeb.dz\/FSTA\/%d9%86%d9%82%d8%a7%d8%b7-%d8%a7%d9%84%d8%b3%d8%af%d8%a7%d8%b3%d9%8a-%d8%a7%d9%84%d8%a3%d9%88%d9%84-%d9%84%d9%84%d8%b3%d9%86%d8%a9-%d8%a7%d9%84%d8%ab%d8%a7%d9%84%d8%ab%d8%a9-%d9%84%d9%8a%d8%b3%d8%a7\/","title":{"rendered":"\u0646\u0642\u0627\u0637 \u0627\u0644\u0633\u062f\u0627\u0633\u064a \u0627\u0644\u0627\u0648\u0644 \u0644\u0644\u0633\u0646\u0629 \u0627\u0644\u062b\u0627\u0644\u062b\u0629 \u0644\u064a\u0633\u0627\u0646\u0633 \u062a\u0647\u064a\u0626\u0629 \u0627\u0644\u0625\u0642\u0644\u064a\u0645 2025-2026"},"content":{"rendered":"\t\t<div data-elementor-type=\"wp-page\" data-elementor-id=\"1954\" class=\"elementor elementor-1954\">\n\t\t\t\t\t\t<section class=\"elementor-section elementor-top-section elementor-element elementor-element-291f71d elementor-section-boxed elementor-section-height-default elementor-section-height-default wpr-particle-no wpr-jarallax-no wpr-parallax-no wpr-sticky-section-no\" data-id=\"291f71d\" data-element_type=\"section\">\n\t\t\t\t\t\t<div class=\"elementor-container elementor-column-gap-default\">\n\t\t\t\t\t<div class=\"elementor-column elementor-col-100 elementor-top-column elementor-element elementor-element-28ccf6e\" data-id=\"28ccf6e\" data-element_type=\"column\">\n\t\t\t<div class=\"elementor-widget-wrap elementor-element-populated\">\n\t\t\t\t\t\t<div class=\"elementor-element elementor-element-be541a7 elementor-widget elementor-widget-text-editor\" data-id=\"be541a7\" data-element_type=\"widget\" data-widget_type=\"text-editor.default\">\n\t\t\t\t<div class=\"elementor-widget-container\">\n\t\t\t\t\t\t\t<table width=\"484\"><tbody><tr><td width=\"225\"><p><strong>\u0627\u0644\u0645\u0642\u064a\u0627\u0633<\/strong><\/p><\/td><td width=\"145\"><p><strong>\u0627\u0644\u0639\u0644\u0627\u0645\u0629<\/strong><\/p><\/td><td width=\"113\"><p><strong>\u0627\u0644\u062a\u0635\u062d\u064a\u062d \u0627\u0644\u0646\u0645\u0648\u0630\u062c\u064a<\/strong><\/p><\/td><\/tr><tr><td width=\"225\"><p style=\"text-align: center;\">Equipements et services<\/p><\/td><td width=\"145\">\u00a0<\/td><td width=\"113\"><a href=\"https:\/\/www.univ-oeb.dz\/FSTA\/wp-content\/uploads\/2026\/01\/SOLUTION-1.pdf\">SOLUTION (1)<\/a><\/td><\/tr><tr><td width=\"225\"><p style=\"text-align: center;\">Mobilit\u00e9 et transports<\/p><\/td><td width=\"145\">\u00a0<\/td><td width=\"113\"><a href=\"https:\/\/www.univ-oeb.dz\/FSTA\/wp-content\/uploads\/2026\/01\/amg_anneeL3_mobilite_et_transport.pdf\">amg_ann\u00e9e(L3)_mobilit\u00e9_et_transport<\/a><\/td><\/tr><tr><td width=\"225\"><p style=\"text-align: center;\">Politiques d\u2019am\u00e9nagement du territoire<\/p><\/td><td width=\"145\">\u00a0<\/td><td width=\"113\"><a href=\"https:\/\/www.univ-oeb.dz\/FSTA\/wp-content\/uploads\/2026\/01\/\u0627\u0645\u062a\u062d\u0627\u0646-\u0648-\u0646\u0645\u0648\u0630\u062c-\u062a\u0635\u062d\u064a\u062d-\u0633\u064a\u0627\u0633\u0629-\u0627\u0644\u062a\u0647\u064a\u0626\u0629-\u0627\u0644\u0639\u0645\u0631\u0627\u0646\u064a\u0629.pdf\">\u0627\u0645\u062a\u062d\u0627\u0646 \u0648 \u0646\u0645\u0648\u0630\u062c \u062a\u0635\u062d\u064a\u062d \u0633\u064a\u0627\u0633\u0629 \u0627\u0644\u062a\u0647\u064a\u0626\u0629 \u0627\u0644\u0639\u0645\u0631\u0627\u0646\u064a\u0629<\/a><\/td><\/tr><tr><td width=\"225\"><p style=\"text-align: center;\">Applications des SIG<\/p><\/td><td width=\"145\">\u00a0<\/td><td width=\"113\"><a href=\"https:\/\/www.univ-oeb.dz\/FSTA\/wp-content\/uploads\/2026\/01\/amg_annee-L3_Application-des-SIG.docx\">amg_ann\u00e9e (L3)_Application des SIG<\/a><\/td><\/tr><tr><td width=\"225\"><p style=\"text-align: center;\">Techniques et pratiques de<\/p><ol style=\"text-align: center;\"><li>l\u2019am\u00e9nagement<\/li><\/ol><\/td><td style=\"text-align: center;\" width=\"145\">\u00a0<\/td><td width=\"113\"><a href=\"https:\/\/www.univ-oeb.dz\/FSTA\/wp-content\/uploads\/2026\/01\/amg-2026-L3-techniques-et-pratiques-de-lamenagement.pdf\">amg-2026 L3 techniques et pratiques de l&#8217;am\u00e9nagement<\/a><\/td><\/tr><tr><td width=\"225\"><p style=\"text-align: center;\">R\u00e9seaux et territoire<\/p><\/td><td width=\"145\">\u00a0<\/td><td width=\"113\"><a href=\"https:\/\/www.univ-oeb.dz\/FSTA\/wp-content\/uploads\/2026\/01\/amg_annee-L3_reseaux-et-terrioires.pdf\">amg_ann\u00e9e (L3)_r\u00e9seaux et terrioires.<\/a><\/td><\/tr><tr><td width=\"225\"><p style=\"text-align: center;\">Langue \u00e9trang\u00e8re<\/p><\/td><td width=\"145\">\u00a0<\/td><td width=\"113\"><a href=\"https:\/\/www.univ-oeb.dz\/FSTA\/wp-content\/uploads\/2026\/01\/Amg_annee-L3_Anglais-Exam-correction.pdf\">Amg_ann\u00e9e (L3)_Anglais- Exam correction<\/a><\/td><\/tr><\/tbody><\/table>\t\t\t\t\t\t<\/div>\n\t\t\t\t<\/div>\n\t\t\t\t\t<\/div>\n\t\t<\/div>\n\t\t\t\t\t<\/div>\n\t\t<\/section>\n\t\t\t\t<\/div>\n\t\t","protected":false},"excerpt":{"rendered":"<p>\u0627\u0644\u0645\u0642\u064a\u0627\u0633 \u0627\u0644\u0639\u0644\u0627\u0645\u0629 \u0627\u0644\u062a\u0635\u062d\u064a\u062d \u0627\u0644\u0646\u0645\u0648\u0630\u062c\u064a Equipements et services \u00a0 SOLUTION (1) Mobilit\u00e9 et transports \u00a0 amg_ann\u00e9e(L3)_mobilit\u00e9_et_transport Politiques d\u2019am\u00e9nagement du territoire \u00a0 \u0627\u0645\u062a\u062d\u0627\u0646 \u0648 \u0646\u0645\u0648\u0630\u062c \u062a\u0635\u062d\u064a\u062d \u0633\u064a\u0627\u0633\u0629 \u0627\u0644\u062a\u0647\u064a\u0626\u0629 \u0627\u0644\u0639\u0645\u0631\u0627\u0646\u064a\u0629 Applications des SIG \u00a0 amg_ann\u00e9e (L3)_Application des SIG Techniques et pratiques de l\u2019am\u00e9nagement \u00a0 amg-2026 L3 techniques et pratiques de l&#8217;am\u00e9nagement R\u00e9seaux et territoire \u00a0 amg_ann\u00e9e (L3)_r\u00e9seaux et terrioires. Langue \u00e9trang\u00e8re \u00a0 Amg_ann\u00e9e (L3)_Anglais- Exam correction<\/p>\n","protected":false},"author":1,"featured_media":0,"parent":0,"menu_order":0,"comment_status":"closed","ping_status":"closed","template":"","meta":{"footnotes":""},"class_list":["post-1954","page","type-page","status-publish","hentry"],"_links":{"self":[{"href":"https:\/\/www.univ-oeb.dz\/FSTA\/wp-json\/wp\/v2\/pages\/1954","targetHints":{"allow":["GET"]}}],"collection":[{"href":"https:\/\/www.univ-oeb.dz\/FSTA\/wp-json\/wp\/v2\/pages"}],"about":[{"href":"https:\/\/www.univ-oeb.dz\/FSTA\/wp-json\/wp\/v2\/types\/page"}],"author":[{"embeddable":true,"href":"https:\/\/www.univ-oeb.dz\/FSTA\/wp-json\/wp\/v2\/users\/1"}],"replies":[{"embeddable":true,"href":"https:\/\/www.univ-oeb.dz\/FSTA\/wp-json\/wp\/v2\/comments?post=1954"}],"version-history":[{"count":145,"href":"https:\/\/www.univ-oeb.dz\/FSTA\/wp-json\/wp\/v2\/pages\/1954\/revisions"}],"predecessor-version":[{"id":10447,"href":"https:\/\/www.univ-oeb.dz\/FSTA\/wp-json\/wp\/v2\/pages\/1954\/revisions\/10447"}],"wp:attachment":[{"href":"https:\/\/www.univ-oeb.dz\/FSTA\/wp-json\/wp\/v2\/media?parent=1954"}],"curies":[{"name":"wp","href":"https:\/\/api.w.org\/{rel}","templated":true}]}}