{"id":1945,"date":"2024-01-24T19:17:23","date_gmt":"2024-01-24T18:17:23","guid":{"rendered":"http:\/\/www.univ-oeb.dz\/FSTA\/?page_id=1945"},"modified":"2026-01-25T09:58:55","modified_gmt":"2026-01-25T08:58:55","slug":"%d9%86%d9%82%d8%a7%d8%b7-%d8%a7%d9%84%d8%b3%d8%af%d8%a7%d8%b3%d9%8a-%d8%a7%d9%84%d8%a3%d9%88%d9%84-%d9%84%d9%84%d8%b3%d9%86%d8%a9-%d8%a7%d9%84%d8%ab%d8%a7%d9%86%d9%8a%d8%a9-%d9%84%d9%8a%d8%b3%d8%a7","status":"publish","type":"page","link":"https:\/\/www.univ-oeb.dz\/FSTA\/%d9%86%d9%82%d8%a7%d8%b7-%d8%a7%d9%84%d8%b3%d8%af%d8%a7%d8%b3%d9%8a-%d8%a7%d9%84%d8%a3%d9%88%d9%84-%d9%84%d9%84%d8%b3%d9%86%d8%a9-%d8%a7%d9%84%d8%ab%d8%a7%d9%86%d9%8a%d8%a9-%d9%84%d9%8a%d8%b3%d8%a7\/","title":{"rendered":"\u0646\u0642\u0627\u0637 \u0627\u0644\u0633\u062f\u0627\u0633\u064a \u0627\u0644\u0627\u0648\u0644 \u0644\u0644\u0633\u0646\u0629 \u0627\u0644\u062b\u0627\u0646\u064a\u0629 \u0644\u064a\u0633\u0627\u0646\u0633 \u062a\u0647\u064a\u0626\u0629 \u0625\u0642\u0644\u064a\u0645 2025-2026"},"content":{"rendered":"\t\t<div data-elementor-type=\"wp-page\" data-elementor-id=\"1945\" class=\"elementor elementor-1945\">\n\t\t\t\t\t\t<section class=\"elementor-section elementor-top-section elementor-element elementor-element-291f71d elementor-section-boxed elementor-section-height-default elementor-section-height-default wpr-particle-no wpr-jarallax-no wpr-parallax-no wpr-sticky-section-no\" data-id=\"291f71d\" data-element_type=\"section\">\n\t\t\t\t\t\t<div class=\"elementor-container elementor-column-gap-default\">\n\t\t\t\t\t<div class=\"elementor-column elementor-col-100 elementor-top-column elementor-element elementor-element-28ccf6e\" data-id=\"28ccf6e\" data-element_type=\"column\">\n\t\t\t<div class=\"elementor-widget-wrap elementor-element-populated\">\n\t\t\t\t\t\t<div class=\"elementor-element elementor-element-be541a7 elementor-widget elementor-widget-text-editor\" data-id=\"be541a7\" data-element_type=\"widget\" data-widget_type=\"text-editor.default\">\n\t\t\t\t<div class=\"elementor-widget-container\">\n\t\t\t\t\t\t\t<p>\u00a0<\/p><table width=\"497\"><tbody><tr><td width=\"194\"><p><strong>\u0627\u0644\u0645\u0642\u064a\u0627\u0633<\/strong><\/p><\/td><td width=\"180\"><p><strong>\u0627\u0644\u0639\u0644\u0627\u0645\u0629<\/strong><\/p><\/td><td width=\"123\"><p><strong>\u0627\u0644\u062a\u0635\u062d\u064a\u062d \u0627\u0644\u0646\u0645\u0648\u0630\u062c\u064a<\/strong><\/p><\/td><\/tr><tr><td width=\"194\"><p style=\"text-align: center;\">T\u00e9l\u00e9d\u00e9tection<\/p><\/td><td width=\"180\">\u00a0<\/td><td width=\"123\"><a href=\"https:\/\/www.univ-oeb.dz\/FSTA\/wp-content\/uploads\/2026\/01\/sujet-SIG.pdf\">sujet SIG<\/a><\/td><\/tr><tr><td width=\"194\"><p style=\"text-align: center;\">Villes et R\u00e9gions<\/p><\/td><td width=\"180\">\u00a0<\/td><td width=\"123\"><a href=\"https:\/\/www.univ-oeb.dz\/FSTA\/wp-content\/uploads\/2026\/01\/amg_L2_villes_regions.pdf\">amg_L2_villes_r\u00e9gions<\/a><\/td><\/tr><tr><td style=\"text-align: center;\" width=\"194\">Introduction aux SIG<\/td><td width=\"180\">\u00a0<\/td><td width=\"123\"><a href=\"https:\/\/www.univ-oeb.dz\/FSTA\/wp-content\/uploads\/2026\/01\/amg_annee-L2_Introduction-aux-SIG.pdf\">amg_ann\u00e9e (L2)_Introduction aux SIG<\/a><\/td><\/tr><tr><td width=\"194\"><p style=\"text-align: center;\">Bioclimatologie<\/p><\/td><td width=\"180\">\u00a0<\/td><td width=\"123\"><a href=\"https:\/\/www.univ-oeb.dz\/FSTA\/wp-content\/uploads\/2026\/01\/corrige-type.odt\">corrig\u00e9 type<\/a><\/td><\/tr><tr><td width=\"194\"><p style=\"text-align: center;\">Analyse d\u00e9mographique<\/p><\/td><td width=\"180\">\u00a0<\/td><td width=\"123\"><a href=\"https:\/\/www.univ-oeb.dz\/FSTA\/wp-content\/uploads\/2026\/01\/amg_annee-L2_Analyse_demographique_sujet-et-corriger-type.pdf\">amg_ann\u00e9e (L2)_Analyse_d\u00e9mographique_sujet et corriger type<\/a><\/td><\/tr><tr><td width=\"194\"><p style=\"text-align: center;\">Hydrologie<\/p><\/td><td width=\"180\">\u00a0<\/td><td width=\"123\"><a href=\"https:\/\/www.univ-oeb.dz\/FSTA\/wp-content\/uploads\/2026\/01\/correction-hydro.odt\">correction hydro<\/a><\/td><\/tr><tr><td width=\"194\"><p style=\"text-align: center;\">Economie<\/p><\/td><td width=\"180\">\u00a0<\/td><td width=\"123\"><a href=\"https:\/\/www.univ-oeb.dz\/FSTA\/wp-content\/uploads\/2026\/01\/SOLUTION-4.pdf\">SOLUTION (4)<\/a><\/td><\/tr><tr><td width=\"194\"><p style=\"text-align: center;\">Analyse des documents<\/p><p style=\"text-align: center;\">cartographiques<\/p><\/td><td style=\"text-align: center;\" width=\"180\">\u00a0<\/td><td width=\"123\"><a href=\"https:\/\/www.univ-oeb.dz\/FSTA\/wp-content\/uploads\/2026\/01\/Amg_annee-L2_Analyse_des-documents-cartographiques-Corrige-type.pdf\">Amg_ann\u00e9e (L2)_Analyse_des documents cartographiques-Corrig\u00e9 type<\/a><\/td><\/tr><tr><td width=\"194\"><p style=\"text-align: center;\">Langue 3 (Anglais)<\/p><\/td><td width=\"180\">\u00a0<\/td><td width=\"123\"><a href=\"https:\/\/www.univ-oeb.dz\/FSTA\/wp-content\/uploads\/2026\/01\/Amenagement-amg_annee-L2-Anglais.docx\">Am\u00e9nagement amg_ann\u00e9e (L2) Anglais<\/a><\/td><\/tr><\/tbody><\/table>\t\t\t\t\t\t<\/div>\n\t\t\t\t<\/div>\n\t\t\t\t\t<\/div>\n\t\t<\/div>\n\t\t\t\t\t<\/div>\n\t\t<\/section>\n\t\t\t\t<\/div>\n\t\t","protected":false},"excerpt":{"rendered":"<p>\u00a0 \u0627\u0644\u0645\u0642\u064a\u0627\u0633 \u0627\u0644\u0639\u0644\u0627\u0645\u0629 \u0627\u0644\u062a\u0635\u062d\u064a\u062d \u0627\u0644\u0646\u0645\u0648\u0630\u062c\u064a T\u00e9l\u00e9d\u00e9tection \u00a0 sujet SIG Villes et R\u00e9gions \u00a0 amg_L2_villes_r\u00e9gions Introduction aux SIG \u00a0 amg_ann\u00e9e (L2)_Introduction aux SIG Bioclimatologie \u00a0 corrig\u00e9 type Analyse d\u00e9mographique \u00a0 amg_ann\u00e9e (L2)_Analyse_d\u00e9mographique_sujet et corriger type Hydrologie \u00a0 correction hydro Economie \u00a0 SOLUTION (4) Analyse des documents cartographiques \u00a0 Amg_ann\u00e9e (L2)_Analyse_des documents cartographiques-Corrig\u00e9 type Langue 3 (Anglais) \u00a0 Am\u00e9nagement amg_ann\u00e9e (L2) Anglais<\/p>\n","protected":false},"author":1,"featured_media":0,"parent":0,"menu_order":0,"comment_status":"closed","ping_status":"closed","template":"","meta":{"footnotes":""},"class_list":["post-1945","page","type-page","status-publish","hentry"],"_links":{"self":[{"href":"https:\/\/www.univ-oeb.dz\/FSTA\/wp-json\/wp\/v2\/pages\/1945","targetHints":{"allow":["GET"]}}],"collection":[{"href":"https:\/\/www.univ-oeb.dz\/FSTA\/wp-json\/wp\/v2\/pages"}],"about":[{"href":"https:\/\/www.univ-oeb.dz\/FSTA\/wp-json\/wp\/v2\/types\/page"}],"author":[{"embeddable":true,"href":"https:\/\/www.univ-oeb.dz\/FSTA\/wp-json\/wp\/v2\/users\/1"}],"replies":[{"embeddable":true,"href":"https:\/\/www.univ-oeb.dz\/FSTA\/wp-json\/wp\/v2\/comments?post=1945"}],"version-history":[{"count":259,"href":"https:\/\/www.univ-oeb.dz\/FSTA\/wp-json\/wp\/v2\/pages\/1945\/revisions"}],"predecessor-version":[{"id":10699,"href":"https:\/\/www.univ-oeb.dz\/FSTA\/wp-json\/wp\/v2\/pages\/1945\/revisions\/10699"}],"wp:attachment":[{"href":"https:\/\/www.univ-oeb.dz\/FSTA\/wp-json\/wp\/v2\/media?parent=1945"}],"curies":[{"name":"wp","href":"https:\/\/api.w.org\/{rel}","templated":true}]}}