{"id":1933,"date":"2024-01-24T19:09:53","date_gmt":"2024-01-24T18:09:53","guid":{"rendered":"http:\/\/www.univ-oeb.dz\/FSTA\/?page_id=1933"},"modified":"2024-02-07T15:13:09","modified_gmt":"2024-02-07T14:13:09","slug":"%d9%86%d9%82%d8%a7%d8%b7-%d8%a7%d9%84%d8%b3%d8%af%d8%a7%d8%b3%d9%8a-%d8%a7%d9%84%d8%a3%d9%88%d9%84-%d9%84%d9%84%d8%b3%d9%86%d8%a9-%d8%a3%d9%88%d9%84%d9%89-%d9%84%d9%8a%d8%b3%d8%a7%d9%86%d8%b3-%d8%ac","status":"publish","type":"page","link":"https:\/\/www.univ-oeb.dz\/FSTA\/%d9%86%d9%82%d8%a7%d8%b7-%d8%a7%d9%84%d8%b3%d8%af%d8%a7%d8%b3%d9%8a-%d8%a7%d9%84%d8%a3%d9%88%d9%84-%d9%84%d9%84%d8%b3%d9%86%d8%a9-%d8%a3%d9%88%d9%84%d9%89-%d9%84%d9%8a%d8%b3%d8%a7%d9%86%d8%b3-%d8%ac\/","title":{"rendered":"\u0646\u0642\u0627\u0637 \u0627\u0644\u0633\u062f\u0627\u0633\u064a \u0627\u0644\u0623\u0648\u0644 \u0644\u0644\u0633\u0646\u0629 \u0623\u0648\u0644\u0649 \u0644\u064a\u0633\u0627\u0646\u0633 \u062c\u0630\u0639 \u0645\u0634\u062a\u0631\u0643 \u062c\u063a\u0631\u0627\u0641\u064a\u0627 \u0648\u0627\u0644\u062a\u0647\u064a\u0626\u0629 \u0627\u0644\u0639\u0645\u0631\u0627\u0646\u064a\u0629 2023-2024"},"content":{"rendered":"\t\t<div data-elementor-type=\"wp-page\" data-elementor-id=\"1933\" class=\"elementor elementor-1933\">\n\t\t\t\t\t\t<section class=\"elementor-section elementor-top-section elementor-element elementor-element-2115660d elementor-section-boxed elementor-section-height-default elementor-section-height-default wpr-particle-no wpr-jarallax-no wpr-parallax-no wpr-sticky-section-no\" data-id=\"2115660d\" data-element_type=\"section\">\n\t\t\t\t\t\t<div class=\"elementor-container elementor-column-gap-default\">\n\t\t\t\t\t<div class=\"elementor-column elementor-col-100 elementor-top-column elementor-element elementor-element-33a9494\" data-id=\"33a9494\" data-element_type=\"column\">\n\t\t\t<div class=\"elementor-widget-wrap elementor-element-populated\">\n\t\t\t\t\t\t<div class=\"elementor-element elementor-element-1b243be4 elementor-widget elementor-widget-text-editor\" data-id=\"1b243be4\" data-element_type=\"widget\" data-widget_type=\"text-editor.default\">\n\t\t\t\t<div class=\"elementor-widget-container\">\n\t\t\t\t\t\t\t<!-- wp:paragraph -->\n<p><\/p>\n<!-- \/wp:paragraph -->\n\n<!-- wp:paragraph -->\n<p><\/p>\n<!-- \/wp:paragraph -->\t\t\t\t\t\t<\/div>\n\t\t\t\t<\/div>\n\t\t\t\t\t<\/div>\n\t\t<\/div>\n\t\t\t\t\t<\/div>\n\t\t<\/section>\n\t\t\t\t<section class=\"elementor-section elementor-top-section elementor-element elementor-element-291f71d elementor-section-boxed elementor-section-height-default elementor-section-height-default wpr-particle-no wpr-jarallax-no wpr-parallax-no wpr-sticky-section-no\" data-id=\"291f71d\" data-element_type=\"section\">\n\t\t\t\t\t\t<div class=\"elementor-container elementor-column-gap-default\">\n\t\t\t\t\t<div class=\"elementor-column elementor-col-100 elementor-top-column elementor-element elementor-element-28ccf6e\" data-id=\"28ccf6e\" data-element_type=\"column\">\n\t\t\t<div class=\"elementor-widget-wrap elementor-element-populated\">\n\t\t\t\t\t\t<div class=\"elementor-element elementor-element-be541a7 elementor-widget elementor-widget-text-editor\" data-id=\"be541a7\" data-element_type=\"widget\" data-widget_type=\"text-editor.default\">\n\t\t\t\t<div class=\"elementor-widget-container\">\n\t\t\t\t\t\t\t<table width=\"574\">\n<tbody>\n<tr>\n<td width=\"281\">\n<p><strong>\u0627\u0644\u0645\u0642\u064a\u0627\u0633<\/strong><\/p>\n<\/td>\n<td width=\"170\">\n<p><strong>\u0627\u0644\u0639\u0644\u0627\u0645\u0629<\/strong><\/p>\n<\/td>\n<td width=\"123\">\n<p><strong>\u0627\u0644\u062a\u0635\u062d\u064a\u062d \u0627\u0644\u0646\u0645\u0648\u0630\u062c\u064a<\/strong><\/p>\n<\/td>\n<\/tr>\n<tr>\n<td width=\"281\">\n<p><strong>Informatique 1<\/strong><\/p>\n<\/td>\n<td width=\"170\">\n<p><strong> <a href=\"https:\/\/www.univ-oeb.dz\/FSTA\/wp-content\/uploads\/2024\/02\/Amenagement-amg_annee-L1_Chimie-exam-1.xlsx\">Am\u00e9nagement amg_ann\u00e9e (L1)_Chimie exam<\/a><\/strong><\/p>\n<\/td>\n<td width=\"123\">\n<p><strong> <a href=\"https:\/\/www.univ-oeb.dz\/FSTA\/wp-content\/uploads\/2024\/02\/corrige-type.docx\">corrige type<\/a><\/strong><\/p>\n<\/td>\n<\/tr>\n<tr>\n<td width=\"281\">\n<p><strong>Biologie<\/strong><\/p>\n<\/td>\n<td width=\"170\">\n<p><strong> <a href=\"https:\/\/www.univ-oeb.dz\/FSTA\/wp-content\/uploads\/2024\/02\/notes_ccf__Biologie_Section1_Groupe1.xlsx\">notes_ccf__Biologie_Section1_Groupe1<\/a><\/strong><\/p>\n<p><a href=\"https:\/\/www.univ-oeb.dz\/FSTA\/wp-content\/uploads\/2024\/02\/notes_examne_S1_BIOLOGIE_Section-1-1cour.xlsx\">notes_examne_S1_BIOLOGIE_Section 1 (1)cour<\/a><\/p>\n<\/td>\n<td width=\"123\">\n<p><strong> <a href=\"https:\/\/www.univ-oeb.dz\/FSTA\/wp-content\/uploads\/2024\/02\/corrige-controle-bourmada.docx\">corrig\u00e9 controle bourmada<\/a><\/strong><\/p>\n<\/td>\n<\/tr>\n<tr>\n<td width=\"281\">\n<p><strong>Techniques Cartographiques<\/strong><\/p>\n<\/td>\n<td width=\"170\">\n<p><strong> <a href=\"https:\/\/www.univ-oeb.dz\/FSTA\/wp-content\/uploads\/2024\/02\/Techniques_cartographiques_Section-1.pdf\">Techniques_cartographiques_Section 1<\/a><\/strong><\/p>\n<\/td>\n<td width=\"123\">\n<p><strong> <a href=\"https:\/\/www.univ-oeb.dz\/FSTA\/wp-content\/uploads\/2024\/02\/Licence.pdf\">Licence<\/a><\/strong><\/p>\n<\/td>\n<\/tr>\n<tr>\n<td width=\"281\">\n<p><strong>Math\u00e9matiques 1 : Analyse math\u00e9matiques<\/strong><\/p>\n<\/td>\n<td width=\"170\">\n<p><strong> <a href=\"https:\/\/www.univ-oeb.dz\/FSTA\/wp-content\/uploads\/2024\/01\/notes_examne_S1_MATHEMATIQUE1_ANALYSEMATHEMATIQUE_Section-1-1-1.xlsx\">notes_examne_S1_MATHEMATIQUE1_ANALYSEMATHEMATIQUE_Section 1 (1) (1)<\/a><\/strong><\/p>\n<p><strong> <a href=\"https:\/\/www.univ-oeb.dz\/FSTA\/wp-content\/uploads\/2024\/01\/notes_ccf__Mathematique1_analysemathematique_Section1_Groupe1-1.xlsx\">notes_ccf__Mathematique1_analysemathematique_Section1_Groupe1 (1)<\/a><\/strong><\/p>\n<\/td>\n<td width=\"123\">\n<p><strong> <a href=\"https:\/\/www.univ-oeb.dz\/FSTA\/wp-content\/uploads\/2024\/01\/controle-L1-amenagement-matiere-mathematiques.pdf\">controle L1 am\u00e9nagement mati\u00e8re math\u00e9matiques<\/a> <\/strong><\/p>\n<p><strong><a href=\"https:\/\/www.univ-oeb.dz\/FSTA\/wp-content\/uploads\/2024\/01\/Corrige-type-L1-amenagement-matiere-mathematiques.pdf\">Corrig\u00e9 type L1 am\u00e9nagement mati\u00e8re math\u00e9matiques<\/a><\/strong><\/p>\n<\/td>\n<\/tr>\n<tr>\n<td width=\"281\">\n<p><strong>Chimie<\/strong><\/p>\n<\/td>\n<td width=\"170\">\n<p><strong> <a href=\"https:\/\/www.univ-oeb.dz\/FSTA\/wp-content\/uploads\/2024\/02\/Amenagement-amg_annee-L1_Chimie-exam.xlsx\">Am\u00e9nagement amg_ann\u00e9e (L1)_Chimie exam<\/a><\/strong><\/p>\n<\/td>\n<td width=\"123\">\n<p><strong> <a href=\"https:\/\/www.univ-oeb.dz\/FSTA\/wp-content\/uploads\/2024\/02\/correction-control.pdf\">correction control<\/a><\/strong><\/p>\n<\/td>\n<\/tr>\n<tr>\n<td width=\"281\">\n<p><strong>Analyse de l\u2019espace g\u00e9ographique et am\u00e9nagement du territoire 1<\/strong><\/p>\n<\/td>\n<td width=\"170\">\n<p><strong> <a href=\"https:\/\/www.univ-oeb.dz\/FSTA\/wp-content\/uploads\/2024\/02\/notes_examne_S1_ANALYSEDEL-ESPACEGEOGRAPHIQUEETAMENAGEMENTDUTERRITOIRE1_Section-1.xlsx\">notes_examne_S1_ANALYSEDEL ESPACEGEOGRAPHIQUEETAMENAGEMENTDUTERRITOIRE1_Section 1<\/a><\/strong><\/p>\n<\/td>\n<td width=\"123\">\n<p><strong>\u00a0<\/strong><\/p>\n<\/td>\n<\/tr>\n<tr>\n<td width=\"281\">\n<p><strong>Physique 1<\/strong><\/p>\n<\/td>\n<td width=\"170\">\n<p><strong> <a href=\"https:\/\/www.univ-oeb.dz\/FSTA\/wp-content\/uploads\/2024\/02\/notes_examne_S1_PHYSIQUE1_Section-1-2.xlsx\">notes_examne_S1_PHYSIQUE1_Section 1 (2)<\/a><\/strong><\/p>\n<\/td>\n<td width=\"123\">\n<p><strong> <a href=\"https:\/\/www.univ-oeb.dz\/FSTA\/wp-content\/uploads\/2024\/02\/Phy_L1_Amenagment.pdf\">Phy_L1_Amenagment<\/a><\/strong><\/p>\n<\/td>\n<\/tr>\n<tr>\n<td width=\"281\">\n<p><strong>G\u00e9ologie g\u00e9n\u00e9rale<\/strong><\/p>\n<\/td>\n<td width=\"170\">\n<p><strong> <a href=\"https:\/\/www.univ-oeb.dz\/FSTA\/wp-content\/uploads\/2024\/02\/Amg_-L1_General_geology_Exam-1.pdf\">Amg_ L1_General_geology_Exam (1)<\/a><\/strong><\/p>\n<\/td>\n<td width=\"123\">\n<p><strong> <a href=\"https:\/\/www.univ-oeb.dz\/FSTA\/wp-content\/uploads\/2024\/02\/Amg_L1_Geologie-generale-1.pdf\">Amg_L1_G\u00e9ologie g\u00e9n\u00e9rale (1)<\/a><\/strong><\/p>\n<\/td>\n<\/tr>\n<tr>\n<td width=\"281\">\n<p><strong>Langue fran\u00e7aise 1<\/strong><\/p>\n<\/td>\n<td width=\"170\">\n<p><strong> <a href=\"https:\/\/www.univ-oeb.dz\/FSTA\/wp-content\/uploads\/2024\/02\/Copy-of-notes_examne_S1_LANGUEFRANCAISE1_Section-1-21041.xlsx\">Copy of notes_examne_S1_LANGUEFRANCAISE1_Section 1 (2)(1041)<\/a><\/strong><\/p>\n<\/td>\n<td width=\"123\">\n<p><strong> <a href=\"https:\/\/www.univ-oeb.dz\/FSTA\/wp-content\/uploads\/2024\/02\/amg_annee-L1_francais.corrige-type.pdf\">amg_ann\u00e9e (L1)_fran\u00e7ais.corrig\u00e9 type<\/a><\/strong><\/p>\n<\/td>\n<\/tr>\n<\/tbody>\n<\/table>\t\t\t\t\t\t<\/div>\n\t\t\t\t<\/div>\n\t\t\t\t\t<\/div>\n\t\t<\/div>\n\t\t\t\t\t<\/div>\n\t\t<\/section>\n\t\t\t\t<\/div>\n\t\t","protected":false},"excerpt":{"rendered":"<p>\u0627\u0644\u0645\u0642\u064a\u0627\u0633 \u0627\u0644\u0639\u0644\u0627\u0645\u0629 \u0627\u0644\u062a\u0635\u062d\u064a\u062d \u0627\u0644\u0646\u0645\u0648\u0630\u062c\u064a Informatique 1 Am\u00e9nagement amg_ann\u00e9e (L1)_Chimie exam corrige type Biologie notes_ccf__Biologie_Section1_Groupe1 notes_examne_S1_BIOLOGIE_Section 1 (1)cour corrig\u00e9 controle bourmada Techniques Cartographiques Techniques_cartographiques_Section 1 Licence Math\u00e9matiques 1 : Analyse math\u00e9matiques notes_examne_S1_MATHEMATIQUE1_ANALYSEMATHEMATIQUE_Section 1 (1) (1) notes_ccf__Mathematique1_analysemathematique_Section1_Groupe1 (1) controle L1 am\u00e9nagement mati\u00e8re math\u00e9matiques Corrig\u00e9 type L1 am\u00e9nagement mati\u00e8re math\u00e9matiques Chimie Am\u00e9nagement amg_ann\u00e9e (L1)_Chimie exam correction control Analyse de l\u2019espace g\u00e9ographique et am\u00e9nagement du territoire 1 notes_examne_S1_ANALYSEDEL ESPACEGEOGRAPHIQUEETAMENAGEMENTDUTERRITOIRE1_Section 1 \u00a0 Physique 1 notes_examne_S1_PHYSIQUE1_Section 1 (2) Phy_L1_Amenagment G\u00e9ologie g\u00e9n\u00e9rale Amg_ L1_General_geology_Exam (1) Amg_L1_G\u00e9ologie g\u00e9n\u00e9rale (1) Langue fran\u00e7aise 1 Copy of notes_examne_S1_LANGUEFRANCAISE1_Section 1 (2)(1041) amg_ann\u00e9e (L1)_fran\u00e7ais.corrig\u00e9 type<\/p>\n","protected":false},"author":1,"featured_media":0,"parent":0,"menu_order":0,"comment_status":"closed","ping_status":"closed","template":"","meta":{"footnotes":""},"class_list":["post-1933","page","type-page","status-publish","hentry"],"_links":{"self":[{"href":"https:\/\/www.univ-oeb.dz\/FSTA\/wp-json\/wp\/v2\/pages\/1933","targetHints":{"allow":["GET"]}}],"collection":[{"href":"https:\/\/www.univ-oeb.dz\/FSTA\/wp-json\/wp\/v2\/pages"}],"about":[{"href":"https:\/\/www.univ-oeb.dz\/FSTA\/wp-json\/wp\/v2\/types\/page"}],"author":[{"embeddable":true,"href":"https:\/\/www.univ-oeb.dz\/FSTA\/wp-json\/wp\/v2\/users\/1"}],"replies":[{"embeddable":true,"href":"https:\/\/www.univ-oeb.dz\/FSTA\/wp-json\/wp\/v2\/comments?post=1933"}],"version-history":[{"count":45,"href":"https:\/\/www.univ-oeb.dz\/FSTA\/wp-json\/wp\/v2\/pages\/1933\/revisions"}],"predecessor-version":[{"id":2923,"href":"https:\/\/www.univ-oeb.dz\/FSTA\/wp-json\/wp\/v2\/pages\/1933\/revisions\/2923"}],"wp:attachment":[{"href":"https:\/\/www.univ-oeb.dz\/FSTA\/wp-json\/wp\/v2\/media?parent=1933"}],"curies":[{"name":"wp","href":"https:\/\/api.w.org\/{rel}","templated":true}]}}