{"id":10753,"date":"2026-01-26T08:38:34","date_gmt":"2026-01-26T07:38:34","guid":{"rendered":"https:\/\/www.univ-oeb.dz\/FSTA\/?page_id=10753"},"modified":"2026-01-26T08:49:07","modified_gmt":"2026-01-26T07:49:07","slug":"%d8%a7%d9%84%d8%b3%d9%86%d8%a9-%d8%a7%d9%84%d8%a7%d9%88%d9%84%d9%89-%d9%84%d9%8a%d8%b3%d8%a7%d9%86%d8%b3-%d8%a7%d9%86%d9%81%d9%88%d8%ba%d8%b1%d8%a7%d9%81%d9%8a%d8%a7-2025-2026","status":"publish","type":"page","link":"https:\/\/www.univ-oeb.dz\/FSTA\/%d8%a7%d9%84%d8%b3%d9%86%d8%a9-%d8%a7%d9%84%d8%a7%d9%88%d9%84%d9%89-%d9%84%d9%8a%d8%b3%d8%a7%d9%86%d8%b3-%d8%a7%d9%86%d9%81%d9%88%d8%ba%d8%b1%d8%a7%d9%81%d9%8a%d8%a7-2025-2026\/","title":{"rendered":"\u0627\u0644\u0633\u0646\u0629 \u0627\u0644\u0627\u0648\u0644\u0649 \u0644\u064a\u0633\u0627\u0646\u0633\u00a0\u0627\u0646\u0641\u0648\u063a\u0631\u0627\u0641\u064a\u0627\u00a02025-2026"},"content":{"rendered":"\t\t<div data-elementor-type=\"wp-page\" data-elementor-id=\"10753\" class=\"elementor elementor-10753\">\n\t\t\t\t\t\t<section class=\"elementor-section elementor-top-section elementor-element elementor-element-64ac7319 elementor-section-boxed elementor-section-height-default elementor-section-height-default wpr-particle-no wpr-jarallax-no wpr-parallax-no wpr-sticky-section-no\" data-id=\"64ac7319\" data-element_type=\"section\">\n\t\t\t\t\t\t<div class=\"elementor-container elementor-column-gap-default\">\n\t\t\t\t\t<div class=\"elementor-column elementor-col-100 elementor-top-column elementor-element elementor-element-353a5ead\" data-id=\"353a5ead\" data-element_type=\"column\">\n\t\t\t<div class=\"elementor-widget-wrap elementor-element-populated\">\n\t\t\t\t\t\t<div class=\"elementor-element elementor-element-32c46a21 elementor-widget elementor-widget-text-editor\" data-id=\"32c46a21\" data-element_type=\"widget\" data-widget_type=\"text-editor.default\">\n\t\t\t\t<div class=\"elementor-widget-container\">\n\t\t\t\t\t\t\t<!-- wp:table -->\n<figure class=\"wp-block-table\">\n<table class=\"has-fixed-layout\">\n<tbody>\n<tr>\n<td class=\"has-text-align-center\" data-align=\"center\">\u0627\u0644\u0645\u0648\u0627\u062f<\/td>\n<td class=\"has-text-align-center\" data-align=\"center\">\u0627\u0644\u0646\u0642\u0627\u0637<\/td>\n<td class=\"has-text-align-center\" data-align=\"center\">\u0627\u0644\u062a\u0635\u062d\u064a\u062d \u0627\u0644\u0646\u0645\u0648\u0630\u062c\u064a<\/td>\n<\/tr>\n<tr>\n<td class=\"has-text-align-center\" data-align=\"center\">GEOMETRIE DE L\u2019ESPACE 1<\/td>\n<td class=\"has-text-align-center\" data-align=\"center\">\u00a0<\/td>\n<td class=\"has-text-align-center\" data-align=\"center\"><a href=\"https:\/\/www.univ-oeb.dz\/FSTA\/wp-content\/uploads\/2026\/01\/Corrige-type-Geomertrie-de-lespace-1ere-annee-infographie.pdf\">Corrig\u00e9 type Geomertrie de l&#8217;espace 1ere ann\u00e9e infographie<\/a><\/td>\n<\/tr>\n<tr>\n<td class=\"has-text-align-center\" data-align=\"center\">INITIATION A L\u2019ARCHITECTURE 1<\/td>\n<td class=\"has-text-align-center\" data-align=\"center\">\u00a0<\/td>\n<td class=\"has-text-align-center\" data-align=\"center\"><a href=\"https:\/\/www.univ-oeb.dz\/FSTA\/wp-content\/uploads\/2026\/01\/Corrige-type-Initiation-a-larhitecture-L1-infographie.pdf\">Corrig\u00e9 type Initiation \u00e0 l&#8217;arhitecture L1 infographie<\/a><\/td>\n<\/tr>\n<tr>\n<td class=\"has-text-align-center\" data-align=\"center\">MATHEMATIQUE<\/td>\n<td class=\"has-text-align-center\" data-align=\"center\">\u00a0<\/td>\n<td class=\"has-text-align-center\" data-align=\"center\"><a href=\"https:\/\/www.univ-oeb.dz\/FSTA\/wp-content\/uploads\/2026\/01\/corrige-type-mathematique-1ere-annee-infographie.pdf\">corrig\u00e9 type math\u00e9matique 1ere ann\u00e9e infographie<\/a><\/td>\n<\/tr>\n<tr>\n<td class=\"has-text-align-center\" data-align=\"center\">\u00a0<\/td>\n<td class=\"has-text-align-center\" data-align=\"center\">\u00a0<\/td>\n<td class=\"has-text-align-center\" data-align=\"center\">\u00a0<\/td>\n<\/tr>\n<tr>\n<td class=\"has-text-align-center\" data-align=\"center\">\u00a0<\/td>\n<td class=\"has-text-align-center\" data-align=\"center\">\u00a0<\/td>\n<td class=\"has-text-align-center\" data-align=\"center\">\u00a0<\/td>\n<\/tr>\n<\/tbody>\n<\/table>\n<\/figure>\n<!-- \/wp:table -->\t\t\t\t\t\t<\/div>\n\t\t\t\t<\/div>\n\t\t\t\t\t<\/div>\n\t\t<\/div>\n\t\t\t\t\t<\/div>\n\t\t<\/section>\n\t\t\t\t<\/div>\n\t\t","protected":false},"excerpt":{"rendered":"<p>\u0627\u0644\u0645\u0648\u0627\u062f \u0627\u0644\u0646\u0642\u0627\u0637 \u0627\u0644\u062a\u0635\u062d\u064a\u062d \u0627\u0644\u0646\u0645\u0648\u0630\u062c\u064a GEOMETRIE DE L\u2019ESPACE 1 \u00a0 Corrig\u00e9 type Geomertrie de l&#8217;espace 1ere ann\u00e9e infographie INITIATION A L\u2019ARCHITECTURE 1 \u00a0 Corrig\u00e9 type Initiation \u00e0 l&#8217;arhitecture L1 infographie MATHEMATIQUE \u00a0 corrig\u00e9 type math\u00e9matique 1ere ann\u00e9e infographie \u00a0 \u00a0 \u00a0 \u00a0 \u00a0 \u00a0<\/p>\n","protected":false},"author":1,"featured_media":0,"parent":0,"menu_order":0,"comment_status":"closed","ping_status":"closed","template":"","meta":{"footnotes":""},"class_list":["post-10753","page","type-page","status-publish","hentry"],"_links":{"self":[{"href":"https:\/\/www.univ-oeb.dz\/FSTA\/wp-json\/wp\/v2\/pages\/10753","targetHints":{"allow":["GET"]}}],"collection":[{"href":"https:\/\/www.univ-oeb.dz\/FSTA\/wp-json\/wp\/v2\/pages"}],"about":[{"href":"https:\/\/www.univ-oeb.dz\/FSTA\/wp-json\/wp\/v2\/types\/page"}],"author":[{"embeddable":true,"href":"https:\/\/www.univ-oeb.dz\/FSTA\/wp-json\/wp\/v2\/users\/1"}],"replies":[{"embeddable":true,"href":"https:\/\/www.univ-oeb.dz\/FSTA\/wp-json\/wp\/v2\/comments?post=10753"}],"version-history":[{"count":10,"href":"https:\/\/www.univ-oeb.dz\/FSTA\/wp-json\/wp\/v2\/pages\/10753\/revisions"}],"predecessor-version":[{"id":10770,"href":"https:\/\/www.univ-oeb.dz\/FSTA\/wp-json\/wp\/v2\/pages\/10753\/revisions\/10770"}],"wp:attachment":[{"href":"https:\/\/www.univ-oeb.dz\/FSTA\/wp-json\/wp\/v2\/media?parent=10753"}],"curies":[{"name":"wp","href":"https:\/\/api.w.org\/{rel}","templated":true}]}}