{"id":7514,"date":"2023-04-29T13:43:42","date_gmt":"2023-04-29T10:43:42","guid":{"rendered":"http:\/\/www.univ-oeb.dz\/FLLE\/?page_id=7514"},"modified":"2023-06-17T22:17:52","modified_gmt":"2023-06-17T19:17:52","slug":"langue-francaise","status":"publish","type":"page","link":"https:\/\/www.univ-oeb.dz\/FLLE\/?page_id=7514","title":{"rendered":"Langue fran\u00e7aise"},"content":{"rendered":"\n<h2 class=\"has-text-align-left has-vivid-cyan-blue-color has-text-color has-medium-font-size wp-block-heading\"><strong><strong>Licence <\/strong> <\/strong><\/h2>\n\n\n\n<figure class=\"wp-block-table\"><table class=\"has-fixed-layout\"><thead><tr><th class=\"has-text-align-left\" data-align=\"left\">Sp\u00e9cialit\u00e9<\/th><th class=\"has-text-align-center\" data-align=\"center\">Les offres de formation<\/th><\/tr><\/thead><tbody><tr><td class=\"has-text-align-left\" data-align=\"left\"><strong>Licence en Langue fran\u00e7aise<\/strong><\/td><td class=\"has-text-align-center\" data-align=\"center\"><a href=\"http:\/\/www.univ-oeb.dz\/FLLE\/?p=8653&amp;lang=fr\" data-type=\"URL\" data-id=\"http:\/\/www.univ-oeb.dz\/FLLE\/?p=8653&amp;lang=fr\" target=\"_blank\" rel=\"noreferrer noopener\"><img decoding=\"async\" width=\"48\" height=\"48\" class=\"wp-image-8656\" style=\"width: 48px;\" src=\"http:\/\/www.univ-oeb.dz\/FLLE\/wp-content\/uploads\/2023\/05\/315004_document_html_file_icon1.png\" alt=\"\"><\/a><\/td><\/tr><\/tbody><\/table><\/figure>\n\n\n\n<h2 class=\"has-text-align-left has-vivid-cyan-blue-color has-text-color has-medium-font-size wp-block-heading\">Master<\/h2>\n\n\n\n<figure class=\"wp-block-table\"><table class=\"has-fixed-layout\"><thead><tr><th class=\"has-text-align-left\" data-align=\"left\">Sp\u00e9cialit\u00e9<\/th><th class=\"has-text-align-center\" data-align=\"center\">Les offres de formation<\/th><\/tr><\/thead><tbody><tr><td class=\"has-text-align-left\" data-align=\"left\"><strong>Master en didactique des langues (langue fran\u00e7aise)<\/strong><\/td><td class=\"has-text-align-center\" data-align=\"center\"><a href=\"http:\/\/www.univ-oeb.dz\/FLLE\/?p=8665&amp;lang=fr\" data-type=\"URL\" data-id=\"http:\/\/www.univ-oeb.dz\/FLLE\/?p=8665&amp;lang=fr\" target=\"_blank\" rel=\"noreferrer noopener\"><img decoding=\"async\" width=\"48\" height=\"48\" class=\"wp-image-8656\" style=\"width: 48px;\" src=\"http:\/\/www.univ-oeb.dz\/FLLE\/wp-content\/uploads\/2023\/05\/315004_document_html_file_icon1.png\" alt=\"\"><\/a><\/td><\/tr><tr><td class=\"has-text-align-left\" data-align=\"left\"><strong>Master en Litt\u00e9rature g\u00e9n\u00e9rale et compar\u00e9e&nbsp; (langue fran\u00e7aise)<\/strong><\/td><td class=\"has-text-align-center\" data-align=\"center\"><a href=\"http:\/\/www.univ-oeb.dz\/FLLE\/?p=8683&amp;lang=fr\" data-type=\"URL\" data-id=\"http:\/\/www.univ-oeb.dz\/FLLE\/?p=8683&amp;lang=fr\" target=\"_blank\" rel=\"noreferrer noopener\"><img decoding=\"async\" width=\"48\" height=\"48\" class=\"wp-image-8656\" style=\"width: 48px;\" src=\"http:\/\/www.univ-oeb.dz\/FLLE\/wp-content\/uploads\/2023\/05\/315004_document_html_file_icon1.png\" alt=\"\"><\/a><\/td><\/tr><\/tbody><\/table><\/figure>\n\n\n\n<div style=\"height:500px\" aria-hidden=\"true\" class=\"wp-block-spacer\"><\/div>\n","protected":false},"excerpt":{"rendered":"<p>Licence Sp\u00e9cialit\u00e9Les offres de formationLicence en Langue fran\u00e7aise Master Sp\u00e9cialit\u00e9Les offres de formationMaster en didactique des langues (langue fran\u00e7aise)Master en Litt\u00e9rature g\u00e9n\u00e9rale et compar\u00e9e&nbsp; (langue fran\u00e7aise)<\/p>\n","protected":false},"author":1,"featured_media":0,"parent":0,"menu_order":0,"comment_status":"closed","ping_status":"closed","template":"","meta":{"footnotes":""},"class_list":["post-7514","page","type-page","status-publish","hentry"],"_links":{"self":[{"href":"https:\/\/www.univ-oeb.dz\/FLLE\/index.php?rest_route=\/wp\/v2\/pages\/7514","targetHints":{"allow":["GET"]}}],"collection":[{"href":"https:\/\/www.univ-oeb.dz\/FLLE\/index.php?rest_route=\/wp\/v2\/pages"}],"about":[{"href":"https:\/\/www.univ-oeb.dz\/FLLE\/index.php?rest_route=\/wp\/v2\/types\/page"}],"author":[{"embeddable":true,"href":"https:\/\/www.univ-oeb.dz\/FLLE\/index.php?rest_route=\/wp\/v2\/users\/1"}],"replies":[{"embeddable":true,"href":"https:\/\/www.univ-oeb.dz\/FLLE\/index.php?rest_route=%2Fwp%2Fv2%2Fcomments&post=7514"}],"version-history":[{"count":14,"href":"https:\/\/www.univ-oeb.dz\/FLLE\/index.php?rest_route=\/wp\/v2\/pages\/7514\/revisions"}],"predecessor-version":[{"id":11569,"href":"https:\/\/www.univ-oeb.dz\/FLLE\/index.php?rest_route=\/wp\/v2\/pages\/7514\/revisions\/11569"}],"wp:attachment":[{"href":"https:\/\/www.univ-oeb.dz\/FLLE\/index.php?rest_route=%2Fwp%2Fv2%2Fmedia&parent=7514"}],"curies":[{"name":"wp","href":"https:\/\/api.w.org\/{rel}","templated":true}]}}