{"id":11188,"date":"2023-06-03T17:59:33","date_gmt":"2023-06-03T14:59:33","guid":{"rendered":"http:\/\/www.univ-oeb.dz\/FLLE\/?page_id=11188"},"modified":"2023-11-04T01:03:52","modified_gmt":"2023-11-03T22:03:52","slug":"planning-examens","status":"publish","type":"page","link":"https:\/\/www.univ-oeb.dz\/FLLE\/?page_id=11188","title":{"rendered":"Planning examens"},"content":{"rendered":"\n<!--more-->\n\n\n\n<div class=\"wp-block-columns is-layout-flex wp-container-core-columns-is-layout-9d6595d7 wp-block-columns-is-layout-flex\">\n<div class=\"wp-block-column is-layout-flow wp-block-column-is-layout-flow\">\n<h2 class=\"has-vivid-cyan-blue-color has-text-color has-medium-font-size wp-block-heading\">Semestre I<\/h2>\n\n\n\n<hr class=\"wp-block-separator has-alpha-channel-opacity\"\/>\n\n\n\n<div class=\"su-spoiler su-spoiler-style-fancy su-spoiler-icon-plus\" data-scroll-offset=\"0\" data-anchor-in-url=\"no\"><div class=\"su-spoiler-title\" tabindex=\"0\" role=\"button\"><span class=\"su-spoiler-icon\"><\/span><strong>D\u00e9partement des Langue et litt\u00e9rature arabe<\/strong><\/div><div class=\"su-spoiler-content su-u-clearfix su-u-trim\">\n\n\n\n<figure class=\"wp-block-table is-style-regular\"><table><thead><tr><th><strong>TYPE DE FORMATION<\/strong><\/th><th>Sp\u00e9cialit\u00e9<\/th><th class=\"has-text-align-center\" data-align=\"center\">\u0627\u0644\u0628\u0631\u0646\u0627\u0645\u062c<\/th><\/tr><\/thead><tbody><tr><td>Premi\u00e8re Ann\u00e9e licence<\/td><td>Langue et litt\u00e9rature arabe<\/td><td class=\"has-text-align-center\" data-align=\"center\"><\/td><\/tr><tr><td>Deuxi\u00e8me ann\u00e9e licence<\/td><td>Toutes les sp\u00e9cialit\u00e9s<\/td><td class=\"has-text-align-center\" data-align=\"center\"><\/td><\/tr><tr><td>troisi\u00e8me ann\u00e9e licence<\/td><td>Toutes les sp\u00e9cialit\u00e9s<\/td><td class=\"has-text-align-center\" data-align=\"center\"><\/td><\/tr><tr><td>Master 1\u00e8re ann\u00e9e<\/td><td>Toutes les sp\u00e9cialit\u00e9s<\/td><td class=\"has-text-align-center\" data-align=\"center\"><\/td><\/tr><tr><td>\u062b\u0627\u0646\u064a\u0629 \u0645\u0627\u0633\u062a\u0631<\/td><td>Toutes les sp\u00e9cialit\u00e9s<\/td><td class=\"has-text-align-center\" data-align=\"center\"><\/td><\/tr><\/tbody><\/table><\/figure>\n\n\n\n<\/div><\/div>\n\n\n\n<div class=\"su-spoiler su-spoiler-style-fancy su-spoiler-icon-plus\" data-scroll-offset=\"0\" data-anchor-in-url=\"no\"><div class=\"su-spoiler-title\" tabindex=\"0\" role=\"button\"><span class=\"su-spoiler-icon\"><\/span><strong>D\u00e9partement de Langue anglaise<\/strong><\/div><div class=\"su-spoiler-content su-u-clearfix su-u-trim\">\n\n\n\n<figure class=\"wp-block-table is-style-regular\"><table><thead><tr><th><strong>TYPE DE FORMATION<\/strong><\/th><th>Sp\u00e9cialit\u00e9<\/th><th class=\"has-text-align-center\" data-align=\"center\">\u0627\u0644\u0628\u0631\u0646\u0627\u0645\u062c<\/th><\/tr><\/thead><tbody><tr><td>Premi\u00e8re Ann\u00e9e licence<\/td><td>Langue anglaise<\/td><td class=\"has-text-align-center\" data-align=\"center\"><\/td><\/tr><tr><td>Deuxi\u00e8me ann\u00e9e licence<\/td><td>Langue anglaise<\/td><td class=\"has-text-align-center\" data-align=\"center\"><\/td><\/tr><tr><td>troisi\u00e8me ann\u00e9e licence<\/td><td>Langue anglaise<\/td><td class=\"has-text-align-center\" data-align=\"center\"><\/td><\/tr><tr><td>\u0623\u0648\u0644\u0649 \u0645\u0627\u0633\u062a\u0631<\/td><td>Didactique des langues \u00e9trang\u00e8res<\/td><td class=\"has-text-align-center\" data-align=\"center\"><\/td><\/tr><tr><td>\u0623\u0648\u0644\u0649 \u0645\u0627\u0633\u062a\u0631<\/td><td>Litt\u00e9rature et civilisation<\/td><td class=\"has-text-align-center\" data-align=\"center\"><\/td><\/tr><tr><td>\u062b\u0627\u0646\u064a\u0629 \u0645\u0627\u0633\u062a\u0631<\/td><td>Didactique des langues \u00e9trang\u00e8res<\/td><td class=\"has-text-align-center\" data-align=\"center\"><\/td><\/tr><tr><td>\u062b\u0627\u0646\u064a\u0629 \u0645\u0627\u0633\u062a\u0631<\/td><td>Litt\u00e9rature et civilisation<\/td><td class=\"has-text-align-center\" data-align=\"center\"><\/td><\/tr><\/tbody><\/table><\/figure>\n\n\n\n<p> <\/div><\/div>\n\n\n\n<div class=\"su-spoiler su-spoiler-style-fancy su-spoiler-icon-plus\" data-scroll-offset=\"0\" data-anchor-in-url=\"no\"><div class=\"su-spoiler-title\" tabindex=\"0\" role=\"button\"><span class=\"su-spoiler-icon\"><\/span><strong>D\u00e9partement de Langue fran\u00e7aise<\/strong><\/div><div class=\"su-spoiler-content su-u-clearfix su-u-trim\">\n\n\n\n<figure class=\"wp-block-table is-style-regular\"><table><thead><tr><th><strong>TYPE DE FORMATION<\/strong><\/th><th>Sp\u00e9cialit\u00e9<\/th><th class=\"has-text-align-center\" data-align=\"center\">Normale<\/th><\/tr><\/thead><tbody><tr><td>Premi\u00e8re Ann\u00e9e licence<\/td><td>langue fran\u00e7aise<\/td><td class=\"has-text-align-center\" data-align=\"center\"><\/td><\/tr><tr><td>Deuxi\u00e8me ann\u00e9e licence<\/td><td>langue fran\u00e7aise<\/td><td class=\"has-text-align-center\" data-align=\"center\"><\/td><\/tr><tr><td>troisi\u00e8me ann\u00e9e licence<\/td><td>langue fran\u00e7aise<\/td><td class=\"has-text-align-center\" data-align=\"center\"><\/td><\/tr><tr><td>\u0623\u0648\u0644\u0649 \u0645\u0627\u0633\u062a\u0631<\/td><td>Didactique des langues \u00e9trang\u00e8res<\/td><td class=\"has-text-align-center\" data-align=\"center\"><\/td><\/tr><tr><td>\u0623\u0648\u0644\u0649 \u0645\u0627\u0633\u062a\u0631<\/td><td>Litt\u00e9rature g\u00e9n\u00e9rale et compar\u00e9e<\/td><td class=\"has-text-align-center\" data-align=\"center\"><\/td><\/tr><tr><td>\u062b\u0627\u0646\u064a\u0629 \u0645\u0627\u0633\u062a\u0631<\/td><td>Didactique des langues \u00e9trang\u00e8res<\/td><td class=\"has-text-align-center\" data-align=\"center\"><\/td><\/tr><tr><td>\u062b\u0627\u0646\u064a\u0629 \u0645\u0627\u0633\u062a\u0631<\/td><td>Litt\u00e9rature g\u00e9n\u00e9rale et compar\u00e9e<\/td><td class=\"has-text-align-center\" data-align=\"center\"><\/td><\/tr><\/tbody><\/table><\/figure>\n\n\n\n<p> <\/div><\/div>\n<\/div>\n\n\n\n<div class=\"wp-block-column is-layout-flow wp-block-column-is-layout-flow\">\n<h2 class=\"has-vivid-cyan-blue-color has-text-color has-medium-font-size wp-block-heading\">Semestre II<\/h2>\n\n\n\n<hr class=\"wp-block-separator has-alpha-channel-opacity\"\/>\n\n\n\n<div class=\"su-spoiler su-spoiler-style-fancy su-spoiler-icon-plus su-spoiler-closed\" data-scroll-offset=\"0\" data-anchor-in-url=\"no\"><div class=\"su-spoiler-title\" tabindex=\"0\" role=\"button\"><span class=\"su-spoiler-icon\"><\/span><strong>D\u00e9partement des Langue et litt\u00e9rature arabe<\/strong><\/div><div class=\"su-spoiler-content su-u-clearfix su-u-trim\">\n\n\n\n<figure class=\"wp-block-table is-style-regular\"><table><thead><tr><th><strong>TYPE DE FORMATION<\/strong><\/th><th>Sp\u00e9cialit\u00e9<\/th><th class=\"has-text-align-center\" data-align=\"center\">\u0627\u0644\u0628\u0631\u0646\u0627\u0645\u062c<\/th><\/tr><\/thead><tbody><tr><td>Premi\u00e8re Ann\u00e9e licence<\/td><td>Langue et litt\u00e9rature arabe<\/td><td class=\"has-text-align-center\" data-align=\"center\"><\/td><\/tr><tr><td>Deuxi\u00e8me ann\u00e9e licence<\/td><td>Toutes les sp\u00e9cialit\u00e9s<\/td><td class=\"has-text-align-center\" data-align=\"center\"><\/td><\/tr><tr><td>troisi\u00e8me ann\u00e9e licence<\/td><td>Toutes les sp\u00e9cialit\u00e9s<\/td><td class=\"has-text-align-center\" data-align=\"center\"><\/td><\/tr><tr><td>Master 1\u00e8re ann\u00e9e<\/td><td>Toutes les sp\u00e9cialit\u00e9s<\/td><td class=\"has-text-align-center\" data-align=\"center\"><\/td><\/tr><tr><td>\u062b\u0627\u0646\u064a\u0629 \u0645\u0627\u0633\u062a\u0631<\/td><td>Toutes les sp\u00e9cialit\u00e9s<\/td><td class=\"has-text-align-center\" data-align=\"center\"><\/td><\/tr><\/tbody><\/table><\/figure>\n\n\n\n<\/div><\/div>\n\n\n\n<div class=\"su-spoiler su-spoiler-style-fancy su-spoiler-icon-plus su-spoiler-closed\" data-scroll-offset=\"0\" data-anchor-in-url=\"no\"><div class=\"su-spoiler-title\" tabindex=\"0\" role=\"button\"><span class=\"su-spoiler-icon\"><\/span><strong>D\u00e9partement de Langue anglaise<\/strong><\/div><div class=\"su-spoiler-content su-u-clearfix su-u-trim\">\n\n\n\n<figure class=\"wp-block-table is-style-regular\"><table><thead><tr><th><strong>TYPE DE FORMATION<\/strong><\/th><th>Sp\u00e9cialit\u00e9<\/th><th class=\"has-text-align-center\" data-align=\"center\">\u0627\u0644\u0628\u0631\u0646\u0627\u0645\u062c<\/th><\/tr><\/thead><tbody><tr><td>Premi\u00e8re Ann\u00e9e licence<\/td><td>Langue anglaise<\/td><td class=\"has-text-align-center\" data-align=\"center\"><\/td><\/tr><tr><td>Deuxi\u00e8me ann\u00e9e licence<\/td><td>Langue anglaise<\/td><td class=\"has-text-align-center\" data-align=\"center\"><\/td><\/tr><tr><td>troisi\u00e8me ann\u00e9e licence<\/td><td>Langue anglaise<\/td><td class=\"has-text-align-center\" data-align=\"center\"><\/td><\/tr><tr><td>\u0623\u0648\u0644\u0649 \u0645\u0627\u0633\u062a\u0631<\/td><td>Didactique des langues \u00e9trang\u00e8res<\/td><td class=\"has-text-align-center\" data-align=\"center\"><\/td><\/tr><tr><td>\u0623\u0648\u0644\u0649 \u0645\u0627\u0633\u062a\u0631<\/td><td>Litt\u00e9rature et civilisation<\/td><td class=\"has-text-align-center\" data-align=\"center\"><\/td><\/tr><tr><td>\u062b\u0627\u0646\u064a\u0629 \u0645\u0627\u0633\u062a\u0631<\/td><td>Didactique des langues \u00e9trang\u00e8res<\/td><td class=\"has-text-align-center\" data-align=\"center\"><\/td><\/tr><tr><td>\u062b\u0627\u0646\u064a\u0629 \u0645\u0627\u0633\u062a\u0631<\/td><td>Litt\u00e9rature et civilisation<\/td><td class=\"has-text-align-center\" data-align=\"center\"><\/td><\/tr><\/tbody><\/table><\/figure>\n\n\n\n<p> <\/div><\/div>\n\n\n\n<div class=\"su-spoiler su-spoiler-style-fancy su-spoiler-icon-plus su-spoiler-closed\" data-scroll-offset=\"0\" data-anchor-in-url=\"no\"><div class=\"su-spoiler-title\" tabindex=\"0\" role=\"button\"><span class=\"su-spoiler-icon\"><\/span><strong>D\u00e9partement de Langue fran\u00e7aise<\/strong><\/div><div class=\"su-spoiler-content su-u-clearfix su-u-trim\">\n\n\n\n<figure class=\"wp-block-table is-style-regular\"><table><thead><tr><th><strong>TYPE DE FORMATION<\/strong><\/th><th>Sp\u00e9cialit\u00e9<\/th><th class=\"has-text-align-center\" data-align=\"center\">Normale<\/th><\/tr><\/thead><tbody><tr><td>Premi\u00e8re Ann\u00e9e licence<\/td><td>langue fran\u00e7aise<\/td><td class=\"has-text-align-center\" data-align=\"center\"><\/td><\/tr><tr><td>Deuxi\u00e8me ann\u00e9e licence<\/td><td><strong>langue fran\u00e7aise<\/strong><\/td><td class=\"has-text-align-center\" data-align=\"center\"><\/td><\/tr><tr><td>troisi\u00e8me ann\u00e9e licence<\/td><td><strong>langue fran\u00e7aise<\/strong><\/td><td class=\"has-text-align-center\" data-align=\"center\"><\/td><\/tr><tr><td>\u0623\u0648\u0644\u0649 \u0645\u0627\u0633\u062a\u0631<\/td><td>Didactique des langues \u00e9trang\u00e8res<\/td><td class=\"has-text-align-center\" data-align=\"center\"><\/td><\/tr><tr><td>\u0623\u0648\u0644\u0649 \u0645\u0627\u0633\u062a\u0631<\/td><td>Litt\u00e9rature g\u00e9n\u00e9rale et compar\u00e9e<\/td><td class=\"has-text-align-center\" data-align=\"center\"><\/td><\/tr><tr><td>\u062b\u0627\u0646\u064a\u0629 \u0645\u0627\u0633\u062a\u0631<\/td><td>Didactique des langues \u00e9trang\u00e8res<\/td><td class=\"has-text-align-center\" data-align=\"center\"><\/td><\/tr><tr><td>\u062b\u0627\u0646\u064a\u0629 \u0645\u0627\u0633\u062a\u0631<\/td><td>Litt\u00e9rature g\u00e9n\u00e9rale et compar\u00e9e<\/td><td class=\"has-text-align-center\" data-align=\"center\"><\/td><\/tr><\/tbody><\/table><\/figure>\n\n\n\n<p> <\/div><\/div>\n<\/div>\n<\/div>\n","protected":false},"excerpt":{"rendered":"<p>Semestre I Semestre II<\/p>\n","protected":false},"author":1,"featured_media":0,"parent":0,"menu_order":0,"comment_status":"closed","ping_status":"closed","template":"","meta":{"footnotes":""},"class_list":["post-11188","page","type-page","status-publish","hentry"],"_links":{"self":[{"href":"https:\/\/www.univ-oeb.dz\/FLLE\/index.php?rest_route=\/wp\/v2\/pages\/11188","targetHints":{"allow":["GET"]}}],"collection":[{"href":"https:\/\/www.univ-oeb.dz\/FLLE\/index.php?rest_route=\/wp\/v2\/pages"}],"about":[{"href":"https:\/\/www.univ-oeb.dz\/FLLE\/index.php?rest_route=\/wp\/v2\/types\/page"}],"author":[{"embeddable":true,"href":"https:\/\/www.univ-oeb.dz\/FLLE\/index.php?rest_route=\/wp\/v2\/users\/1"}],"replies":[{"embeddable":true,"href":"https:\/\/www.univ-oeb.dz\/FLLE\/index.php?rest_route=%2Fwp%2Fv2%2Fcomments&post=11188"}],"version-history":[{"count":37,"href":"https:\/\/www.univ-oeb.dz\/FLLE\/index.php?rest_route=\/wp\/v2\/pages\/11188\/revisions"}],"predecessor-version":[{"id":15670,"href":"https:\/\/www.univ-oeb.dz\/FLLE\/index.php?rest_route=\/wp\/v2\/pages\/11188\/revisions\/15670"}],"wp:attachment":[{"href":"https:\/\/www.univ-oeb.dz\/FLLE\/index.php?rest_route=%2Fwp%2Fv2%2Fmedia&parent=11188"}],"curies":[{"name":"wp","href":"https:\/\/api.w.org\/{rel}","templated":true}]}}