{"id":10069,"date":"2023-05-27T12:56:29","date_gmt":"2023-05-27T09:56:29","guid":{"rendered":"http:\/\/www.univ-oeb.dz\/FLLE\/?page_id=10069"},"modified":"2023-05-27T17:44:17","modified_gmt":"2023-05-27T14:44:17","slug":"lequipe-du-domaine-de-formation-lettres-et-langues-etrangeres","status":"publish","type":"page","link":"https:\/\/www.univ-oeb.dz\/FLLE\/?page_id=10069","title":{"rendered":"L\u2019\u00e9quipe du domaine de formation \u00a0Lettres et langues \u00e9trang\u00e8res"},"content":{"rendered":"\n<h2 class=\"has-text-align-left has-medium-font-size wp-block-heading\"><strong>\u00a0Nomination du \u00a0responsable de \u00a0L\u2019\u00e9quipe du domaine de formation<\/strong><\/h2>\n\n\n\n<p dir=\"ltr\">Le responsable de l\u2019\u00e9quipe du domaine de formation est nomm\u00e9 pour une p\u00e9riode de trois (3) ans, renouvelable une fois, parmi les professeurs ou les ma\u00eetres de conf\u00e9rences classe A sur proposition du responsable de l\u2019\u00e9tablissement, apr\u00e8s avis du conseil scientifique, par arr\u00eat\u00e9 du ministre charg\u00e9 de l\u2019enseignement sup\u00e9rieur ou, le cas \u00e9ch\u00e9ant, par arr\u00eat\u00e9 conjoint avec le ministre concern\u00e9 (Art 63 n\u00b008-130 du 03 Mai 2008).<\/p>\n\n\n\n<p dir=\"ltr\">En plus du responsable du domaine, l\u2019\u00e9quipe de formation est compos\u00e9s de responsables de fili\u00e8res et de sp\u00e9cialit\u00e9s \u00ab&nbsp;Licence et Master&nbsp;\u00bb<\/p>\n\n\n\n<hr class=\"wp-block-separator has-alpha-channel-opacity\"\/>\n\n\n\n<h2 class=\"has-text-align-left has-medium-font-size wp-block-heading\"><strong>\u00a0T\u00e2ches du responsable de l&#8217;\u00e9quipe du domaine de formation<\/strong><\/h2>\n\n\n\n<ol class=\"wp-block-list\"><\/ol>\n\n\n\n<div class=\"wp-block-group\"><div class=\"wp-block-group__inner-container is-layout-constrained wp-block-group-is-layout-constrained\">\n<p dir=\"ltr\">Animer les activit\u00e9s de l&#8217;\u00e9quipe &nbsp;du domaine de formation,<\/p>\n\n\n\n<p dir=\"ltr\">Proposer le programme p\u00e9dagogique des parcours de formation<\/p>\n\n\n\n<p dir=\"ltr\">\u00c9laborer des passerelles entre les parcours de formation pour permettre une orientation progressive des \u00e9tudiants<\/p>\n\n\n\n<p dir=\"ltr\">\u00c9tablir des programmes p\u00e9dagogiques compatibles<\/p>\n\n\n\n<p dir=\"ltr\">Veiller \u00e0 la coh\u00e9rence des parcours et donner son avis sur l&#8217;emploi du temps du parcours de formation ou sa modification.<\/p>\n\n\n\n<p dir=\"ltr\">Veiller \u00e0 la coh\u00e9rence g\u00e9n\u00e9rale des stages pr\u00e9vus dans la formation.<\/p>\n\n\n\n<p dir=\"ltr\">Aider le chef de d\u00e9partement dans la gestion p\u00e9dagogique de la formation<\/p>\n<\/div><\/div>\n\n\n\n<hr class=\"wp-block-separator has-alpha-channel-opacity\"\/>\n\n\n\n<h2 class=\"has-text-align-left has-medium-font-size wp-block-heading\"><strong>T\u00e2ches de l&#8217;\u00e9quipe du domaine de formation<\/strong><\/h2>\n\n\n\n<p dir=\"ltr\">Assurer le suivi p\u00e9dagogique du d\u00e9roulement des cours (cours, travaux dirig\u00e9s, \u00e9valuation continue)<\/p>\n\n\n\n<p dir=\"ltr\">Veiller au respect du contenu p\u00e9dagogique des cours conform\u00e9ment aux canevas,<\/p>\n\n\n\n<p dir=\"ltr\">Pr\u00e9parer des rapports mensuels sur les activit\u00e9s &nbsp;p\u00e9dagogiques de la fili\u00e8re ou de la sp\u00e9cialit\u00e9, et d\u00e9terminer le taux de progression \u00e0 envoyer au vice-doyen charg\u00e9 des \u00e9tudes par l&#8217;interm\u00e9diaire du chef de d\u00e9partement.<\/p>\n\n\n\n<p dir=\"ltr\">L&#8217;\u00e9quipe de la fili\u00e8re ou de la sp\u00e9cialit\u00e9 examine la fiche de suivi p\u00e9dagogique qui doit \u00eatre envoy\u00e9e au chef de d\u00e9partement chaque mois.<\/p>\n\n\n\n<p dir=\"ltr\">Veiller \u00e0 l&#8217;uniformisation du processus d&#8217;\u00e9valuation dans diff\u00e9rentes formes d&#8217;enseignement (cours, travaux pratiques, travaux dirig\u00e9s) selon les crit\u00e8res communs en coordination avec les responsables des mati\u00e8res.<\/p>\n\n\n\n<p dir=\"ltr\">L&#8217;\u00e9quipe de sp\u00e9cialit\u00e9 met en place des m\u00e9canismes pour la r\u00e9alisation des stages sur le terrain pour les \u00e9tudiants.<\/p>\n\n\n\n<p dir=\"ltr\">L&#8217;\u00e9quipe de la fili\u00e8re ou de la sp\u00e9cialit\u00e9 propose l&#8217;organisation de journ\u00e9es d&#8217;\u00e9tudes et de s\u00e9minaires scientifiques pour am\u00e9liorer le niveau des \u00e9tudiants.<\/p>\n\n\n\n<p dir=\"ltr\">Donner son avis sur toutes les questions p\u00e9dagogiques soumises par le chef de d\u00e9partement.<\/p>\n\n\n\n<p dir=\"ltr\">Donner son avis sur les propositions d&#8217;ouverture, de modification ou de fermeture de fili\u00e8res pour l&#8217;\u00e9quipe de la fili\u00e8re et de sp\u00e9cialit\u00e9s pour l&#8217;\u00e9quipe de sp\u00e9cialit\u00e9.<\/p>\n\n\n\n<p dir=\"ltr\">R\u00e9partir les t\u00e2ches p\u00e9dagogiques pour diff\u00e9rentes formes d&#8217;enseignement et proposer les responsables des unit\u00e9s d&#8217;enseignement fondamentales, de d\u00e9couverte &nbsp;et transversales.<\/p>\n\n\n\n<hr class=\"wp-block-separator has-alpha-channel-opacity\"\/>\n\n\n\n<h2 class=\"has-text-align-left has-medium-font-size wp-block-heading\"><strong>La Composition de l&#8217;\u00e9quipe du domaine de formation<\/strong><\/h2>\n\n\n\n<figure class=\"wp-block-table\"><table><thead><tr><th><strong><strong>Nom et pr\u00e9noms<\/strong><\/strong><\/th><th><strong><strong>Grade scientifique<\/strong><\/strong><\/th><th><strong><strong>Poste sp\u00e9cifique<\/strong><\/strong><\/th><\/tr><\/thead><tbody><tr><td>Dre. ZEGHIB Nardjas<\/td><td>MCA<\/td><td>Responsable de l\u2019\u00e9quipe du domaine de formation LLE<\/td><\/tr><tr><td>Dr. BENZOUAI Abderrazak<\/td><td>MCB<\/td><td>Chef de fili\u00e8re&nbsp;\u00ab&nbsp;langue fran\u00e7aise&nbsp;\u00bb<\/td><\/tr><tr><td>Dre. LALAOUI Adel<\/td><td>MCA<\/td><td>Responsable de sp\u00e9cialit\u00e9 Litt\u00e9rature g\u00e9n\u00e9rale et compar\u00e9e<\/td><\/tr><tr><td>Mme.BENATMANE Zeyneb<\/td><td>MAA<\/td><td>Responsable de sp\u00e9cialit\u00e9&nbsp;\u00ab&nbsp;Didactique des langues \u00e9trang\u00e8res&nbsp;\u00bb<\/td><\/tr><tr><td>Dre. BOUAZIZ Soumia<\/td><td>MCB<\/td><td>Responsable de sp\u00e9cialit\u00e9 Litt\u00e9rature et Civilisation&nbsp;\u00ab&nbsp;Langue anglaise&nbsp;\u00bb<\/td><\/tr><tr><td>Dre. BOUCHENE Sihem<\/td><td>MCB<\/td><td>Responsable de sp\u00e9cialit\u00e9 TEFL&nbsp;\u00ab&nbsp;langue anglaise&nbsp;\u00bb<\/td><\/tr><\/tbody><\/table><\/figure>\n\n\n\n<hr class=\"wp-block-separator has-alpha-channel-opacity\"\/>\n\n\n\n<h2 class=\"has-text-align-left has-medium-font-size wp-block-heading\"><strong>Pour contacter l&#8217;\u00e9quipe du domaine de formation,\u00a0 veuillez utiliser les coordonn\u00e9es suivantes<\/strong><\/h2>\n\n\n\n<figure class=\"wp-block-table\"><table><tbody><tr><td class=\"has-text-align-left\" data-align=\"left\"><strong>Adresse e-mail<\/strong> : zeghib.nardjas@univ-oeb.dz<br><strong>T\u00e9l\u00e9phone \/ Fax<\/strong> :<br><strong>\u00a0Adresse<\/strong> : B\u00e2timent B( Rez-de-chauss\u00e9e),Universit\u00e9\u00a0 d\u2019Oun El-Bouaghi.<\/td><\/tr><\/tbody><\/table><\/figure>\n","protected":false},"excerpt":{"rendered":"<p>\u00a0Nomination du \u00a0responsable de \u00a0L\u2019\u00e9quipe du domaine de formation Le responsable de l\u2019\u00e9quipe du domaine de formation est nomm\u00e9 pour une p\u00e9riode de trois (3) ans, renouvelable une fois, parmi les professeurs ou les ma\u00eetres de conf\u00e9rences classe A sur proposition du responsable de l\u2019\u00e9tablissement, apr\u00e8s avis du conseil scientifique, par arr\u00eat\u00e9 du ministre charg\u00e9 de l\u2019enseignement sup\u00e9rieur ou, le cas \u00e9ch\u00e9ant, par arr\u00eat\u00e9 conjoint avec le ministre concern\u00e9 (Art 63 n\u00b008-130 du 03 Mai 2008). En plus du responsable du domaine, l\u2019\u00e9quipe de formation est compos\u00e9s de responsables de fili\u00e8res et de sp\u00e9cialit\u00e9s \u00ab&nbsp;Licence et Master&nbsp;\u00bb \u00a0T\u00e2ches du responsable de l&#8217;\u00e9quipe du domaine de formation Animer les activit\u00e9s de l&#8217;\u00e9quipe &nbsp;du domaine de formation, Proposer le programme p\u00e9dagogique des parcours de formation \u00c9laborer des passerelles entre les parcours de formation pour permettre une orientation progressive des \u00e9tudiants \u00c9tablir des programmes p\u00e9dagogiques compatibles Veiller \u00e0 la coh\u00e9rence des parcours et donner son avis sur l&#8217;emploi du temps du parcours de formation ou sa modification. Veiller \u00e0 la coh\u00e9rence g\u00e9n\u00e9rale des stages pr\u00e9vus dans la formation. Aider le chef de d\u00e9partement dans la gestion p\u00e9dagogique de la formation T\u00e2ches de l&#8217;\u00e9quipe du domaine de formation Assurer le suivi p\u00e9dagogique du d\u00e9roulement des cours (cours, travaux dirig\u00e9s, \u00e9valuation continue) Veiller au respect du contenu p\u00e9dagogique des cours conform\u00e9ment aux canevas, Pr\u00e9parer des rapports mensuels sur les activit\u00e9s &nbsp;p\u00e9dagogiques de la fili\u00e8re ou de la sp\u00e9cialit\u00e9, et d\u00e9terminer le taux de progression \u00e0 envoyer au vice-doyen charg\u00e9 des \u00e9tudes par l&#8217;interm\u00e9diaire du chef de d\u00e9partement. L&#8217;\u00e9quipe de la fili\u00e8re ou de la sp\u00e9cialit\u00e9 examine la fiche de suivi p\u00e9dagogique qui doit \u00eatre envoy\u00e9e au chef de d\u00e9partement chaque mois. Veiller \u00e0 l&#8217;uniformisation du processus d&#8217;\u00e9valuation dans diff\u00e9rentes formes d&#8217;enseignement (cours, travaux pratiques, travaux dirig\u00e9s) selon les crit\u00e8res communs en coordination avec les responsables des mati\u00e8res. L&#8217;\u00e9quipe de sp\u00e9cialit\u00e9 met en place des m\u00e9canismes pour la r\u00e9alisation des stages sur le terrain pour les \u00e9tudiants. L&#8217;\u00e9quipe de la fili\u00e8re ou de la sp\u00e9cialit\u00e9 propose l&#8217;organisation de journ\u00e9es d&#8217;\u00e9tudes et de s\u00e9minaires scientifiques pour am\u00e9liorer le niveau des \u00e9tudiants. Donner son avis sur toutes les questions p\u00e9dagogiques soumises par le chef de d\u00e9partement. Donner son avis sur les propositions d&#8217;ouverture, de modification ou de fermeture de fili\u00e8res pour l&#8217;\u00e9quipe de la fili\u00e8re et de sp\u00e9cialit\u00e9s pour l&#8217;\u00e9quipe de sp\u00e9cialit\u00e9. R\u00e9partir les t\u00e2ches p\u00e9dagogiques pour diff\u00e9rentes formes d&#8217;enseignement et proposer les responsables des unit\u00e9s d&#8217;enseignement fondamentales, de d\u00e9couverte &nbsp;et transversales. La Composition de l&#8217;\u00e9quipe du domaine de formation Nom et pr\u00e9nomsGrade scientifiquePoste sp\u00e9cifiqueDre. ZEGHIB NardjasMCAResponsable de l\u2019\u00e9quipe du domaine de formation LLEDr. BENZOUAI AbderrazakMCBChef de fili\u00e8re&nbsp;\u00ab&nbsp;langue fran\u00e7aise&nbsp;\u00bbDre. LALAOUI AdelMCAResponsable de sp\u00e9cialit\u00e9 Litt\u00e9rature g\u00e9n\u00e9rale et compar\u00e9eMme.BENATMANE ZeynebMAAResponsable de sp\u00e9cialit\u00e9&nbsp;\u00ab&nbsp;Didactique des langues \u00e9trang\u00e8res&nbsp;\u00bbDre. BOUAZIZ SoumiaMCBResponsable de sp\u00e9cialit\u00e9 Litt\u00e9rature et Civilisation&nbsp;\u00ab&nbsp;Langue anglaise&nbsp;\u00bbDre. BOUCHENE SihemMCBResponsable de sp\u00e9cialit\u00e9 TEFL&nbsp;\u00ab&nbsp;langue anglaise&nbsp;\u00bb Pour contacter l&#8217;\u00e9quipe du domaine de formation,\u00a0 veuillez utiliser les coordonn\u00e9es suivantes Adresse e-mail : zeghib.nardjas@univ-oeb.dzT\u00e9l\u00e9phone \/ Fax :\u00a0Adresse : B\u00e2timent B( Rez-de-chauss\u00e9e),Universit\u00e9\u00a0 d\u2019Oun El-Bouaghi.<\/p>\n","protected":false},"author":1,"featured_media":0,"parent":0,"menu_order":0,"comment_status":"closed","ping_status":"closed","template":"","meta":{"footnotes":""},"class_list":["post-10069","page","type-page","status-publish","hentry"],"_links":{"self":[{"href":"https:\/\/www.univ-oeb.dz\/FLLE\/index.php?rest_route=\/wp\/v2\/pages\/10069","targetHints":{"allow":["GET"]}}],"collection":[{"href":"https:\/\/www.univ-oeb.dz\/FLLE\/index.php?rest_route=\/wp\/v2\/pages"}],"about":[{"href":"https:\/\/www.univ-oeb.dz\/FLLE\/index.php?rest_route=\/wp\/v2\/types\/page"}],"author":[{"embeddable":true,"href":"https:\/\/www.univ-oeb.dz\/FLLE\/index.php?rest_route=\/wp\/v2\/users\/1"}],"replies":[{"embeddable":true,"href":"https:\/\/www.univ-oeb.dz\/FLLE\/index.php?rest_route=%2Fwp%2Fv2%2Fcomments&post=10069"}],"version-history":[{"count":17,"href":"https:\/\/www.univ-oeb.dz\/FLLE\/index.php?rest_route=\/wp\/v2\/pages\/10069\/revisions"}],"predecessor-version":[{"id":10099,"href":"https:\/\/www.univ-oeb.dz\/FLLE\/index.php?rest_route=\/wp\/v2\/pages\/10069\/revisions\/10099"}],"wp:attachment":[{"href":"https:\/\/www.univ-oeb.dz\/FLLE\/index.php?rest_route=%2Fwp%2Fv2%2Fmedia&parent=10069"}],"curies":[{"name":"wp","href":"https:\/\/api.w.org\/{rel}","templated":true}]}}