{"id":5244,"date":"2023-11-30T15:53:00","date_gmt":"2023-11-30T14:53:00","guid":{"rendered":"https:\/\/www.univ-oeb.dz\/CEIL\/?page_id=5244"},"modified":"2024-12-31T16:06:03","modified_gmt":"2024-12-31T15:06:03","slug":"journee-detude-sur-la-langue-turque","status":"publish","type":"page","link":"https:\/\/www.univ-oeb.dz\/CEIL\/fr\/journee-detude-sur-la-langue-turque\/","title":{"rendered":"Journ\u00e9e d&#8217;\u00e9tude sur la langue turque"},"content":{"rendered":"\n<p class=\"has-text-align-left\">Journ\u00e9e d&#8217;\u00e9tude sur la langue turque<br>Le Centre d&#8217;enseignement intensif des langues a organis\u00e9 une journ\u00e9e d&#8217;\u00e9tude sur la langue turque, supervis\u00e9e par M. Mustafa Abdullah Yilmaz, avec la participation de Mme Harkou Lilia, directrice du Centre, du professeur de langue turque du Centre, Baklwa Ahmed, du professeur de langue Anglaise, Bomkora Ali, et des \u00e9tudiants du Centre.<\/p>\n\n\n\n<figure class=\"wp-block-gallery has-nested-images columns-default is-cropped wp-block-gallery-1 is-layout-flex wp-block-gallery-is-layout-flex\">\n<figure class=\"wp-block-image size-large\"><img fetchpriority=\"high\" decoding=\"async\" width=\"1024\" height=\"683\" data-id=\"5250\" src=\"https:\/\/www.univ-oeb.dz\/CEIL\/wp-content\/uploads\/2024\/12\/2-1024x683-1.jpg\" alt=\"\" class=\"wp-image-5250\" srcset=\"https:\/\/www.univ-oeb.dz\/CEIL\/wp-content\/uploads\/2024\/12\/2-1024x683-1.jpg 1024w, https:\/\/www.univ-oeb.dz\/CEIL\/wp-content\/uploads\/2024\/12\/2-1024x683-1-300x200.jpg 300w, https:\/\/www.univ-oeb.dz\/CEIL\/wp-content\/uploads\/2024\/12\/2-1024x683-1-768x512.jpg 768w\" sizes=\"(max-width: 1024px) 100vw, 1024px\" \/><\/figure>\n\n\n\n<figure class=\"wp-block-image size-large\"><img decoding=\"async\" width=\"1024\" height=\"683\" data-id=\"5249\" data-src=\"https:\/\/www.univ-oeb.dz\/CEIL\/wp-content\/uploads\/2024\/12\/7-1024x683-1.jpg\" alt=\"\" class=\"wp-image-5249 lazyload\" data-srcset=\"https:\/\/www.univ-oeb.dz\/CEIL\/wp-content\/uploads\/2024\/12\/7-1024x683-1.jpg 1024w, https:\/\/www.univ-oeb.dz\/CEIL\/wp-content\/uploads\/2024\/12\/7-1024x683-1-300x200.jpg 300w, https:\/\/www.univ-oeb.dz\/CEIL\/wp-content\/uploads\/2024\/12\/7-1024x683-1-768x512.jpg 768w\" data-sizes=\"(max-width: 1024px) 100vw, 1024px\" src=\"data:image\/gif;base64,R0lGODlhAQABAAAAACH5BAEKAAEALAAAAAABAAEAAAICTAEAOw==\" style=\"--smush-placeholder-width: 1024px; --smush-placeholder-aspect-ratio: 1024\/683;\" \/><noscript><img decoding=\"async\" width=\"1024\" height=\"683\" data-id=\"5249\" src=\"https:\/\/www.univ-oeb.dz\/CEIL\/wp-content\/uploads\/2024\/12\/7-1024x683-1.jpg\" alt=\"\" class=\"wp-image-5249\" srcset=\"https:\/\/www.univ-oeb.dz\/CEIL\/wp-content\/uploads\/2024\/12\/7-1024x683-1.jpg 1024w, https:\/\/www.univ-oeb.dz\/CEIL\/wp-content\/uploads\/2024\/12\/7-1024x683-1-300x200.jpg 300w, https:\/\/www.univ-oeb.dz\/CEIL\/wp-content\/uploads\/2024\/12\/7-1024x683-1-768x512.jpg 768w\" sizes=\"(max-width: 1024px) 100vw, 1024px\" \/><\/noscript><\/figure>\n\n\n\n<figure class=\"wp-block-image size-large\"><img decoding=\"async\" width=\"1024\" height=\"683\" data-id=\"5248\" data-src=\"https:\/\/www.univ-oeb.dz\/CEIL\/wp-content\/uploads\/2024\/12\/11-1-1024x683-1.jpg\" alt=\"\" class=\"wp-image-5248 lazyload\" data-srcset=\"https:\/\/www.univ-oeb.dz\/CEIL\/wp-content\/uploads\/2024\/12\/11-1-1024x683-1.jpg 1024w, https:\/\/www.univ-oeb.dz\/CEIL\/wp-content\/uploads\/2024\/12\/11-1-1024x683-1-300x200.jpg 300w, https:\/\/www.univ-oeb.dz\/CEIL\/wp-content\/uploads\/2024\/12\/11-1-1024x683-1-768x512.jpg 768w\" data-sizes=\"(max-width: 1024px) 100vw, 1024px\" src=\"data:image\/gif;base64,R0lGODlhAQABAAAAACH5BAEKAAEALAAAAAABAAEAAAICTAEAOw==\" style=\"--smush-placeholder-width: 1024px; --smush-placeholder-aspect-ratio: 1024\/683;\" \/><noscript><img decoding=\"async\" width=\"1024\" height=\"683\" data-id=\"5248\" src=\"https:\/\/www.univ-oeb.dz\/CEIL\/wp-content\/uploads\/2024\/12\/11-1-1024x683-1.jpg\" alt=\"\" class=\"wp-image-5248\" srcset=\"https:\/\/www.univ-oeb.dz\/CEIL\/wp-content\/uploads\/2024\/12\/11-1-1024x683-1.jpg 1024w, https:\/\/www.univ-oeb.dz\/CEIL\/wp-content\/uploads\/2024\/12\/11-1-1024x683-1-300x200.jpg 300w, https:\/\/www.univ-oeb.dz\/CEIL\/wp-content\/uploads\/2024\/12\/11-1-1024x683-1-768x512.jpg 768w\" sizes=\"(max-width: 1024px) 100vw, 1024px\" \/><\/noscript><\/figure>\n\n\n\n<figure class=\"wp-block-image size-large\"><img loading=\"lazy\" decoding=\"async\" width=\"1024\" height=\"683\" data-id=\"5258\" data-src=\"https:\/\/www.univ-oeb.dz\/CEIL\/wp-content\/uploads\/2024\/12\/8-1024x683-1.jpg\" alt=\"\" class=\"wp-image-5258 lazyload\" data-srcset=\"https:\/\/www.univ-oeb.dz\/CEIL\/wp-content\/uploads\/2024\/12\/8-1024x683-1.jpg 1024w, https:\/\/www.univ-oeb.dz\/CEIL\/wp-content\/uploads\/2024\/12\/8-1024x683-1-300x200.jpg 300w, https:\/\/www.univ-oeb.dz\/CEIL\/wp-content\/uploads\/2024\/12\/8-1024x683-1-768x512.jpg 768w\" data-sizes=\"(max-width: 1024px) 100vw, 1024px\" src=\"data:image\/gif;base64,R0lGODlhAQABAAAAACH5BAEKAAEALAAAAAABAAEAAAICTAEAOw==\" style=\"--smush-placeholder-width: 1024px; --smush-placeholder-aspect-ratio: 1024\/683;\" \/><noscript><img loading=\"lazy\" decoding=\"async\" width=\"1024\" height=\"683\" data-id=\"5258\" src=\"https:\/\/www.univ-oeb.dz\/CEIL\/wp-content\/uploads\/2024\/12\/8-1024x683-1.jpg\" alt=\"\" class=\"wp-image-5258\" srcset=\"https:\/\/www.univ-oeb.dz\/CEIL\/wp-content\/uploads\/2024\/12\/8-1024x683-1.jpg 1024w, https:\/\/www.univ-oeb.dz\/CEIL\/wp-content\/uploads\/2024\/12\/8-1024x683-1-300x200.jpg 300w, https:\/\/www.univ-oeb.dz\/CEIL\/wp-content\/uploads\/2024\/12\/8-1024x683-1-768x512.jpg 768w\" sizes=\"(max-width: 1024px) 100vw, 1024px\" \/><\/noscript><\/figure>\n\n\n\n<figure class=\"wp-block-image size-large\"><img loading=\"lazy\" decoding=\"async\" width=\"1024\" height=\"683\" data-id=\"5256\" data-src=\"https:\/\/www.univ-oeb.dz\/CEIL\/wp-content\/uploads\/2024\/12\/10-1024x683-1.jpg\" alt=\"\" class=\"wp-image-5256 lazyload\" data-srcset=\"https:\/\/www.univ-oeb.dz\/CEIL\/wp-content\/uploads\/2024\/12\/10-1024x683-1.jpg 1024w, https:\/\/www.univ-oeb.dz\/CEIL\/wp-content\/uploads\/2024\/12\/10-1024x683-1-300x200.jpg 300w, https:\/\/www.univ-oeb.dz\/CEIL\/wp-content\/uploads\/2024\/12\/10-1024x683-1-768x512.jpg 768w\" data-sizes=\"(max-width: 1024px) 100vw, 1024px\" src=\"data:image\/gif;base64,R0lGODlhAQABAAAAACH5BAEKAAEALAAAAAABAAEAAAICTAEAOw==\" style=\"--smush-placeholder-width: 1024px; --smush-placeholder-aspect-ratio: 1024\/683;\" \/><noscript><img loading=\"lazy\" decoding=\"async\" width=\"1024\" height=\"683\" data-id=\"5256\" src=\"https:\/\/www.univ-oeb.dz\/CEIL\/wp-content\/uploads\/2024\/12\/10-1024x683-1.jpg\" alt=\"\" class=\"wp-image-5256\" srcset=\"https:\/\/www.univ-oeb.dz\/CEIL\/wp-content\/uploads\/2024\/12\/10-1024x683-1.jpg 1024w, https:\/\/www.univ-oeb.dz\/CEIL\/wp-content\/uploads\/2024\/12\/10-1024x683-1-300x200.jpg 300w, https:\/\/www.univ-oeb.dz\/CEIL\/wp-content\/uploads\/2024\/12\/10-1024x683-1-768x512.jpg 768w\" sizes=\"(max-width: 1024px) 100vw, 1024px\" \/><\/noscript><\/figure>\n\n\n\n<figure class=\"wp-block-image size-large\"><img loading=\"lazy\" decoding=\"async\" width=\"1024\" height=\"683\" data-id=\"5257\" data-src=\"https:\/\/www.univ-oeb.dz\/CEIL\/wp-content\/uploads\/2024\/12\/6-1024x683-1.jpg\" alt=\"\" class=\"wp-image-5257 lazyload\" data-srcset=\"https:\/\/www.univ-oeb.dz\/CEIL\/wp-content\/uploads\/2024\/12\/6-1024x683-1.jpg 1024w, https:\/\/www.univ-oeb.dz\/CEIL\/wp-content\/uploads\/2024\/12\/6-1024x683-1-300x200.jpg 300w, https:\/\/www.univ-oeb.dz\/CEIL\/wp-content\/uploads\/2024\/12\/6-1024x683-1-768x512.jpg 768w\" data-sizes=\"(max-width: 1024px) 100vw, 1024px\" src=\"data:image\/gif;base64,R0lGODlhAQABAAAAACH5BAEKAAEALAAAAAABAAEAAAICTAEAOw==\" style=\"--smush-placeholder-width: 1024px; --smush-placeholder-aspect-ratio: 1024\/683;\" \/><noscript><img loading=\"lazy\" decoding=\"async\" width=\"1024\" height=\"683\" data-id=\"5257\" src=\"https:\/\/www.univ-oeb.dz\/CEIL\/wp-content\/uploads\/2024\/12\/6-1024x683-1.jpg\" alt=\"\" class=\"wp-image-5257\" srcset=\"https:\/\/www.univ-oeb.dz\/CEIL\/wp-content\/uploads\/2024\/12\/6-1024x683-1.jpg 1024w, https:\/\/www.univ-oeb.dz\/CEIL\/wp-content\/uploads\/2024\/12\/6-1024x683-1-300x200.jpg 300w, https:\/\/www.univ-oeb.dz\/CEIL\/wp-content\/uploads\/2024\/12\/6-1024x683-1-768x512.jpg 768w\" sizes=\"(max-width: 1024px) 100vw, 1024px\" \/><\/noscript><\/figure>\n\n\n\n<figure class=\"wp-block-image size-large\"><img loading=\"lazy\" decoding=\"async\" width=\"1024\" height=\"683\" data-id=\"5259\" data-src=\"https:\/\/www.univ-oeb.dz\/CEIL\/wp-content\/uploads\/2024\/12\/5-1024x683-1.jpg\" alt=\"\" class=\"wp-image-5259 lazyload\" data-srcset=\"https:\/\/www.univ-oeb.dz\/CEIL\/wp-content\/uploads\/2024\/12\/5-1024x683-1.jpg 1024w, https:\/\/www.univ-oeb.dz\/CEIL\/wp-content\/uploads\/2024\/12\/5-1024x683-1-300x200.jpg 300w, https:\/\/www.univ-oeb.dz\/CEIL\/wp-content\/uploads\/2024\/12\/5-1024x683-1-768x512.jpg 768w\" data-sizes=\"(max-width: 1024px) 100vw, 1024px\" src=\"data:image\/gif;base64,R0lGODlhAQABAAAAACH5BAEKAAEALAAAAAABAAEAAAICTAEAOw==\" style=\"--smush-placeholder-width: 1024px; --smush-placeholder-aspect-ratio: 1024\/683;\" \/><noscript><img loading=\"lazy\" decoding=\"async\" width=\"1024\" height=\"683\" data-id=\"5259\" src=\"https:\/\/www.univ-oeb.dz\/CEIL\/wp-content\/uploads\/2024\/12\/5-1024x683-1.jpg\" alt=\"\" class=\"wp-image-5259\" srcset=\"https:\/\/www.univ-oeb.dz\/CEIL\/wp-content\/uploads\/2024\/12\/5-1024x683-1.jpg 1024w, https:\/\/www.univ-oeb.dz\/CEIL\/wp-content\/uploads\/2024\/12\/5-1024x683-1-300x200.jpg 300w, https:\/\/www.univ-oeb.dz\/CEIL\/wp-content\/uploads\/2024\/12\/5-1024x683-1-768x512.jpg 768w\" sizes=\"(max-width: 1024px) 100vw, 1024px\" \/><\/noscript><\/figure>\n\n\n\n<figure class=\"wp-block-image size-large\"><img loading=\"lazy\" decoding=\"async\" width=\"683\" height=\"1024\" data-id=\"5260\" data-src=\"https:\/\/www.univ-oeb.dz\/CEIL\/wp-content\/uploads\/2024\/12\/4-683x1024-1.jpg\" alt=\"\" class=\"wp-image-5260 lazyload\" data-srcset=\"https:\/\/www.univ-oeb.dz\/CEIL\/wp-content\/uploads\/2024\/12\/4-683x1024-1.jpg 683w, https:\/\/www.univ-oeb.dz\/CEIL\/wp-content\/uploads\/2024\/12\/4-683x1024-1-200x300.jpg 200w\" data-sizes=\"(max-width: 683px) 100vw, 683px\" src=\"data:image\/gif;base64,R0lGODlhAQABAAAAACH5BAEKAAEALAAAAAABAAEAAAICTAEAOw==\" style=\"--smush-placeholder-width: 683px; --smush-placeholder-aspect-ratio: 683\/1024;\" \/><noscript><img loading=\"lazy\" decoding=\"async\" width=\"683\" height=\"1024\" data-id=\"5260\" src=\"https:\/\/www.univ-oeb.dz\/CEIL\/wp-content\/uploads\/2024\/12\/4-683x1024-1.jpg\" alt=\"\" class=\"wp-image-5260\" srcset=\"https:\/\/www.univ-oeb.dz\/CEIL\/wp-content\/uploads\/2024\/12\/4-683x1024-1.jpg 683w, https:\/\/www.univ-oeb.dz\/CEIL\/wp-content\/uploads\/2024\/12\/4-683x1024-1-200x300.jpg 200w\" sizes=\"(max-width: 683px) 100vw, 683px\" \/><\/noscript><\/figure>\n\n\n\n<figure class=\"wp-block-image size-large\"><img loading=\"lazy\" decoding=\"async\" width=\"1024\" height=\"683\" data-id=\"5261\" data-src=\"https:\/\/www.univ-oeb.dz\/CEIL\/wp-content\/uploads\/2024\/12\/2-1024x683-2.jpg\" alt=\"\" class=\"wp-image-5261 lazyload\" data-srcset=\"https:\/\/www.univ-oeb.dz\/CEIL\/wp-content\/uploads\/2024\/12\/2-1024x683-2.jpg 1024w, https:\/\/www.univ-oeb.dz\/CEIL\/wp-content\/uploads\/2024\/12\/2-1024x683-2-300x200.jpg 300w, https:\/\/www.univ-oeb.dz\/CEIL\/wp-content\/uploads\/2024\/12\/2-1024x683-2-768x512.jpg 768w\" data-sizes=\"(max-width: 1024px) 100vw, 1024px\" src=\"data:image\/gif;base64,R0lGODlhAQABAAAAACH5BAEKAAEALAAAAAABAAEAAAICTAEAOw==\" style=\"--smush-placeholder-width: 1024px; --smush-placeholder-aspect-ratio: 1024\/683;\" \/><noscript><img loading=\"lazy\" decoding=\"async\" width=\"1024\" height=\"683\" data-id=\"5261\" src=\"https:\/\/www.univ-oeb.dz\/CEIL\/wp-content\/uploads\/2024\/12\/2-1024x683-2.jpg\" alt=\"\" class=\"wp-image-5261\" srcset=\"https:\/\/www.univ-oeb.dz\/CEIL\/wp-content\/uploads\/2024\/12\/2-1024x683-2.jpg 1024w, https:\/\/www.univ-oeb.dz\/CEIL\/wp-content\/uploads\/2024\/12\/2-1024x683-2-300x200.jpg 300w, https:\/\/www.univ-oeb.dz\/CEIL\/wp-content\/uploads\/2024\/12\/2-1024x683-2-768x512.jpg 768w\" sizes=\"(max-width: 1024px) 100vw, 1024px\" \/><\/noscript><\/figure>\n<\/figure>\n","protected":false},"excerpt":{"rendered":"<p>Journ\u00e9e d&#8217;\u00e9tude sur la langue turqueLe Centre d&#8217;enseignement intensif des langues a organis\u00e9 une journ\u00e9e d&#8217;\u00e9tude sur la langue turque, supervis\u00e9e par M. Mustafa Abdullah Yilmaz, avec la participation de Mme Harkou Lilia, directrice du Centre, du professeur de langue turque du Centre, Baklwa Ahmed, du professeur de langue Anglaise, Bomkora Ali, et des \u00e9tudiants du Centre.<\/p>\n","protected":false},"author":3,"featured_media":0,"parent":0,"menu_order":0,"comment_status":"closed","ping_status":"closed","template":"","meta":{"footnotes":""},"class_list":["post-5244","page","type-page","status-publish","hentry"],"_links":{"self":[{"href":"https:\/\/www.univ-oeb.dz\/CEIL\/wp-json\/wp\/v2\/pages\/5244","targetHints":{"allow":["GET"]}}],"collection":[{"href":"https:\/\/www.univ-oeb.dz\/CEIL\/wp-json\/wp\/v2\/pages"}],"about":[{"href":"https:\/\/www.univ-oeb.dz\/CEIL\/wp-json\/wp\/v2\/types\/page"}],"author":[{"embeddable":true,"href":"https:\/\/www.univ-oeb.dz\/CEIL\/wp-json\/wp\/v2\/users\/3"}],"replies":[{"embeddable":true,"href":"https:\/\/www.univ-oeb.dz\/CEIL\/wp-json\/wp\/v2\/comments?post=5244"}],"version-history":[{"count":1,"href":"https:\/\/www.univ-oeb.dz\/CEIL\/wp-json\/wp\/v2\/pages\/5244\/revisions"}],"predecessor-version":[{"id":5262,"href":"https:\/\/www.univ-oeb.dz\/CEIL\/wp-json\/wp\/v2\/pages\/5244\/revisions\/5262"}],"wp:attachment":[{"href":"https:\/\/www.univ-oeb.dz\/CEIL\/wp-json\/wp\/v2\/media?parent=5244"}],"curies":[{"name":"wp","href":"https:\/\/api.w.org\/{rel}","templated":true}]}}