{"id":3652,"date":"2024-05-19T12:21:43","date_gmt":"2024-05-19T09:21:43","guid":{"rendered":"https:\/\/www.univ-oeb.dz\/CEIL\/?page_id=3652"},"modified":"2024-05-22T16:00:55","modified_gmt":"2024-05-22T13:00:55","slug":"le-mot-du-directeur-du-centre","status":"publish","type":"page","link":"https:\/\/www.univ-oeb.dz\/CEIL\/fr\/le-mot-du-directeur-du-centre\/","title":{"rendered":"Le mot du la directrice du Centre"},"content":{"rendered":"\n<p dir=\"ltr\"><strong>Bienvenue au <strong>C<\/strong>entre d\u2019<strong>E<\/strong>nseignement&nbsp;<strong>I<\/strong>ntensif des&nbsp;<strong>L<\/strong>angues (<strong>CEIL<\/strong>)<\/strong><\/p>\n\n\n<div class=\"wp-block-image\">\n<figure class=\"alignright size-full\"><img decoding=\"async\" width=\"174\" height=\"180\" data-src=\"https:\/\/www.univ-oeb.dz\/CEIL\/wp-content\/uploads\/2023\/05\/IMG-20230524-WA0018.jpg\" alt=\"\" class=\"wp-image-1891 lazyload\" src=\"data:image\/gif;base64,R0lGODlhAQABAAAAACH5BAEKAAEALAAAAAABAAEAAAICTAEAOw==\" style=\"--smush-placeholder-width: 174px; --smush-placeholder-aspect-ratio: 174\/180;\" \/><noscript><img decoding=\"async\" width=\"174\" height=\"180\" src=\"https:\/\/www.univ-oeb.dz\/CEIL\/wp-content\/uploads\/2023\/05\/IMG-20230524-WA0018.jpg\" alt=\"\" class=\"wp-image-1891\"\/><\/noscript><\/figure><\/div>\n\n\n<p dir=\"ltr\"><strong>Le Centre de Langues de l&#8217;Universit\u00e9 Larbi Ben M&#8217;hidi Oum El Bouaghi offre aux \u00e9tudiants, au personnel acad\u00e9mique, au personnel administratif et technique principalement de l&#8217;universit\u00e9 et aux personnes int\u00e9ress\u00e9es en dehors de l&#8217;universit\u00e9, la possibilit\u00e9 de ma\u00eetriser leurs comp\u00e9tences linguistiques.<\/strong><\/p>\n\n\n\n<p dir=\"ltr\"><strong>Le Centre a pour objectif d&#8217;accompagner la r\u00e9ussite des \u00e9tudiants en les aidant \u00e0 ma\u00eetriser et \u00e0 am\u00e9liorer leurs niveaux en langues \u00e9trang\u00e8res. Nous offrons aux \u00e9tudiants du coll\u00e9gial une formation personnalis\u00e9e selon leurs besoins<\/strong><\/p>\n\n\n\n<p dir=\"ltr\"><strong>L&#8217;approche p\u00e9dagogique int\u00e8gre les r\u00e9sultats de la recherche en linguistique et en enseignement des langues et utilise les technologies de l&#8217;information et de la communication.<\/strong><\/p>\n","protected":false},"excerpt":{"rendered":"<p>Bienvenue au Centre d\u2019Enseignement&nbsp;Intensif des&nbsp;Langues (CEIL) Le Centre de Langues de l&#8217;Universit\u00e9 Larbi Ben M&#8217;hidi Oum El Bouaghi offre aux \u00e9tudiants, au personnel acad\u00e9mique, au personnel administratif et technique principalement de l&#8217;universit\u00e9 et aux personnes int\u00e9ress\u00e9es en dehors de l&#8217;universit\u00e9, la possibilit\u00e9 de ma\u00eetriser leurs comp\u00e9tences linguistiques. Le Centre a pour objectif d&#8217;accompagner la r\u00e9ussite des \u00e9tudiants en les aidant \u00e0 ma\u00eetriser et \u00e0 am\u00e9liorer leurs niveaux en langues \u00e9trang\u00e8res. Nous offrons aux \u00e9tudiants du coll\u00e9gial une formation personnalis\u00e9e selon leurs besoins L&#8217;approche p\u00e9dagogique int\u00e8gre les r\u00e9sultats de la recherche en linguistique et en enseignement des langues et utilise les technologies de l&#8217;information et de la communication.<\/p>\n","protected":false},"author":3,"featured_media":0,"parent":0,"menu_order":0,"comment_status":"closed","ping_status":"closed","template":"","meta":{"footnotes":""},"class_list":["post-3652","page","type-page","status-publish","hentry"],"_links":{"self":[{"href":"https:\/\/www.univ-oeb.dz\/CEIL\/wp-json\/wp\/v2\/pages\/3652","targetHints":{"allow":["GET"]}}],"collection":[{"href":"https:\/\/www.univ-oeb.dz\/CEIL\/wp-json\/wp\/v2\/pages"}],"about":[{"href":"https:\/\/www.univ-oeb.dz\/CEIL\/wp-json\/wp\/v2\/types\/page"}],"author":[{"embeddable":true,"href":"https:\/\/www.univ-oeb.dz\/CEIL\/wp-json\/wp\/v2\/users\/3"}],"replies":[{"embeddable":true,"href":"https:\/\/www.univ-oeb.dz\/CEIL\/wp-json\/wp\/v2\/comments?post=3652"}],"version-history":[{"count":3,"href":"https:\/\/www.univ-oeb.dz\/CEIL\/wp-json\/wp\/v2\/pages\/3652\/revisions"}],"predecessor-version":[{"id":3710,"href":"https:\/\/www.univ-oeb.dz\/CEIL\/wp-json\/wp\/v2\/pages\/3652\/revisions\/3710"}],"wp:attachment":[{"href":"https:\/\/www.univ-oeb.dz\/CEIL\/wp-json\/wp\/v2\/media?parent=3652"}],"curies":[{"name":"wp","href":"https:\/\/api.w.org\/{rel}","templated":true}]}}