{"id":8017,"date":"2023-11-30T10:31:24","date_gmt":"2023-11-30T09:31:24","guid":{"rendered":"http:\/\/www.univ-oeb.dz\/Bibliotheque\/?page_id=8017"},"modified":"2023-11-30T10:31:25","modified_gmt":"2023-11-30T09:31:25","slug":"mapping-of-the-documentary-system","status":"publish","type":"page","link":"https:\/\/www.univ-oeb.dz\/Bibliotheque\/en\/mapping-of-the-documentary-system\/","title":{"rendered":"Mapping of the documentary system"},"content":{"rendered":"\t\t<div data-elementor-type=\"wp-page\" data-elementor-id=\"8017\" class=\"elementor elementor-8017\">\n\t\t\t\t\t\t<section class=\"elementor-section elementor-top-section elementor-element elementor-element-fa5bbc4 elementor-section-boxed elementor-section-height-default elementor-section-height-default wpr-particle-no wpr-jarallax-no wpr-parallax-no wpr-sticky-section-no\" data-id=\"fa5bbc4\" data-element_type=\"section\">\n\t\t\t\t\t\t<div class=\"elementor-container elementor-column-gap-default\">\n\t\t\t\t\t<div class=\"elementor-column elementor-col-100 elementor-top-column elementor-element elementor-element-d733bce\" data-id=\"d733bce\" data-element_type=\"column\">\n\t\t\t<div class=\"elementor-widget-wrap elementor-element-populated\">\n\t\t\t\t\t\t<div class=\"elementor-element elementor-element-e0c1bf9 elementor-widget elementor-widget-text-editor\" data-id=\"e0c1bf9\" data-element_type=\"widget\" data-widget_type=\"text-editor.default\">\n\t\t\t\t<div class=\"elementor-widget-container\">\n\t\t\t<style>\/*! elementor - v3.21.0 - 26-05-2024 *\/\n.elementor-widget-text-editor.elementor-drop-cap-view-stacked .elementor-drop-cap{background-color:#69727d;color:#fff}.elementor-widget-text-editor.elementor-drop-cap-view-framed .elementor-drop-cap{color:#69727d;border:3px solid;background-color:transparent}.elementor-widget-text-editor:not(.elementor-drop-cap-view-default) .elementor-drop-cap{margin-top:8px}.elementor-widget-text-editor:not(.elementor-drop-cap-view-default) .elementor-drop-cap-letter{width:1em;height:1em}.elementor-widget-text-editor .elementor-drop-cap{float:left;text-align:center;line-height:1;font-size:50px}.elementor-widget-text-editor .elementor-drop-cap-letter{display:inline-block}<\/style>\t\t\t\t<p>Le syst\u00e8me documentaire de l\u2019universit\u00e9 Larbi Ben M\u2019hidi repose sur la biblioth\u00e8que centrale, nouveau lieu de travail et de recherche qui se dresse majestueusement au sein du nouveau campus central de l\u2019universit\u00e9, con\u00e7ue par l\u2019architecte alg\u00e9rien Chorfi Ahmed qui a su la blottir contre les flancs de Sidi R\u2019ghiss qui la bordent en \u00e9pousant parfaitement sa forme circulaire en harmonie avec la structure architecturale d\u2019ensemble de l\u2019universit\u00e9 plut\u00f4t de style mauresque modernis\u00e9. Sa mise en service (octobre 2008) a devanc\u00e9 de quelque mois son accession de centre universitaire (1983) au rang d\u2019universit\u00e9 (04 Janvier 2009), dont elle a h\u00e9rit\u00e9 le fonds documentaire. Fonds pluridisciplinaire, qui d\u2019ann\u00e9e en ann\u00e9e s\u2019enrichit en comptant de nouvelles fili\u00e8res (Sports, Sciences Politiques, Histoire, Midcine, \u2026). La biblioth\u00e8que centrale constitue le noyau de cette organisation autour de laquelle gravitent nombre de biblioth\u00e8ques de facult\u00e9s que nous repr\u00e9sentons ci-dessus :<\/p>\t\t\t\t\t\t<\/div>\n\t\t\t\t<\/div>\n\t\t\t\t\t<\/div>\n\t\t<\/div>\n\t\t\t\t\t<\/div>\n\t\t<\/section>\n\t\t\t\t<section class=\"elementor-section elementor-top-section elementor-element elementor-element-cfd3e12 elementor-section-boxed elementor-section-height-default elementor-section-height-default wpr-particle-no wpr-jarallax-no wpr-parallax-no wpr-sticky-section-no\" data-id=\"cfd3e12\" data-element_type=\"section\">\n\t\t\t\t\t\t<div class=\"elementor-container elementor-column-gap-default\">\n\t\t\t\t\t<div class=\"elementor-column elementor-col-100 elementor-top-column elementor-element elementor-element-87af801\" data-id=\"87af801\" data-element_type=\"column\">\n\t\t\t<div class=\"elementor-widget-wrap elementor-element-populated\">\n\t\t\t\t\t\t<div class=\"elementor-element elementor-element-86d9990 elementor-widget elementor-widget-image\" data-id=\"86d9990\" data-element_type=\"widget\" data-widget_type=\"image.default\">\n\t\t\t\t<div class=\"elementor-widget-container\">\n\t\t\t<style>\/*! elementor - v3.21.0 - 26-05-2024 *\/\n.elementor-widget-image{text-align:center}.elementor-widget-image a{display:inline-block}.elementor-widget-image a img[src$=\".svg\"]{width:48px}.elementor-widget-image img{vertical-align:middle;display:inline-block}<\/style>\t\t\t\t\t\t\t\t\t\t\t<a href=\"https:\/\/www.univ-oeb.dz\/Bibliotheque\/wp-content\/uploads\/2023\/06\/\u062e\u0631\u064a\u0637\u0629.png\" data-elementor-open-lightbox=\"no\">\n\t\t\t\t\t\t\t<img fetchpriority=\"high\" decoding=\"async\" width=\"1019\" height=\"1024\" src=\"https:\/\/www.univ-oeb.dz\/Bibliotheque\/wp-content\/uploads\/2023\/06\/\u062e\u0631\u064a\u0637\u0629-1019x1024.png\" class=\"attachment-large size-large wp-image-6883\" alt=\"\" srcset=\"https:\/\/www.univ-oeb.dz\/Bibliotheque\/wp-content\/uploads\/2023\/06\/\u062e\u0631\u064a\u0637\u0629-1019x1024.png 1019w, https:\/\/www.univ-oeb.dz\/Bibliotheque\/wp-content\/uploads\/2023\/06\/\u062e\u0631\u064a\u0637\u0629-298x300.png 298w, https:\/\/www.univ-oeb.dz\/Bibliotheque\/wp-content\/uploads\/2023\/06\/\u062e\u0631\u064a\u0637\u0629-150x150.png 150w, https:\/\/www.univ-oeb.dz\/Bibliotheque\/wp-content\/uploads\/2023\/06\/\u062e\u0631\u064a\u0637\u0629-768x772.png 768w, https:\/\/www.univ-oeb.dz\/Bibliotheque\/wp-content\/uploads\/2023\/06\/\u062e\u0631\u064a\u0637\u0629.png 1162w\" sizes=\"(max-width: 1019px) 100vw, 1019px\" \/>\t\t\t\t\t\t\t\t<\/a>\n\t\t\t\t\t\t\t\t\t\t\t\t\t<\/div>\n\t\t\t\t<\/div>\n\t\t\t\t\t<\/div>\n\t\t<\/div>\n\t\t\t\t\t<\/div>\n\t\t<\/section>\n\t\t\t\t<\/div>\n\t\t","protected":false},"excerpt":{"rendered":"<p>Mapping of the documentary system<\/p>\n","protected":false},"author":1,"featured_media":0,"parent":0,"menu_order":0,"comment_status":"closed","ping_status":"closed","template":"","meta":{"footnotes":""},"_links":{"self":[{"href":"https:\/\/www.univ-oeb.dz\/Bibliotheque\/wp-json\/wp\/v2\/pages\/8017"}],"collection":[{"href":"https:\/\/www.univ-oeb.dz\/Bibliotheque\/wp-json\/wp\/v2\/pages"}],"about":[{"href":"https:\/\/www.univ-oeb.dz\/Bibliotheque\/wp-json\/wp\/v2\/types\/page"}],"author":[{"embeddable":true,"href":"https:\/\/www.univ-oeb.dz\/Bibliotheque\/wp-json\/wp\/v2\/users\/1"}],"replies":[{"embeddable":true,"href":"https:\/\/www.univ-oeb.dz\/Bibliotheque\/wp-json\/wp\/v2\/comments?post=8017"}],"version-history":[{"count":1,"href":"https:\/\/www.univ-oeb.dz\/Bibliotheque\/wp-json\/wp\/v2\/pages\/8017\/revisions"}],"predecessor-version":[{"id":8018,"href":"https:\/\/www.univ-oeb.dz\/Bibliotheque\/wp-json\/wp\/v2\/pages\/8017\/revisions\/8018"}],"wp:attachment":[{"href":"https:\/\/www.univ-oeb.dz\/Bibliotheque\/wp-json\/wp\/v2\/media?parent=8017"}],"curies":[{"name":"wp","href":"https:\/\/api.w.org\/{rel}","templated":true}]}}