{"id":8012,"date":"2023-11-30T10:16:26","date_gmt":"2023-11-30T09:16:26","guid":{"rendered":"http:\/\/www.univ-oeb.dz\/Bibliotheque\/?page_id=8012"},"modified":"2023-11-30T10:16:27","modified_gmt":"2023-11-30T09:16:27","slug":"library-missions","status":"publish","type":"page","link":"https:\/\/www.univ-oeb.dz\/Bibliotheque\/en\/library-missions\/","title":{"rendered":"Library missions"},"content":{"rendered":"\t\t<div data-elementor-type=\"wp-page\" data-elementor-id=\"8012\" class=\"elementor elementor-8012\">\n\t\t\t\t\t\t<section class=\"elementor-section elementor-top-section elementor-element elementor-element-7fbc73e elementor-section-boxed elementor-section-height-default elementor-section-height-default wpr-particle-no wpr-jarallax-no wpr-parallax-no wpr-sticky-section-no\" data-id=\"7fbc73e\" data-element_type=\"section\">\n\t\t\t\t\t\t<div class=\"elementor-container elementor-column-gap-default\">\n\t\t\t\t\t<div class=\"elementor-column elementor-col-100 elementor-top-column elementor-element elementor-element-b94ea49\" data-id=\"b94ea49\" data-element_type=\"column\">\n\t\t\t<div class=\"elementor-widget-wrap elementor-element-populated\">\n\t\t\t\t\t\t<div class=\"elementor-element elementor-element-cf003f2 elementor-widget elementor-widget-text-editor\" data-id=\"cf003f2\" data-element_type=\"widget\" data-widget_type=\"text-editor.default\">\n\t\t\t\t<div class=\"elementor-widget-container\">\n\t\t\t<style>\/*! elementor - v3.21.0 - 26-05-2024 *\/\n.elementor-widget-text-editor.elementor-drop-cap-view-stacked .elementor-drop-cap{background-color:#69727d;color:#fff}.elementor-widget-text-editor.elementor-drop-cap-view-framed .elementor-drop-cap{color:#69727d;border:3px solid;background-color:transparent}.elementor-widget-text-editor:not(.elementor-drop-cap-view-default) .elementor-drop-cap{margin-top:8px}.elementor-widget-text-editor:not(.elementor-drop-cap-view-default) .elementor-drop-cap-letter{width:1em;height:1em}.elementor-widget-text-editor .elementor-drop-cap{float:left;text-align:center;line-height:1;font-size:50px}.elementor-widget-text-editor .elementor-drop-cap-letter{display:inline-block}<\/style>\t\t\t\t<p>Les missions de la biblioth\u00e8que sont d\u00e9finies par l&#8217;arr\u00eat\u00e9 minist\u00e9riel en date du 24 ao\u00fbt 2004 qui r\u00e9git l&#8217;organisation administrative de la biblioth\u00e8que centrale. Ses principales missions consistent en :<\/p><ol><li><p>Proposer des programmes d&#8217;acquisition de documents et de documentation universitaire en collaboration avec les biblioth\u00e8ques des facult\u00e9s et des instituts.<\/p><\/li><li><p>Pr\u00e9parer les fiches bibliographiques et les m\u00e9moires pour les cycles sup\u00e9rieurs.<\/p><\/li><li><p>Organiser le fonds documentaire de la biblioth\u00e8que centrale en utilisant les m\u00e9thodes de traitement et de classement les plus modernes.<\/p><\/li><li><p>Aider les responsables des biblioth\u00e8ques des facult\u00e9s et des instituts \u00e0 g\u00e9rer les structures plac\u00e9es sous leur autorit\u00e9.<\/p><\/li><li><p>Assurer la maintenance du fonds documentaire de la biblioth\u00e8que centrale et mettre \u00e0 jour r\u00e9guli\u00e8rement l&#8217;inventaire.<\/p><\/li><li><p>\u00c9tablir les conditions appropri\u00e9es pour l&#8217;utilisation du fonds documentaire par les enseignants et les \u00e9tudiants.<\/p><\/li><li><p>Aider les \u00e9tudiants dans leurs recherches bibliographiques.<\/p><\/li><\/ol>\t\t\t\t\t\t<\/div>\n\t\t\t\t<\/div>\n\t\t\t\t\t<\/div>\n\t\t<\/div>\n\t\t\t\t\t<\/div>\n\t\t<\/section>\n\t\t\t\t<\/div>\n\t\t","protected":false},"excerpt":{"rendered":"<p>Library missions<\/p>\n","protected":false},"author":1,"featured_media":0,"parent":0,"menu_order":0,"comment_status":"closed","ping_status":"closed","template":"","meta":{"footnotes":""},"_links":{"self":[{"href":"https:\/\/www.univ-oeb.dz\/Bibliotheque\/wp-json\/wp\/v2\/pages\/8012"}],"collection":[{"href":"https:\/\/www.univ-oeb.dz\/Bibliotheque\/wp-json\/wp\/v2\/pages"}],"about":[{"href":"https:\/\/www.univ-oeb.dz\/Bibliotheque\/wp-json\/wp\/v2\/types\/page"}],"author":[{"embeddable":true,"href":"https:\/\/www.univ-oeb.dz\/Bibliotheque\/wp-json\/wp\/v2\/users\/1"}],"replies":[{"embeddable":true,"href":"https:\/\/www.univ-oeb.dz\/Bibliotheque\/wp-json\/wp\/v2\/comments?post=8012"}],"version-history":[{"count":1,"href":"https:\/\/www.univ-oeb.dz\/Bibliotheque\/wp-json\/wp\/v2\/pages\/8012\/revisions"}],"predecessor-version":[{"id":8013,"href":"https:\/\/www.univ-oeb.dz\/Bibliotheque\/wp-json\/wp\/v2\/pages\/8012\/revisions\/8013"}],"wp:attachment":[{"href":"https:\/\/www.univ-oeb.dz\/Bibliotheque\/wp-json\/wp\/v2\/media?parent=8012"}],"curies":[{"name":"wp","href":"https:\/\/api.w.org\/{rel}","templated":true}]}}