{"id":7767,"date":"2023-09-18T11:01:30","date_gmt":"2023-09-18T10:01:30","guid":{"rendered":"http:\/\/www.univ-oeb.dz\/Bibliotheque\/?page_id=7767"},"modified":"2024-09-18T09:24:14","modified_gmt":"2024-09-18T08:24:14","slug":"contactez-nous","status":"publish","type":"page","link":"https:\/\/www.univ-oeb.dz\/Bibliotheque\/fr\/contactez-nous\/","title":{"rendered":"CONTACTEZ-NOUS"},"content":{"rendered":"\n<h2 class=\"wp-block-heading\">Biblioth\u00e8que centrale &#8211; Universit\u00e9 Oum El Bouaghi &#8211;<\/h2>\n\n\n\n<p><\/p>\n\n\n\n<p id=\"block-8bd1adf5-f112-423a-a76d-0f3b36f5a8a7\"><strong>Phone :<\/strong> <strong><strong>0660456655<\/strong><\/strong><\/p>\n\n\n\n<p id=\"block-8bd1adf5-f112-423a-a76d-0f3b36f5a8a7\"><strong>Email :<\/strong> <a href=\"mailto:boulakhras.zohir@univ-oeb.dz\" target=\"_blank\" rel=\"noreferrer noopener\"><a href=\"mailto:bib.centale@univ-oeb.dz\" target=\"_blank\" rel=\"noreferrer noopener\"><strong>bib.centale@univ-oeb.dz<\/strong><\/a><\/a><\/p>\n\n\n\n<p class=\"has-vivid-cyan-blue-color has-text-color\" id=\"tw-target-text\">Directeur de la biblioth\u00e8que : Boulakhras Zohir\n<\/p>\n\n\n\n<p id=\"block-8bd1adf5-f112-423a-a76d-0f3b36f5a8a7\"><strong>Phone :<\/strong> <strong>0661445645 <\/strong> <\/p>\n\n\n\n<p id=\"block-8bd1adf5-f112-423a-a76d-0f3b36f5a8a7\"><strong>Email :<\/strong> <a href=\"mailto:boulakhras.zohir@univ-oeb.dz\" target=\"_blank\" rel=\"noreferrer noopener\"><strong>boulakhras.zohir@univ-oeb.dz<\/strong><\/a><\/p>\n\n\n\n<hr class=\"wp-block-separator has-alpha-channel-opacity\"\/>\n\n\n\n<p class=\"has-vivid-cyan-blue-color has-text-color\" id=\"tw-target-text\">L&#8217;ing\u00e9nieur de la biblioth\u00e8que : kabouche Zina <\/p>\n\n\n\n<p id=\"block-8bd1adf5-f112-423a-a76d-0f3b36f5a8a7\"><strong>Phone :<\/strong> <span style=\"font-size: revert; color: initial;\"><strong>0674393348<\/strong> <\/span><\/p>\n\n\n\n<p id=\"block-8bd1adf5-f112-423a-a76d-0f3b36f5a8a7\"><strong>Email :<\/strong> <a href=\"mailto:zohirboulakhras@yahoo.fr\" target=\"_blank\" rel=\"noreferrer noopener\"><strong>kabouche.zina@univ-oeb.dz<\/strong><\/a><\/p>\n\n\n\n<hr class=\"wp-block-separator has-alpha-channel-opacity\"\/>\n\n\n\n<p class=\"has-vivid-cyan-blue-color has-text-color\" id=\"tw-target-text\">A- Responsable du&nbsp;traitement&nbsp;du fonds&nbsp;documentaire : Marouf Abdelhamid<\/p>\n\n\n\n<p id=\"block-8bd1adf5-f112-423a-a76d-0f3b36f5a8a7\"><strong>Phone : 0663313814<\/strong>   <\/p>\n\n\n\n<p id=\"block-8bd1adf5-f112-423a-a76d-0f3b36f5a8a7\"><strong>Email :<\/strong><a href=\"mailto:marouf.Abdelhamid@univ-oeb.dz\" target=\"_blank\" rel=\"noreferrer noopener\"><a href=\"mailto:bib.orientation@univ-oeb.dz\" target=\"_blank\" rel=\"noreferrer noopener\"><strong>bib.orientation@univ-oeb.dz<\/strong><\/a><\/a><\/p>\n\n\n\n<hr class=\"wp-block-separator has-alpha-channel-opacity\"\/>\n\n\n\n<p class=\"has-vivid-cyan-blue-color has-text-color\">B- Charg\u00e9 de l&#8217;orientation et de la gestion des affaires du personnel : Marouf Abdelhamid<\/p>\n\n\n\n<p id=\"block-8bd1adf5-f112-423a-a76d-0f3b36f5a8a7\"><strong>Phone :<\/strong> <strong>0663313814<\/strong> <\/p>\n\n\n\n<p id=\"block-8bd1adf5-f112-423a-a76d-0f3b36f5a8a7\"><strong>Email :<\/strong><a href=\"mailto:marouf.Abdelhamid@univ-oeb.dz\" target=\"_blank\" rel=\"noreferrer noopener\"><a href=\"mailto:bib.orientation@univ-oeb.dz\" target=\"_blank\" rel=\"noreferrer noopener\"><strong>bib.orientation@univ-oeb.dz<\/strong><\/a><\/a><\/p>\n\n\n\n<hr class=\"wp-block-separator has-alpha-channel-opacity\"\/>\n\n\n\n<p class=\"has-vivid-cyan-blue-color has-text-color\" id=\"tw-target-text\">C- Responsable de l&#8217;acquisition et du d\u00e9veloppement du fonds documentaire :  Kadem Zoubir<\/p>\n\n\n\n<p id=\"block-8bd1adf5-f112-423a-a76d-0f3b36f5a8a7\"><strong>Phone :<\/strong> <strong>0663313814 <\/strong> <\/p>\n\n\n\n<p id=\"block-8bd1adf5-f112-423a-a76d-0f3b36f5a8a7\"><strong>Email :<\/strong> <a href=\"mailto:boulakhras.zohir@univ-oeb.dz\" target=\"_blank\" rel=\"noreferrer noopener\"><\/a><a href=\"mailto:boulakhras.zohir@univ-oeb.dz\" target=\"_blank\" rel=\"noreferrer noopener\"><\/a><a href=\"mailto:kadem.zoubir@univ-oeb.dz\" target=\"_blank\" rel=\"noreferrer noopener\"><a href=\"mailto:bib.aquisition@univ-oeb.dz\" target=\"_blank\" rel=\"noreferrer noopener\"><strong>bib.aquisition@univ-oeb.dz<\/strong><\/a><\/a><\/p>\n\n\n\n<hr class=\"wp-block-separator has-alpha-channel-opacity\"\/>\n\n\n\n<p class=\"has-vivid-cyan-blue-color has-text-color\" id=\"tw-target-text\">D- Responsable de la recherche bibliographique : Messaoudi Rochdi<\/p>\n\n\n\n<p id=\"block-8bd1adf5-f112-423a-a76d-0f3b36f5a8a7\"><strong>Phone :<\/strong> <strong>0670281817<\/strong>  <\/p>\n\n\n\n<p id=\"block-8bd1adf5-f112-423a-a76d-0f3b36f5a8a7\"><strong>Email :<\/strong> <a href=\"mailto:boulakhras.zohir@univ-oeb.dz\" target=\"_blank\" rel=\"noreferrer noopener\"> <\/a><a href=\"mailto:rochdi.messaoudi@univ-oeb.dz\" target=\"_blank\" rel=\"noreferrer noopener\"><a href=\"mailto:bib.recherche@univ-oeb.dz\" target=\"_blank\" rel=\"noreferrer noopener\"><strong>bib.recherche@univ-oeb.dz<\/strong><\/a><\/a><\/p>\n\n\n\n<hr class=\"wp-block-separator has-alpha-channel-opacity\"\/>\n\n\n\n<p class=\"has-vivid-cyan-blue-color has-text-color\" id=\"tw-target-text\">1- Responsable de la biblioth\u00e8que de la Facult\u00e9 des Lettres et des Langues : Mebarkia Faouaz.<\/p>\n\n\n\n<p id=\"block-8bd1adf5-f112-423a-a76d-0f3b36f5a8a7\"><strong>Phone :<\/strong> <strong>0671800727<\/strong>  <\/p>\n\n\n\n<p id=\"block-8bd1adf5-f112-423a-a76d-0f3b36f5a8a7\"><strong>Email :<\/strong> <strong><a href=\"mailto:faouaz.mebarkia@univ-oeb.dz\">faouaz.mebarkia@univ-oeb.dz<\/a><\/strong><\/p>\n\n\n\n<hr class=\"wp-block-separator has-alpha-channel-opacity\"\/>\n\n\n\n<p class=\"has-vivid-cyan-blue-color has-text-color\" id=\"tw-target-text\">2- Responsable de la biblioth\u00e8que de la Facult\u00e9 des Sciences Humaines et Sociales : <\/p>\n\n\n\n<p id=\"block-8bd1adf5-f112-423a-a76d-0f3b36f5a8a7\"><strong>Phone :<\/strong> <\/p>\n\n\n\n<p id=\"block-8bd1adf5-f112-423a-a76d-0f3b36f5a8a7\"><strong>Email :<\/strong> <\/p>\n\n\n\n<hr class=\"wp-block-separator has-alpha-channel-opacity\"\/>\n\n\n\n<p class=\"has-vivid-cyan-blue-color has-text-color\" id=\"tw-target-text\">3- Responsable de la biblioth\u00e8que de la Facult\u00e9 des Sciences Exactes et des Sciences de la Vie&nbsp;: Yahiaoui Azeddine.<\/p>\n\n\n\n<p><strong>Phone :<\/strong> <strong><span style=\"font-size: revert; color: initial;\">&nbsp;<\/span>0771213014<\/strong><\/p>\n\n\n<p id=\"block-8bd1adf5-f112-423a-a76d-0f3b36f5a8a7\"><strong>Email :&nbsp;<a href=\"mailto:azeddine.yahiaoui@univ-oeb.dz\" data-wplink-edit=\"true\">azeddine.yahiaoui@univ-oeb.dz<\/a><\/strong><\/p>\n\n\n<hr class=\"wp-block-separator has-alpha-channel-opacity\"\/>\n\n\n\n<p class=\"has-vivid-cyan-blue-color has-text-color\" id=\"tw-target-text\">4- Responsable de la biblioth\u00e8que de la Facult\u00e9 des Sciences Commerciales, \u00c9conomiques et des Sciences de Gestion : Beghou Sliman <\/p>\n\n\n\n<p id=\"block-8bd1adf5-f112-423a-a76d-0f3b36f5a8a7\"><strong>Phone :<\/strong> <strong>0792960220<\/strong> <\/p>\n\n\n\n<p id=\"block-8bd1adf5-f112-423a-a76d-0f3b36f5a8a7\"><strong>Email :<\/strong> <strong><a href=\"mailto:beghou.hichem@univ-oeb.dz\">beghou.hichem@univ-oeb.dz<\/a><\/strong><\/p>\n\n\n\n<hr class=\"wp-block-separator has-alpha-channel-opacity\"\/>\n\n\n\n<p class=\"has-vivid-cyan-blue-color has-text-color\" id=\"tw-target-text\">5- Responsable de la biblioth\u00e8que de la Facult\u00e9 de Droit et des Sciences Administratives et Politiques : <\/p>\n\n\n\n<p id=\"block-8bd1adf5-f112-423a-a76d-0f3b36f5a8a7\"><strong>Phone :<\/strong> <\/p>\n\n\n\n<p id=\"block-8bd1adf5-f112-423a-a76d-0f3b36f5a8a7\"><strong>Email :<\/strong><\/p>\n\n\n\n<hr class=\"wp-block-separator has-alpha-channel-opacity\"\/>\n\n\n\n<p class=\"has-vivid-cyan-blue-color has-text-color\">6- <span style=\"color: var(--wp--preset--color--vivid-cyan-blue); font-size: revert;\">Responsable de la biblioth\u00e8que de la Facult\u00e9 des Sciences et des Sciences Appliqu\u00e9es &#8211; P\u00f4le Universitaire d&#8217;A\u00efn Baida : Salmi Faten <\/span><\/p>\n\n\n\n<p class=\"has-black-color has-text-color\"><strong>Phone : 0663371313<\/strong><\/p>\n\n\n\n<p class=\"has-vivid-cyan-blue-color has-text-color\"><p id=\"block-8bd1adf5-f112-423a-a76d-0f3b36f5a8a7\"><strong style=\"font-size: revert; color: initial;\">Email :<\/strong><span style=\"font-size: revert; color: initial;\"> <\/span><strong><a rel=\"noreferrer noopener\" href=\"mailto:salmi.fetten@univ-oeb.dz\" target=\"_blank\"><\/a><strong><a href=\"mailto:salmi.fetten@univ-oeb.dz\" target=\"_blank\" rel=\"noreferrer noopener\">salmi.fetten@univ-oeb.dz<\/a><\/strong><\/strong> <\/p><\/p>\n\n\n\n<hr class=\"wp-block-separator has-alpha-channel-opacity\"\/>\n\n\n\n<p class=\"has-vivid-cyan-blue-color has-text-color\">7- Responsable de la biblioth\u00e8que de la Facult\u00e9 d&#8217;Architecture :<\/p>\n\n\n\n<p><strong style=\"font-size: revert; color: initial;\">Phone :<\/strong><span style=\"font-size: revert; color: initial;\"> <\/span> <\/p>\n\n\n\n<p> <p id=\"block-8bd1adf5-f112-423a-a76d-0f3b36f5a8a7\"><strong>Email :<\/strong> <\/p><\/p>\n\n\n\n<hr class=\"wp-block-separator has-alpha-channel-opacity\"\/>\n\n\n\n<p class=\"has-vivid-cyan-blue-color has-white-background-color has-text-color has-background\">8- Responsable de la biblioth\u00e8que de l&#8217;Institut des Sciences et Techniques des Activit\u00e9s Physiques et Sportives : Foughali Meriem. <\/p>\n\n\n\n<p><p id=\"block-8bd1adf5-f112-423a-a76d-0f3b36f5a8a7\"><strong>Phone :<\/strong> <strong>0698330554 <\/strong><\/p><\/p>\n\n\n\n<p><p id=\"block-8bd1adf5-f112-423a-a76d-0f3b36f5a8a7\"><strong>Email :<\/strong> <strong><a href=\"mailto:beghou.hichem@univ-oeb.dz\"><strong><a rel=\"noreferrer noopener\" href=\"mailto:meriem.foughali@univ-oeb.dz\" target=\"_blank\">meriem.foughali@univ-oeb.dz<\/a><\/strong><\/a><\/strong><\/p> <\/p>\n\n\n\n<hr class=\"wp-block-separator has-alpha-channel-opacity\"\/>\n\n\n\n<p class=\"has-vivid-cyan-blue-color has-text-color\">9- Responsable de la biblioth\u00e8que de la facult\u00e9 de m\u00e9decine : Chibani Fouzia<\/p>\n\n\n\n<p><p id=\"block-8bd1adf5-f112-423a-a76d-0f3b36f5a8a7\"><strong>Phone :<\/strong> <strong>0669966095<\/strong> <\/p><\/p>\n\n\n\n<p><p id=\"block-8bd1adf5-f112-423a-a76d-0f3b36f5a8a7\"><strong>Email :<\/strong> <strong><a href=\"mailto:beghou.hichem@univ-oeb.dz\"><strong><a rel=\"noreferrer noopener\" href=\"mailto:chibani.fouzia@univ-oeb.dz\" target=\"_blank\">chibani.fouzia@univ-oeb.dz<\/a><\/strong><\/a><\/strong><\/p><\/p>\n\n\n\n<hr class=\"wp-block-separator has-alpha-channel-opacity\"\/>\n\n\n\n<p class=\"has-vivid-cyan-blue-color has-text-color\">10- Responsable de la biblioth\u00e8que de l&#8217;Institut des Sciences et Techniques Appliqu\u00e9es \u00e0 A\u00efn M&#8217;lila : Awabdiya Lakhmissi <\/p>\n\n\n\n<p><p id=\"block-8bd1adf5-f112-423a-a76d-0f3b36f5a8a7\"><strong>Phone :<\/strong> <strong style=\"font-size: revert; color: initial;\">0675103858<\/strong><\/p><\/p>\n\n\n\n<p><p id=\"block-8bd1adf5-f112-423a-a76d-0f3b36f5a8a7\"><strong>Email :<\/strong> <\/p> <\/p>\n","protected":false},"excerpt":{"rendered":"<p>Biblioth\u00e8que centrale &#8211; Universit\u00e9 Oum El Bouaghi &#8211; Phone : 0660456655 Email : bib.centale@univ-oeb.dz Directeur de la biblioth\u00e8que : Boulakhras Zohir Phone : 0661445645 Email : boulakhras.zohir@univ-oeb.dz L&#8217;ing\u00e9nieur de la biblioth\u00e8que : kabouche Zina Phone : 0674393348 Email : kabouche.zina@univ-oeb.dz A- Responsable du&nbsp;traitement&nbsp;du fonds&nbsp;documentaire : Marouf Abdelhamid Phone : 0663313814 Email :bib.orientation@univ-oeb.dz B- Charg\u00e9 de l&#8217;orientation et de la gestion des affaires du personnel : Marouf Abdelhamid Phone : 0663313814 Email :bib.orientation@univ-oeb.dz C- Responsable de l&#8217;acquisition et du d\u00e9veloppement du fonds documentaire : Kadem Zoubir Phone : 0663313814 Email : bib.aquisition@univ-oeb.dz D- Responsable de la recherche bibliographique : Messaoudi Rochdi Phone : 0670281817 Email : bib.recherche@univ-oeb.dz 1- Responsable de la biblioth\u00e8que de la Facult\u00e9 des Lettres et des Langues : Mebarkia Faouaz. Phone : 0671800727 Email : faouaz.mebarkia@univ-oeb.dz 2- Responsable de la biblioth\u00e8que de la Facult\u00e9 des Sciences Humaines et Sociales : Phone : Email : 3- Responsable de la biblioth\u00e8que de la Facult\u00e9 des Sciences Exactes et des Sciences de la Vie&nbsp;: Yahiaoui Azeddine. Phone : &nbsp;0771213014 Email :&nbsp;azeddine.yahiaoui@univ-oeb.dz 4- Responsable de la biblioth\u00e8que de la Facult\u00e9 des Sciences Commerciales, \u00c9conomiques et des Sciences de Gestion : Beghou Sliman Phone : 0792960220 Email : beghou.hichem@univ-oeb.dz 5- Responsable de la biblioth\u00e8que de la Facult\u00e9 de Droit et des Sciences Administratives et Politiques : Phone : Email : 6- Responsable de la biblioth\u00e8que de la Facult\u00e9 des Sciences et des Sciences Appliqu\u00e9es &#8211; P\u00f4le Universitaire d&#8217;A\u00efn Baida : Salmi Faten Phone : 0663371313 Email : salmi.fetten@univ-oeb.dz 7- Responsable de la biblioth\u00e8que de la Facult\u00e9 d&#8217;Architecture : Phone : Email : 8- Responsable de la biblioth\u00e8que de l&#8217;Institut des Sciences et Techniques des Activit\u00e9s Physiques et Sportives : Foughali Meriem. Phone : 0698330554 Email : meriem.foughali@univ-oeb.dz 9- Responsable de la biblioth\u00e8que de la facult\u00e9 de m\u00e9decine : Chibani Fouzia Phone : 0669966095 Email : chibani.fouzia@univ-oeb.dz 10- Responsable de la biblioth\u00e8que de l&#8217;Institut des Sciences et Techniques Appliqu\u00e9es \u00e0 A\u00efn M&#8217;lila : Awabdiya Lakhmissi Phone : 0675103858 Email :<\/p>\n","protected":false},"author":1,"featured_media":7455,"parent":0,"menu_order":0,"comment_status":"closed","ping_status":"closed","template":"","meta":{"footnotes":""},"_links":{"self":[{"href":"https:\/\/www.univ-oeb.dz\/Bibliotheque\/wp-json\/wp\/v2\/pages\/7767"}],"collection":[{"href":"https:\/\/www.univ-oeb.dz\/Bibliotheque\/wp-json\/wp\/v2\/pages"}],"about":[{"href":"https:\/\/www.univ-oeb.dz\/Bibliotheque\/wp-json\/wp\/v2\/types\/page"}],"author":[{"embeddable":true,"href":"https:\/\/www.univ-oeb.dz\/Bibliotheque\/wp-json\/wp\/v2\/users\/1"}],"replies":[{"embeddable":true,"href":"https:\/\/www.univ-oeb.dz\/Bibliotheque\/wp-json\/wp\/v2\/comments?post=7767"}],"version-history":[{"count":37,"href":"https:\/\/www.univ-oeb.dz\/Bibliotheque\/wp-json\/wp\/v2\/pages\/7767\/revisions"}],"predecessor-version":[{"id":8486,"href":"https:\/\/www.univ-oeb.dz\/Bibliotheque\/wp-json\/wp\/v2\/pages\/7767\/revisions\/8486"}],"wp:featuredmedia":[{"embeddable":true,"href":"https:\/\/www.univ-oeb.dz\/Bibliotheque\/wp-json\/wp\/v2\/media\/7455"}],"wp:attachment":[{"href":"https:\/\/www.univ-oeb.dz\/Bibliotheque\/wp-json\/wp\/v2\/media?parent=7767"}],"curies":[{"name":"wp","href":"https:\/\/api.w.org\/{rel}","templated":true}]}}