{"id":7760,"date":"2023-09-18T10:55:39","date_gmt":"2023-09-18T09:55:39","guid":{"rendered":"http:\/\/www.univ-oeb.dz\/Bibliotheque\/?page_id=7760"},"modified":"2024-11-12T10:13:55","modified_gmt":"2024-11-12T09:13:55","slug":"documents-a-telecharger","status":"publish","type":"page","link":"https:\/\/www.univ-oeb.dz\/Bibliotheque\/fr\/documents-a-telecharger\/","title":{"rendered":"DOCUMENTS A TELECHARGER"},"content":{"rendered":"\n<p>Pour gagner du temps et de l&#8217;effort, la biblioth\u00e8que centrale met \u00e0 votre disposition un formulaire de t\u00e9l\u00e9chargement comprenant une autorisation pour visiter diff\u00e9rentes biblioth\u00e8ques universitaires \u00e0 travers le pays. La personne concern\u00e9e doit suivre les \u00e9tapes suivantes :<\/p>\n\n\n\n<ol>\n<li>Imprimer le formulaire.<\/li>\n\n\n\n<li>Le remplir avec soin.<\/li>\n\n\n\n<li>Le pr\u00e9senter pour validation aupr\u00e8s de nos services.<\/li>\n<\/ol>\n\n\n\n<div style=\"height:100px\" aria-hidden=\"true\" class=\"wp-block-spacer\"><\/div>\n\n\n\n<h1 class=\"wp-block-heading has-text-align-center\">Permis pour visiter la biblioth\u00e8que<\/h1>\n\n\n\n<div data-wp-interactive=\"core\/file\" class=\"wp-block-file\"><object data-wp-bind--hidden=\"!state.hasPdfPreview\"  class=\"wp-block-file__embed\" data=\"https:\/\/www.univ-oeb.dz\/Bibliotheque\/wp-content\/uploads\/2023\/12\/\u062a\u0631\u062e\u064a\u0635-\u0628\u0632\u064a\u0627\u0631\u0629-\u0628\u0627\u0644\u0645\u0643\u062a\u0628\u0629-1.pdf\" type=\"application\/pdf\" style=\"width:100%;height:500px\" aria-label=\"Embed of \u062a\u0631\u062e\u064a\u0635-\u0628\u0632\u064a\u0627\u0631\u0629-\u0628\u0627\u0644\u0645\u0643\u062a\u0628\u0629-1.\"><\/object><a id=\"wp-block-file--media-7d686a98-8762-4d9b-b22d-501008be9c0f\" href=\"https:\/\/www.univ-oeb.dz\/Bibliotheque\/wp-content\/uploads\/2023\/12\/\u062a\u0631\u062e\u064a\u0635-\u0628\u0632\u064a\u0627\u0631\u0629-\u0628\u0627\u0644\u0645\u0643\u062a\u0628\u0629-1.pdf\">\u062a\u0631\u062e\u064a\u0635-\u0628\u0632\u064a\u0627\u0631\u0629-\u0628\u0627\u0644\u0645\u0643\u062a\u0628\u0629-1<\/a><a href=\"https:\/\/www.univ-oeb.dz\/Bibliotheque\/wp-content\/uploads\/2023\/12\/\u062a\u0631\u062e\u064a\u0635-\u0628\u0632\u064a\u0627\u0631\u0629-\u0628\u0627\u0644\u0645\u0643\u062a\u0628\u0629-1.pdf\" class=\"wp-block-file__button wp-element-button\" download aria-describedby=\"wp-block-file--media-7d686a98-8762-4d9b-b22d-501008be9c0f\">Download<\/a><\/div>\n\n\n\n<div style=\"height:100px\" aria-hidden=\"true\" class=\"wp-block-spacer\"><\/div>\n\n\n\n<div class=\"wp-block-buttons is-content-justification-center is-layout-flex wp-container-core-buttons-is-layout-1 wp-block-buttons-is-layout-flex\">\n<div class=\"wp-block-button has-custom-font-size has-medium-font-size\"><a class=\"wp-block-button__link has-white-color has-luminous-vivid-orange-to-vivid-red-gradient-background has-text-color has-background wp-element-button\" href=\"https:\/\/www.univ-oeb.dz\/Bibliotheque\/wp-content\/uploads\/2023\/06\/\u062a\u0631\u062e\u064a\u0635-\u0628\u0632\u064a\u0627\u0631\u0629-\u0628\u0627\u0644\u0645\u0643\u062a\u0628\u0629.pdf\" style=\"border-radius:20px\" target=\"_blank\" rel=\"noreferrer noopener\">T\u00e9l\u00e9charger<\/a><\/div>\n<\/div>\n","protected":false},"excerpt":{"rendered":"<p>Pour gagner du temps et de l&#8217;effort, la biblioth\u00e8que centrale met \u00e0 votre disposition un formulaire de t\u00e9l\u00e9chargement comprenant une autorisation pour visiter diff\u00e9rentes biblioth\u00e8ques universitaires \u00e0 travers le pays. La personne concern\u00e9e doit suivre les \u00e9tapes suivantes : Imprimer le formulaire. Le remplir avec soin. Le pr\u00e9senter pour validation aupr\u00e8s de nos services. Permis pour visiter la biblioth\u00e8que \u062a\u0631\u062e\u064a\u0635-\u0628\u0632\u064a\u0627\u0631\u0629-\u0628\u0627\u0644\u0645\u0643\u062a\u0628\u0629-1Download T\u00e9l\u00e9charger<\/p>\n","protected":false},"author":1,"featured_media":0,"parent":0,"menu_order":0,"comment_status":"closed","ping_status":"closed","template":"","meta":{"footnotes":""},"_links":{"self":[{"href":"https:\/\/www.univ-oeb.dz\/Bibliotheque\/wp-json\/wp\/v2\/pages\/7760"}],"collection":[{"href":"https:\/\/www.univ-oeb.dz\/Bibliotheque\/wp-json\/wp\/v2\/pages"}],"about":[{"href":"https:\/\/www.univ-oeb.dz\/Bibliotheque\/wp-json\/wp\/v2\/types\/page"}],"author":[{"embeddable":true,"href":"https:\/\/www.univ-oeb.dz\/Bibliotheque\/wp-json\/wp\/v2\/users\/1"}],"replies":[{"embeddable":true,"href":"https:\/\/www.univ-oeb.dz\/Bibliotheque\/wp-json\/wp\/v2\/comments?post=7760"}],"version-history":[{"count":11,"href":"https:\/\/www.univ-oeb.dz\/Bibliotheque\/wp-json\/wp\/v2\/pages\/7760\/revisions"}],"predecessor-version":[{"id":8526,"href":"https:\/\/www.univ-oeb.dz\/Bibliotheque\/wp-json\/wp\/v2\/pages\/7760\/revisions\/8526"}],"wp:attachment":[{"href":"https:\/\/www.univ-oeb.dz\/Bibliotheque\/wp-json\/wp\/v2\/media?parent=7760"}],"curies":[{"name":"wp","href":"https:\/\/api.w.org\/{rel}","templated":true}]}}