{"id":7754,"date":"2023-09-18T10:45:44","date_gmt":"2023-09-18T09:45:44","guid":{"rendered":"http:\/\/www.univ-oeb.dz\/Bibliotheque\/?page_id=7754"},"modified":"2023-09-18T10:49:10","modified_gmt":"2023-09-18T09:49:10","slug":"le-service-dorientation","status":"publish","type":"page","link":"https:\/\/www.univ-oeb.dz\/Bibliotheque\/fr\/le-service-dorientation\/","title":{"rendered":"Le service d&#8217;orientation"},"content":{"rendered":"\t\t<div data-elementor-type=\"wp-page\" data-elementor-id=\"7754\" class=\"elementor elementor-7754\">\n\t\t\t\t\t\t<section class=\"elementor-section elementor-top-section elementor-element elementor-element-d0cd4c0 elementor-section-boxed elementor-section-height-default elementor-section-height-default wpr-particle-no wpr-jarallax-no wpr-parallax-no wpr-sticky-section-no\" data-id=\"d0cd4c0\" data-element_type=\"section\">\n\t\t\t\t\t\t<div class=\"elementor-container elementor-column-gap-default\">\n\t\t\t\t\t<div class=\"elementor-column elementor-col-100 elementor-top-column elementor-element elementor-element-9021b94\" data-id=\"9021b94\" data-element_type=\"column\">\n\t\t\t<div class=\"elementor-widget-wrap elementor-element-populated\">\n\t\t\t\t\t\t<div class=\"elementor-element elementor-element-163a149 elementor-widget elementor-widget-text-editor\" data-id=\"163a149\" data-element_type=\"widget\" data-widget_type=\"text-editor.default\">\n\t\t\t\t<div class=\"elementor-widget-container\">\n\t\t\t<style>\/*! elementor - v3.21.0 - 26-05-2024 *\/\n.elementor-widget-text-editor.elementor-drop-cap-view-stacked .elementor-drop-cap{background-color:#69727d;color:#fff}.elementor-widget-text-editor.elementor-drop-cap-view-framed .elementor-drop-cap{color:#69727d;border:3px solid;background-color:transparent}.elementor-widget-text-editor:not(.elementor-drop-cap-view-default) .elementor-drop-cap{margin-top:8px}.elementor-widget-text-editor:not(.elementor-drop-cap-view-default) .elementor-drop-cap-letter{width:1em;height:1em}.elementor-widget-text-editor .elementor-drop-cap{float:left;text-align:center;line-height:1;font-size:50px}.elementor-widget-text-editor .elementor-drop-cap-letter{display:inline-block}<\/style>\t\t\t\t<p>Le service d&#8217;orientation se charge de guider les utilisateurs dans l&#8217;utilisation de la biblioth\u00e8que et de les accompagner dans leur recherche de r\u00e9f\u00e9rences, en mettant \u00e0 leur disposition toutes les conditions propices \u00e0 la lecture et \u00e0 la recherche. Il fournit \u00e9galement des statistiques et des informations sur le fonds documentaire en circulation aupr\u00e8s des lecteurs. \u00c0 cet \u00e9gard, ce service doit compter des \u00e9l\u00e9ments humains ayant une comp\u00e9tence professionnelle et une connaissance suffisante pour r\u00e9pondre aux demandes d&#8217;assistance ou \u00e0 toute question.<\/p>\t\t\t\t\t\t<\/div>\n\t\t\t\t<\/div>\n\t\t\t\t\t<\/div>\n\t\t<\/div>\n\t\t\t\t\t<\/div>\n\t\t<\/section>\n\t\t\t\t<section class=\"elementor-section elementor-top-section elementor-element elementor-element-dad1972 elementor-section-boxed elementor-section-height-default elementor-section-height-default wpr-particle-no wpr-jarallax-no wpr-parallax-no wpr-sticky-section-no\" data-id=\"dad1972\" data-element_type=\"section\">\n\t\t\t\t\t\t<div class=\"elementor-container elementor-column-gap-default\">\n\t\t\t\t\t<div class=\"elementor-column elementor-col-100 elementor-top-column elementor-element elementor-element-4497abc\" data-id=\"4497abc\" data-element_type=\"column\">\n\t\t\t<div class=\"elementor-widget-wrap elementor-element-populated\">\n\t\t\t\t\t\t<div class=\"elementor-element elementor-element-64a597b elementor-widget elementor-widget-heading\" data-id=\"64a597b\" data-element_type=\"widget\" data-widget_type=\"heading.default\">\n\t\t\t\t<div class=\"elementor-widget-container\">\n\t\t\t<style>\/*! elementor - v3.21.0 - 26-05-2024 *\/\n.elementor-heading-title{padding:0;margin:0;line-height:1}.elementor-widget-heading .elementor-heading-title[class*=elementor-size-]>a{color:inherit;font-size:inherit;line-height:inherit}.elementor-widget-heading .elementor-heading-title.elementor-size-small{font-size:15px}.elementor-widget-heading .elementor-heading-title.elementor-size-medium{font-size:19px}.elementor-widget-heading .elementor-heading-title.elementor-size-large{font-size:29px}.elementor-widget-heading .elementor-heading-title.elementor-size-xl{font-size:39px}.elementor-widget-heading .elementor-heading-title.elementor-size-xxl{font-size:59px}<\/style><h2 class=\"elementor-heading-title elementor-size-default\">Les missions du chef de service sont les suivantes :<\/h2>\t\t<\/div>\n\t\t\t\t<\/div>\n\t\t\t\t\t<\/div>\n\t\t<\/div>\n\t\t\t\t\t<\/div>\n\t\t<\/section>\n\t\t\t\t<section class=\"elementor-section elementor-top-section elementor-element elementor-element-4043230 elementor-section-boxed elementor-section-height-default elementor-section-height-default wpr-particle-no wpr-jarallax-no wpr-parallax-no wpr-sticky-section-no\" data-id=\"4043230\" data-element_type=\"section\">\n\t\t\t\t\t\t<div class=\"elementor-container elementor-column-gap-default\">\n\t\t\t\t\t<div class=\"elementor-column elementor-col-100 elementor-top-column elementor-element elementor-element-85fbb82\" data-id=\"85fbb82\" data-element_type=\"column\">\n\t\t\t<div class=\"elementor-widget-wrap elementor-element-populated\">\n\t\t\t\t\t\t<div class=\"elementor-element elementor-element-786c606 elementor-widget elementor-widget-text-editor\" data-id=\"786c606\" data-element_type=\"widget\" data-widget_type=\"text-editor.default\">\n\t\t\t\t<div class=\"elementor-widget-container\">\n\t\t\t\t\t\t\t<ol><li><p>G\u00e9rer la biblioth\u00e8que par int\u00e9rim en l&#8217;absence du conservateur de la biblioth\u00e8que centrale.<\/p><\/li><li><p>Repr\u00e9senter le conservateur de la biblioth\u00e8que centrale lors des r\u00e9unions de l&#8217;universit\u00e9 en cas d&#8217;absence ou d&#8217;indisponibilit\u00e9.<\/p><\/li><li><p>Repr\u00e9senter le conservateur lors des rencontres nationales et internationales, ou localement en cas d&#8217;absence ou d&#8217;indisponibilit\u00e9.<\/p><\/li><\/ol><p>Par cons\u00e9quent, ce service est responsable de :<\/p><ol><li><p>Approuver le certificat de d\u00e9charge de responsabilit\u00e9 de la biblioth\u00e8que.<\/p><\/li><li><p>Accorder des licences pour utiliser les services des autres biblioth\u00e8ques centrales, en mettant en \u0153uvre le principe de coop\u00e9ration entre les biblioth\u00e8ques universitaires.<\/p><\/li><li><p>Suivre les besoins de la biblioth\u00e8que en \u00e9quipements.<\/p><\/li><\/ol>\t\t\t\t\t\t<\/div>\n\t\t\t\t<\/div>\n\t\t\t\t\t<\/div>\n\t\t<\/div>\n\t\t\t\t\t<\/div>\n\t\t<\/section>\n\t\t\t\t<section class=\"elementor-section elementor-top-section elementor-element elementor-element-ad070b6 elementor-section-boxed elementor-section-height-default elementor-section-height-default wpr-particle-no wpr-jarallax-no wpr-parallax-no wpr-sticky-section-no\" data-id=\"ad070b6\" data-element_type=\"section\">\n\t\t\t\t\t\t<div class=\"elementor-container elementor-column-gap-default\">\n\t\t\t\t\t<div class=\"elementor-column elementor-col-100 elementor-top-column elementor-element elementor-element-1b6d5ae\" data-id=\"1b6d5ae\" data-element_type=\"column\">\n\t\t\t<div class=\"elementor-widget-wrap elementor-element-populated\">\n\t\t\t\t\t\t<div class=\"elementor-element elementor-element-af66a50 elementor-widget elementor-widget-heading\" data-id=\"af66a50\" data-element_type=\"widget\" data-widget_type=\"heading.default\">\n\t\t\t\t<div class=\"elementor-widget-container\">\n\t\t\t<h2 class=\"elementor-heading-title elementor-size-default\">Les missions confi\u00e9es au personnel relevant du service au niveau de la biblioth\u00e8que centrale sont les suivantes :<\/h2>\t\t<\/div>\n\t\t\t\t<\/div>\n\t\t\t\t\t<\/div>\n\t\t<\/div>\n\t\t\t\t\t<\/div>\n\t\t<\/section>\n\t\t\t\t<section class=\"elementor-section elementor-top-section elementor-element elementor-element-d98ee0e elementor-section-boxed elementor-section-height-default elementor-section-height-default wpr-particle-no wpr-jarallax-no wpr-parallax-no wpr-sticky-section-no\" data-id=\"d98ee0e\" data-element_type=\"section\">\n\t\t\t\t\t\t<div class=\"elementor-container elementor-column-gap-default\">\n\t\t\t\t\t<div class=\"elementor-column elementor-col-100 elementor-top-column elementor-element elementor-element-9474c0b\" data-id=\"9474c0b\" data-element_type=\"column\">\n\t\t\t<div class=\"elementor-widget-wrap elementor-element-populated\">\n\t\t\t\t\t\t<div class=\"elementor-element elementor-element-d002dae elementor-widget elementor-widget-text-editor\" data-id=\"d002dae\" data-element_type=\"widget\" data-widget_type=\"text-editor.default\">\n\t\t\t\t<div class=\"elementor-widget-container\">\n\t\t\t\t\t\t\t<ol><li><p>Mettre \u00e0 jour les index des titres disponibles pour le pr\u00eat.<\/p><\/li><li><p>Mettre \u00e0 jour l&#8217;inventaire et les registres d&#8217;inventaire annuels du fonds documentaire disponible pour le pr\u00eat.<\/p><\/li><li><p>Suivre le d\u00e9roulement des op\u00e9rations de pr\u00eat externes ou internes, de l&#8217;emprunt au retour et \u00e0 l&#8217;organisation.<\/p><\/li><li><p>Orienter et former les utilisateurs \u00e0 la recherche automatis\u00e9e.<\/p><\/li><\/ol>\t\t\t\t\t\t<\/div>\n\t\t\t\t<\/div>\n\t\t\t\t\t<\/div>\n\t\t<\/div>\n\t\t\t\t\t<\/div>\n\t\t<\/section>\n\t\t\t\t<\/div>\n\t\t","protected":false},"excerpt":{"rendered":"<p>Le service d&#8217;orientation se charge de guider les utilisateurs dans l&#8217;utilisation de la biblioth\u00e8que et de les accompagner dans leur recherche de r\u00e9f\u00e9rences, en mettant \u00e0 leur disposition toutes les conditions propices \u00e0 la lecture et \u00e0 la recherche. Il fournit \u00e9galement des statistiques et des informations sur le fonds documentaire en circulation aupr\u00e8s des lecteurs. \u00c0 cet \u00e9gard, ce service doit compter des \u00e9l\u00e9ments humains ayant une comp\u00e9tence professionnelle et une connaissance suffisante pour r\u00e9pondre aux demandes d&#8217;assistance ou \u00e0 toute question. Les missions du chef de service sont les suivantes : G\u00e9rer la biblioth\u00e8que par int\u00e9rim en l&#8217;absence du conservateur de la biblioth\u00e8que centrale. Repr\u00e9senter le conservateur de la biblioth\u00e8que centrale lors des r\u00e9unions de l&#8217;universit\u00e9 en cas d&#8217;absence ou d&#8217;indisponibilit\u00e9. Repr\u00e9senter le conservateur lors des rencontres nationales et internationales, ou localement en cas d&#8217;absence ou d&#8217;indisponibilit\u00e9. Par cons\u00e9quent, ce service est responsable de : Approuver le certificat de d\u00e9charge de responsabilit\u00e9 de la biblioth\u00e8que. Accorder des licences pour utiliser les services des autres biblioth\u00e8ques centrales, en mettant en \u0153uvre le principe de coop\u00e9ration entre les biblioth\u00e8ques universitaires. Suivre les besoins de la biblioth\u00e8que en \u00e9quipements. Les missions confi\u00e9es au personnel relevant du service au niveau de la biblioth\u00e8que centrale sont les suivantes : Mettre \u00e0 jour les index des titres disponibles pour le pr\u00eat. Mettre \u00e0 jour l&#8217;inventaire et les registres d&#8217;inventaire annuels du fonds documentaire disponible pour le pr\u00eat. Suivre le d\u00e9roulement des op\u00e9rations de pr\u00eat externes ou internes, de l&#8217;emprunt au retour et \u00e0 l&#8217;organisation. Orienter et former les utilisateurs \u00e0 la recherche automatis\u00e9e.<\/p>\n","protected":false},"author":1,"featured_media":0,"parent":0,"menu_order":0,"comment_status":"closed","ping_status":"closed","template":"","meta":{"footnotes":""},"_links":{"self":[{"href":"https:\/\/www.univ-oeb.dz\/Bibliotheque\/wp-json\/wp\/v2\/pages\/7754"}],"collection":[{"href":"https:\/\/www.univ-oeb.dz\/Bibliotheque\/wp-json\/wp\/v2\/pages"}],"about":[{"href":"https:\/\/www.univ-oeb.dz\/Bibliotheque\/wp-json\/wp\/v2\/types\/page"}],"author":[{"embeddable":true,"href":"https:\/\/www.univ-oeb.dz\/Bibliotheque\/wp-json\/wp\/v2\/users\/1"}],"replies":[{"embeddable":true,"href":"https:\/\/www.univ-oeb.dz\/Bibliotheque\/wp-json\/wp\/v2\/comments?post=7754"}],"version-history":[{"count":4,"href":"https:\/\/www.univ-oeb.dz\/Bibliotheque\/wp-json\/wp\/v2\/pages\/7754\/revisions"}],"predecessor-version":[{"id":7758,"href":"https:\/\/www.univ-oeb.dz\/Bibliotheque\/wp-json\/wp\/v2\/pages\/7754\/revisions\/7758"}],"wp:attachment":[{"href":"https:\/\/www.univ-oeb.dz\/Bibliotheque\/wp-json\/wp\/v2\/media?parent=7754"}],"curies":[{"name":"wp","href":"https:\/\/api.w.org\/{rel}","templated":true}]}}