{"id":7748,"date":"2023-09-18T10:43:05","date_gmt":"2023-09-18T09:43:05","guid":{"rendered":"http:\/\/www.univ-oeb.dz\/Bibliotheque\/?page_id=7748"},"modified":"2023-09-18T10:43:52","modified_gmt":"2023-09-18T09:43:52","slug":"le-service-de-traitement","status":"publish","type":"page","link":"https:\/\/www.univ-oeb.dz\/Bibliotheque\/fr\/le-service-de-traitement\/","title":{"rendered":"Le service de traitement"},"content":{"rendered":"\t\t<div data-elementor-type=\"wp-page\" data-elementor-id=\"7748\" class=\"elementor elementor-7748\">\n\t\t\t\t\t\t<section class=\"elementor-section elementor-top-section elementor-element elementor-element-af941d7 elementor-section-boxed elementor-section-height-default elementor-section-height-default wpr-particle-no wpr-jarallax-no wpr-parallax-no wpr-sticky-section-no\" data-id=\"af941d7\" data-element_type=\"section\">\n\t\t\t\t\t\t<div class=\"elementor-container elementor-column-gap-default\">\n\t\t\t\t\t<div class=\"elementor-column elementor-col-100 elementor-top-column elementor-element elementor-element-fbb1ac0\" data-id=\"fbb1ac0\" data-element_type=\"column\">\n\t\t\t<div class=\"elementor-widget-wrap elementor-element-populated\">\n\t\t\t\t\t\t<div class=\"elementor-element elementor-element-49caf03 elementor-widget elementor-widget-text-editor\" data-id=\"49caf03\" data-element_type=\"widget\" data-widget_type=\"text-editor.default\">\n\t\t\t\t<div class=\"elementor-widget-container\">\n\t\t\t<style>\/*! elementor - v3.21.0 - 26-05-2024 *\/\n.elementor-widget-text-editor.elementor-drop-cap-view-stacked .elementor-drop-cap{background-color:#69727d;color:#fff}.elementor-widget-text-editor.elementor-drop-cap-view-framed .elementor-drop-cap{color:#69727d;border:3px solid;background-color:transparent}.elementor-widget-text-editor:not(.elementor-drop-cap-view-default) .elementor-drop-cap{margin-top:8px}.elementor-widget-text-editor:not(.elementor-drop-cap-view-default) .elementor-drop-cap-letter{width:1em;height:1em}.elementor-widget-text-editor .elementor-drop-cap{float:left;text-align:center;line-height:1;font-size:50px}.elementor-widget-text-editor .elementor-drop-cap-letter{display:inline-block}<\/style>\t\t\t\t<p><span style=\"font-size: 14pt;\">\u00a0 Le service de traitement est charg\u00e9 de proposer et de mettre en \u0153uvre les moyens les plus efficaces pour traiter le fonds documentaire conform\u00e9ment \u00e0 la cha\u00eene documentaire. Il se charge \u00e9galement de la classification en utilisant un syst\u00e8me de classification mondial \u00e0 la fois scientifique et pratique, permettant une r\u00e9cup\u00e9ration efficace de l&#8217;information apr\u00e8s plusieurs \u00e9tapes techniques et techniques, y compris la catalogage descriptif et analytique selon des normes internationales. Ceci contribue au d\u00e9veloppement et \u00e0 l&#8217;enrichissement des collections de la biblioth\u00e8que, r\u00e9pondant ainsi aux besoins des lecteurs et des chercheurs pour les mettre \u00e0 leur disposition \u00e0 des fins d&#8217;utilisation.<\/span><\/p>\t\t\t\t\t\t<\/div>\n\t\t\t\t<\/div>\n\t\t\t\t\t<\/div>\n\t\t<\/div>\n\t\t\t\t\t<\/div>\n\t\t<\/section>\n\t\t\t\t<section class=\"elementor-section elementor-top-section elementor-element elementor-element-ec567ab elementor-section-boxed elementor-section-height-default elementor-section-height-default wpr-particle-no wpr-jarallax-no wpr-parallax-no wpr-sticky-section-no\" data-id=\"ec567ab\" data-element_type=\"section\">\n\t\t\t\t\t\t<div class=\"elementor-container elementor-column-gap-default\">\n\t\t\t\t\t<div class=\"elementor-column elementor-col-100 elementor-top-column elementor-element elementor-element-41da696\" data-id=\"41da696\" data-element_type=\"column\">\n\t\t\t<div class=\"elementor-widget-wrap elementor-element-populated\">\n\t\t\t\t\t\t<div class=\"elementor-element elementor-element-fea2e2a elementor-widget elementor-widget-text-editor\" data-id=\"fea2e2a\" data-element_type=\"widget\" data-widget_type=\"text-editor.default\">\n\t\t\t\t<div class=\"elementor-widget-container\">\n\t\t\t\t\t\t\t<p>Par cons\u00e9quent, ce service est responsable de :<\/p><ol><li><p>Suivre les d\u00e9veloppements et les syst\u00e8mes modernes de pr\u00e9servation et de r\u00e9cup\u00e9ration de l&#8217;information.<\/p><\/li><li><p>Classer les nouvelles acquisitions.<\/p><\/li><li><p>Distribuer les nouvelles acquisitions aux banques de pr\u00eat et aux biblioth\u00e8ques des facult\u00e9s.<\/p><\/li><li><p>Compiler des index des banques et des salles de pr\u00eat.<\/p><\/li><li><p>Restaurer et relier les livres endommag\u00e9s, en particulier ceux qui sont rares.<\/p><\/li><\/ol>\t\t\t\t\t\t<\/div>\n\t\t\t\t<\/div>\n\t\t\t\t\t<\/div>\n\t\t<\/div>\n\t\t\t\t\t<\/div>\n\t\t<\/section>\n\t\t\t\t<\/div>\n\t\t","protected":false},"excerpt":{"rendered":"<p>\u00a0 Le service de traitement est charg\u00e9 de proposer et de mettre en \u0153uvre les moyens les plus efficaces pour traiter le fonds documentaire conform\u00e9ment \u00e0 la cha\u00eene documentaire. Il se charge \u00e9galement de la classification en utilisant un syst\u00e8me de classification mondial \u00e0 la fois scientifique et pratique, permettant une r\u00e9cup\u00e9ration efficace de l&#8217;information apr\u00e8s plusieurs \u00e9tapes techniques et techniques, y compris la catalogage descriptif et analytique selon des normes internationales. Ceci contribue au d\u00e9veloppement et \u00e0 l&#8217;enrichissement des collections de la biblioth\u00e8que, r\u00e9pondant ainsi aux besoins des lecteurs et des chercheurs pour les mettre \u00e0 leur disposition \u00e0 des fins d&#8217;utilisation. Par cons\u00e9quent, ce service est responsable de : Suivre les d\u00e9veloppements et les syst\u00e8mes modernes de pr\u00e9servation et de r\u00e9cup\u00e9ration de l&#8217;information. Classer les nouvelles acquisitions. Distribuer les nouvelles acquisitions aux banques de pr\u00eat et aux biblioth\u00e8ques des facult\u00e9s. Compiler des index des banques et des salles de pr\u00eat. Restaurer et relier les livres endommag\u00e9s, en particulier ceux qui sont rares.<\/p>\n","protected":false},"author":1,"featured_media":0,"parent":0,"menu_order":0,"comment_status":"closed","ping_status":"closed","template":"","meta":{"footnotes":""},"_links":{"self":[{"href":"https:\/\/www.univ-oeb.dz\/Bibliotheque\/wp-json\/wp\/v2\/pages\/7748"}],"collection":[{"href":"https:\/\/www.univ-oeb.dz\/Bibliotheque\/wp-json\/wp\/v2\/pages"}],"about":[{"href":"https:\/\/www.univ-oeb.dz\/Bibliotheque\/wp-json\/wp\/v2\/types\/page"}],"author":[{"embeddable":true,"href":"https:\/\/www.univ-oeb.dz\/Bibliotheque\/wp-json\/wp\/v2\/users\/1"}],"replies":[{"embeddable":true,"href":"https:\/\/www.univ-oeb.dz\/Bibliotheque\/wp-json\/wp\/v2\/comments?post=7748"}],"version-history":[{"count":4,"href":"https:\/\/www.univ-oeb.dz\/Bibliotheque\/wp-json\/wp\/v2\/pages\/7748\/revisions"}],"predecessor-version":[{"id":7752,"href":"https:\/\/www.univ-oeb.dz\/Bibliotheque\/wp-json\/wp\/v2\/pages\/7748\/revisions\/7752"}],"wp:attachment":[{"href":"https:\/\/www.univ-oeb.dz\/Bibliotheque\/wp-json\/wp\/v2\/media?parent=7748"}],"curies":[{"name":"wp","href":"https:\/\/api.w.org\/{rel}","templated":true}]}}