{"id":7735,"date":"2023-09-18T10:32:09","date_gmt":"2023-09-18T09:32:09","guid":{"rendered":"http:\/\/www.univ-oeb.dz\/Bibliotheque\/?page_id=7735"},"modified":"2023-09-18T10:35:47","modified_gmt":"2023-09-18T09:35:47","slug":"le-service-de-recherche-bibliographique","status":"publish","type":"page","link":"https:\/\/www.univ-oeb.dz\/Bibliotheque\/fr\/le-service-de-recherche-bibliographique\/","title":{"rendered":"Le service de recherche bibliographique"},"content":{"rendered":"\t\t<div data-elementor-type=\"wp-page\" data-elementor-id=\"7735\" class=\"elementor elementor-7735\">\n\t\t\t\t\t\t<section class=\"elementor-section elementor-top-section elementor-element elementor-element-3674d81 elementor-section-boxed elementor-section-height-default elementor-section-height-default wpr-particle-no wpr-jarallax-no wpr-parallax-no wpr-sticky-section-no\" data-id=\"3674d81\" data-element_type=\"section\">\n\t\t\t\t\t\t<div class=\"elementor-container elementor-column-gap-default\">\n\t\t\t\t\t<div class=\"elementor-column elementor-col-100 elementor-top-column elementor-element elementor-element-3d5a32d\" data-id=\"3d5a32d\" data-element_type=\"column\">\n\t\t\t<div class=\"elementor-widget-wrap elementor-element-populated\">\n\t\t\t\t\t\t<div class=\"elementor-element elementor-element-73d74fd elementor-widget elementor-widget-text-editor\" data-id=\"73d74fd\" data-element_type=\"widget\" data-widget_type=\"text-editor.default\">\n\t\t\t\t<div class=\"elementor-widget-container\">\n\t\t\t<style>\/*! elementor - v3.21.0 - 26-05-2024 *\/\n.elementor-widget-text-editor.elementor-drop-cap-view-stacked .elementor-drop-cap{background-color:#69727d;color:#fff}.elementor-widget-text-editor.elementor-drop-cap-view-framed .elementor-drop-cap{color:#69727d;border:3px solid;background-color:transparent}.elementor-widget-text-editor:not(.elementor-drop-cap-view-default) .elementor-drop-cap{margin-top:8px}.elementor-widget-text-editor:not(.elementor-drop-cap-view-default) .elementor-drop-cap-letter{width:1em;height:1em}.elementor-widget-text-editor .elementor-drop-cap{float:left;text-align:center;line-height:1;font-size:50px}.elementor-widget-text-editor .elementor-drop-cap-letter{display:inline-block}<\/style>\t\t\t\t<p><span style=\"font-size: 14pt;\">\u00a0 Le service de recherche bibliographique a pour r\u00f4le de promouvoir la recherche bibliographique parmi les utilisateurs et de les aider dans leurs travaux scientifiques en mettant constamment \u00e0 jour les collections, en pr\u00e9parant des index et des guides de recherche, et en formant les utilisateurs aux m\u00e9thodes de recherche d&#8217;informations dans les sources et les r\u00e9f\u00e9rences disponibles. \u00c0 cet \u00e9gard, ce service doit disposer des ressources et des \u00e9quipements permettant aux responsables de se pr\u00e9parer \u00e0 toute demande d&#8217;informations dans diverses disciplines et domaines. De plus, ce service doit disposer de bases de donn\u00e9es locales et internationales dans diff\u00e9rentes sp\u00e9cialit\u00e9s et langues. Par cons\u00e9quent, ce service est charg\u00e9 de :<\/span><\/p>\t\t\t\t\t\t<\/div>\n\t\t\t\t<\/div>\n\t\t\t\t\t<\/div>\n\t\t<\/div>\n\t\t\t\t\t<\/div>\n\t\t<\/section>\n\t\t\t\t<section class=\"elementor-section elementor-top-section elementor-element elementor-element-4deb149 elementor-section-boxed elementor-section-height-default elementor-section-height-default wpr-particle-no wpr-jarallax-no wpr-parallax-no wpr-sticky-section-no\" data-id=\"4deb149\" data-element_type=\"section\">\n\t\t\t\t\t\t<div class=\"elementor-container elementor-column-gap-default\">\n\t\t\t\t\t<div class=\"elementor-column elementor-col-100 elementor-top-column elementor-element elementor-element-db5655c\" data-id=\"db5655c\" data-element_type=\"column\">\n\t\t\t<div class=\"elementor-widget-wrap elementor-element-populated\">\n\t\t\t\t\t\t<div class=\"elementor-element elementor-element-38810bb elementor-widget elementor-widget-text-editor\" data-id=\"38810bb\" data-element_type=\"widget\" data-widget_type=\"text-editor.default\">\n\t\t\t\t<div class=\"elementor-widget-container\">\n\t\t\t\t\t\t\t<div class=\"flex-1 overflow-hidden\"><div class=\"react-scroll-to-bottom--css-xydnc-79elbk h-full dark:bg-gray-800\"><div class=\"react-scroll-to-bottom--css-xydnc-1n7m0yu\"><div class=\"flex flex-col text-sm dark:bg-gray-800\"><div class=\"group w-full text-token-text-primary border-b border-black\/10 dark:border-gray-900\/50 bg-gray-50 dark:bg-[#444654]\" data-testid=\"conversation-turn-79\"><div class=\"p-4 justify-center text-base md:gap-6 md:py-6 m-auto\"><div class=\"flex flex-1 gap-4 text-base mx-auto md:gap-6 md:max-w-2xl lg:max-w-[38rem] xl:max-w-3xl }\"><div class=\"relative flex w-[calc(100%-50px)] flex-col gap-1 md:gap-3 lg:w-[calc(100%-115px)]\"><div class=\"flex flex-grow flex-col gap-3 max-w-full\"><div class=\"min-h-[20px] flex flex-col items-start gap-3 overflow-x-auto whitespace-pre-wrap break-words\"><div class=\"markdown prose w-full break-words dark:prose-invert light\"><ol><li><p>Contribuer \u00e0 la cr\u00e9ation du portail \u00e9lectronique de la biblioth\u00e8que centrale sur le site web de l&#8217;universit\u00e9.<\/p><\/li><li><p>Cr\u00e9er un index \u00e9lectronique en ligne (OPAC) pour faciliter l&#8217;acc\u00e8s aux ressources documentaires.<\/p><\/li><li><p>Superviser la gestion de la biblioth\u00e8que num\u00e9rique &#8220;Lire&#8221; en enregistrant les \u00e9tudiants et en les aidant \u00e0 rechercher dans la base de donn\u00e9es.<\/p><\/li><li><p>G\u00e9rer le syst\u00e8me de gestion des biblioth\u00e8ques (SYNGEB) et appliquer les op\u00e9rations techniques et techniques, ainsi que la pr\u00e9paration d&#8217;index et de guides de recherche.<\/p><\/li><li><p>Cr\u00e9er un r\u00e9f\u00e9rentiel num\u00e9rique pour les th\u00e8ses et les m\u00e9moires de ma\u00eetrise (DSpace).<\/p><\/li><li><p>Le d\u00e9p\u00f4t \u00e9lectronique des th\u00e8ses de doctorat et des m\u00e9moires de ma\u00eetrise sur la plateforme du Catalogue Commun de la Documentation Alg\u00e9rienne (CCDZ) sur le site du Centre de Recherche en Information Scientifique et Technique (CERIST).<\/p><\/li><li><p>Num\u00e9riser les collections (th\u00e8ses, m\u00e9moires, m\u00e9moires de fin d&#8217;\u00e9tudes, livres rares ou uniques, en tenant compte des droits d&#8217;auteur et de la propri\u00e9t\u00e9 intellectuelle) afin de constituer une collection \u00e9lectronique dans le but de la mise \u00e0 disposition.<\/p><\/li><li><p>Enregistrement des enseignants et des \u00e9tudiants chercheurs (deuxi\u00e8me cycle &#8211; doctorat) dans le syst\u00e8me national de documentation en ligne (SNDL).<\/p><\/li><li><p>Inscription \u00e0 la biblioth\u00e8que centrale (nouveaux \u00e9tudiants, premi\u00e8re ann\u00e9e de master, doctorants).<\/p><\/li><li><p>Enrichissement des collections acad\u00e9miques en coordination avec le Portail National de Signalement des Th\u00e8ses (PNST).<\/p><\/li><\/ol><\/div><\/div><\/div><\/div><\/div><\/div><\/div><\/div><\/div><\/div><\/div>\t\t\t\t\t\t<\/div>\n\t\t\t\t<\/div>\n\t\t\t\t\t<\/div>\n\t\t<\/div>\n\t\t\t\t\t<\/div>\n\t\t<\/section>\n\t\t\t\t<\/div>\n\t\t","protected":false},"excerpt":{"rendered":"<p>\u00a0 Le service de recherche bibliographique a pour r\u00f4le de promouvoir la recherche bibliographique parmi les utilisateurs et de les aider dans leurs travaux scientifiques en mettant constamment \u00e0 jour les collections, en pr\u00e9parant des index et des guides de recherche, et en formant les utilisateurs aux m\u00e9thodes de recherche d&#8217;informations dans les sources et les r\u00e9f\u00e9rences disponibles. \u00c0 cet \u00e9gard, ce service doit disposer des ressources et des \u00e9quipements permettant aux responsables de se pr\u00e9parer \u00e0 toute demande d&#8217;informations dans diverses disciplines et domaines. De plus, ce service doit disposer de bases de donn\u00e9es locales et internationales dans diff\u00e9rentes sp\u00e9cialit\u00e9s et langues. Par cons\u00e9quent, ce service est charg\u00e9 de : Contribuer \u00e0 la cr\u00e9ation du portail \u00e9lectronique de la biblioth\u00e8que centrale sur le site web de l&#8217;universit\u00e9. Cr\u00e9er un index \u00e9lectronique en ligne (OPAC) pour faciliter l&#8217;acc\u00e8s aux ressources documentaires. Superviser la gestion de la biblioth\u00e8que num\u00e9rique &#8220;Lire&#8221; en enregistrant les \u00e9tudiants et en les aidant \u00e0 rechercher dans la base de donn\u00e9es. G\u00e9rer le syst\u00e8me de gestion des biblioth\u00e8ques (SYNGEB) et appliquer les op\u00e9rations techniques et techniques, ainsi que la pr\u00e9paration d&#8217;index et de guides de recherche. Cr\u00e9er un r\u00e9f\u00e9rentiel num\u00e9rique pour les th\u00e8ses et les m\u00e9moires de ma\u00eetrise (DSpace). Le d\u00e9p\u00f4t \u00e9lectronique des th\u00e8ses de doctorat et des m\u00e9moires de ma\u00eetrise sur la plateforme du Catalogue Commun de la Documentation Alg\u00e9rienne (CCDZ) sur le site du Centre de Recherche en Information Scientifique et Technique (CERIST). Num\u00e9riser les collections (th\u00e8ses, m\u00e9moires, m\u00e9moires de fin d&#8217;\u00e9tudes, livres rares ou uniques, en tenant compte des droits d&#8217;auteur et de la propri\u00e9t\u00e9 intellectuelle) afin de constituer une collection \u00e9lectronique dans le but de la mise \u00e0 disposition. Enregistrement des enseignants et des \u00e9tudiants chercheurs (deuxi\u00e8me cycle &#8211; doctorat) dans le syst\u00e8me national de documentation en ligne (SNDL). Inscription \u00e0 la biblioth\u00e8que centrale (nouveaux \u00e9tudiants, premi\u00e8re ann\u00e9e de master, doctorants). Enrichissement des collections acad\u00e9miques en coordination avec le Portail National de Signalement des Th\u00e8ses (PNST).<\/p>\n","protected":false},"author":1,"featured_media":0,"parent":0,"menu_order":0,"comment_status":"closed","ping_status":"closed","template":"","meta":{"footnotes":""},"_links":{"self":[{"href":"https:\/\/www.univ-oeb.dz\/Bibliotheque\/wp-json\/wp\/v2\/pages\/7735"}],"collection":[{"href":"https:\/\/www.univ-oeb.dz\/Bibliotheque\/wp-json\/wp\/v2\/pages"}],"about":[{"href":"https:\/\/www.univ-oeb.dz\/Bibliotheque\/wp-json\/wp\/v2\/types\/page"}],"author":[{"embeddable":true,"href":"https:\/\/www.univ-oeb.dz\/Bibliotheque\/wp-json\/wp\/v2\/users\/1"}],"replies":[{"embeddable":true,"href":"https:\/\/www.univ-oeb.dz\/Bibliotheque\/wp-json\/wp\/v2\/comments?post=7735"}],"version-history":[{"count":3,"href":"https:\/\/www.univ-oeb.dz\/Bibliotheque\/wp-json\/wp\/v2\/pages\/7735\/revisions"}],"predecessor-version":[{"id":7738,"href":"https:\/\/www.univ-oeb.dz\/Bibliotheque\/wp-json\/wp\/v2\/pages\/7735\/revisions\/7738"}],"wp:attachment":[{"href":"https:\/\/www.univ-oeb.dz\/Bibliotheque\/wp-json\/wp\/v2\/media?parent=7735"}],"curies":[{"name":"wp","href":"https:\/\/api.w.org\/{rel}","templated":true}]}}