{"id":7662,"date":"2023-09-17T14:31:44","date_gmt":"2023-09-17T13:31:44","guid":{"rendered":"http:\/\/www.univ-oeb.dz\/Bibliotheque\/?page_id=7662"},"modified":"2023-09-17T14:57:47","modified_gmt":"2023-09-17T13:57:47","slug":"la-presentation-de-la-bibliotheque","status":"publish","type":"page","link":"https:\/\/www.univ-oeb.dz\/Bibliotheque\/fr\/la-presentation-de-la-bibliotheque\/","title":{"rendered":"Pr\u00e9sentation de la biblioth\u00e8que"},"content":{"rendered":"\t\t<div data-elementor-type=\"wp-page\" data-elementor-id=\"7662\" class=\"elementor elementor-7662\">\n\t\t\t\t\t\t<section class=\"elementor-section elementor-top-section elementor-element elementor-element-7d1f8e2 elementor-section-boxed elementor-section-height-default elementor-section-height-default wpr-particle-no wpr-jarallax-no wpr-parallax-no wpr-sticky-section-no\" data-id=\"7d1f8e2\" data-element_type=\"section\">\n\t\t\t\t\t\t<div class=\"elementor-container elementor-column-gap-default\">\n\t\t\t\t\t<div class=\"elementor-column elementor-col-66 elementor-top-column elementor-element elementor-element-cf5c3c0\" data-id=\"cf5c3c0\" data-element_type=\"column\">\n\t\t\t<div class=\"elementor-widget-wrap elementor-element-populated\">\n\t\t\t\t\t\t<div class=\"elementor-element elementor-element-fb11b14 elementor-widget elementor-widget-text-editor\" data-id=\"fb11b14\" data-element_type=\"widget\" data-widget_type=\"text-editor.default\">\n\t\t\t\t<div class=\"elementor-widget-container\">\n\t\t\t<style>\/*! elementor - v3.21.0 - 26-05-2024 *\/\n.elementor-widget-text-editor.elementor-drop-cap-view-stacked .elementor-drop-cap{background-color:#69727d;color:#fff}.elementor-widget-text-editor.elementor-drop-cap-view-framed .elementor-drop-cap{color:#69727d;border:3px solid;background-color:transparent}.elementor-widget-text-editor:not(.elementor-drop-cap-view-default) .elementor-drop-cap{margin-top:8px}.elementor-widget-text-editor:not(.elementor-drop-cap-view-default) .elementor-drop-cap-letter{width:1em;height:1em}.elementor-widget-text-editor .elementor-drop-cap{float:left;text-align:center;line-height:1;font-size:50px}.elementor-widget-text-editor .elementor-drop-cap-letter{display:inline-block}<\/style>\t\t\t\t<p class=\"tw-data-text tw-ta tw-text-medium\" lang=\"ar\" style=\"font-variant-numeric: inherit; font-variant-east-asian: inherit; font-variant-alternates: inherit; font-stretch: inherit; line-height: 1.2; font-family: 'Times New Roman'; font-optical-sizing: inherit; font-kerning: inherit; font-feature-settings: inherit; font-variation-settings: inherit; font-size: 34px; font-weight: normal; margin-bottom: 0px; outline-style: initial; outline-width: 0px; padding-bottom: 18px; vertical-align: baseline; color: #333333; text-align: left;\"><strong><span style=\"font-size: 24pt;\"><span style=\"font-family: georgia, palatino;\">La biblioth\u00e8que centrale de l&#8217;Universit\u00e9 L&#8217;Arabi Ben M&#8217;hidi :<\/span><\/span><\/strong><\/p><p>Biblioth\u00e8que centrale (B.U.C.) et biblioth\u00e8ques de facult\u00e9s sont organis\u00e9es pour accompagner leurs usagers dans leur recherche documentaire, qu\u2019elle soit locale ou \u00e0 distance (via Internet); en mettant \u00e0 leur disposition un fonds documentaire pluridisciplinaire et multilingue, d\u00e9velopp\u00e9 pour couvrir l\u2019ensemble des cursus assur\u00e9s\u00a0 par l\u2019universit\u00e9.<\/p><p>En somme, elles constituent un outil p\u00e9dagogique performant qui suit l\u2019\u00e9volution des nouvelles technologies de l\u2019information et de la communication. Les documents de la B.U.C. sont \u00e9quip\u00e9s d\u2019\u00e9tiquettes RFID, qui permettent \u00e0 la fois l\u2019identification, la gestion des transactions de communication des documents et leur s\u00e9curisation.<\/p>\t\t\t\t\t\t<\/div>\n\t\t\t\t<\/div>\n\t\t\t\t\t<\/div>\n\t\t<\/div>\n\t\t\t\t<div class=\"elementor-column elementor-col-33 elementor-top-column elementor-element elementor-element-97cb9f6\" data-id=\"97cb9f6\" data-element_type=\"column\">\n\t\t\t<div class=\"elementor-widget-wrap elementor-element-populated\">\n\t\t\t\t\t\t<div class=\"elementor-element elementor-element-874495e elementor-widget elementor-widget-image\" data-id=\"874495e\" data-element_type=\"widget\" data-widget_type=\"image.default\">\n\t\t\t\t<div class=\"elementor-widget-container\">\n\t\t\t<style>\/*! elementor - v3.21.0 - 26-05-2024 *\/\n.elementor-widget-image{text-align:center}.elementor-widget-image a{display:inline-block}.elementor-widget-image a img[src$=\".svg\"]{width:48px}.elementor-widget-image img{vertical-align:middle;display:inline-block}<\/style>\t\t\t\t\t\t\t\t\t\t\t<a href=\"https:\/\/www.univ-oeb.dz\/Bibliotheque\/wp-content\/uploads\/2023\/06\/\u0645\u0643\u062a\u0628\u0629.png\" data-elementor-open-lightbox=\"no\">\n\t\t\t\t\t\t\t<img fetchpriority=\"high\" decoding=\"async\" width=\"255\" height=\"300\" src=\"https:\/\/www.univ-oeb.dz\/Bibliotheque\/wp-content\/uploads\/2023\/06\/\u0645\u0643\u062a\u0628\u0629.png\" class=\"attachment-large size-large wp-image-6867\" alt=\"\" \/>\t\t\t\t\t\t\t\t<\/a>\n\t\t\t\t\t\t\t\t\t\t\t\t\t<\/div>\n\t\t\t\t<\/div>\n\t\t\t\t\t<\/div>\n\t\t<\/div>\n\t\t\t\t\t<\/div>\n\t\t<\/section>\n\t\t\t\t<section class=\"elementor-section elementor-top-section elementor-element elementor-element-73a4403 elementor-section-boxed elementor-section-height-default elementor-section-height-default wpr-particle-no wpr-jarallax-no wpr-parallax-no wpr-sticky-section-no\" data-id=\"73a4403\" data-element_type=\"section\">\n\t\t\t\t\t\t<div class=\"elementor-container elementor-column-gap-default\">\n\t\t\t\t\t<div class=\"elementor-column elementor-col-100 elementor-top-column elementor-element elementor-element-d970c4a\" data-id=\"d970c4a\" data-element_type=\"column\">\n\t\t\t<div class=\"elementor-widget-wrap elementor-element-populated\">\n\t\t\t\t\t\t<div class=\"elementor-element elementor-element-a0cca12 elementor-widget elementor-widget-text-editor\" data-id=\"a0cca12\" data-element_type=\"widget\" data-widget_type=\"text-editor.default\">\n\t\t\t\t<div class=\"elementor-widget-container\">\n\t\t\t\t\t\t\t<p>Le fonds documentaire est accessible \u00e0 partir de\u00a0<a href=\"http:\/\/172.16.1.36:8007\/opac\" target=\"_blank\" rel=\"noopener\">catalogues<\/a>\u00a0informatis\u00e9s, \u00e9labor\u00e9s par type de documents :<\/p><ul class=\"ecrit\"><li>Ouvrages; ouvrages de r\u00e9f\u00e9rence;<\/li><li>Documents Braille dans les disciplines poursuivies par les \u00e9tudiants malvoyants (Droit [<a href=\"https:\/\/www.univ-oeb.dz\/Bibliotheque\/wp-content\/uploads\/2023\/09\/\u0627\u0644\u0628\u0631\u0627\u064a-\u0642\u0627\u0646\u0648\u0646-\u0639\u0631\u0628\u064a.pdf\" rel=\"\">arabe<\/a>\u00a0\/\u00a0<a href=\"https:\/\/www.univ-oeb.dz\/Bibliotheque\/wp-content\/uploads\/2023\/09\/\u0627\u0644\u0628\u0631\u0627\u064a-\u0642\u0627\u0646\u0648\u0646-\u0641\u0631\u0646\u0633\u064a.pdf\" rel=\"\">fran\u00e7ais<\/a>], Sociologie, Psychologie [<a href=\"https:\/\/www.univ-oeb.dz\/Bibliotheque\/wp-content\/uploads\/2023\/09\/\u0639\u0644\u0645-\u0627\u0644\u0646\u0641\u0633-\u0639\u0631\u0628\u064a.pdf\" rel=\"\">arabe<\/a>\u00a0\/\u00a0<a href=\"https:\/\/www.univ-oeb.dz\/Bibliotheque\/wp-content\/uploads\/2023\/09\/\u0639\u0644\u0645-\u0627\u0644\u0646\u0641\u0633-\u0641\u0631\u0646\u0633\u064a.pdf\" rel=\"\">fran\u00e7ais<\/a>],\u00a0<a href=\"https:\/\/www.univ-oeb.dz\/Bibliotheque\/wp-content\/uploads\/2023\/09\/\u0627\u0644\u0623\u062f\u0628.pdf\" rel=\"\">litt\u00e9rature<\/a>,\u00a0<a href=\"http:\/\/www2.univ-oeb.dz\/bibliotheque\/wp-content\/uploads\/2016\/11\/ll-fr.pdf\" rel=\"\">Litt\u00e9rature fran\u00e7aise<\/a>,\u00a0<a href=\"https:\/\/www.univ-oeb.dz\/Bibliotheque\/wp-content\/uploads\/2023\/09\/\u0627\u0644\u0627\u062f\u0628-\u0627\u0644\u0627\u0646\u062c\u0644\u064a\u0632\u064a.pdf\" rel=\"\">Litt\u00e9rature anglaise<\/a>);<\/li><li>Travaux acad\u00e9miques (th\u00e8ses, m\u00e9moires de magist\u00e8re, de master, en version papier et \u00e9lectronique avec texte int\u00e9gral). Pour les th\u00e8ses anciennement d\u00e9pos\u00e9es, base \u00e9lectronique en cours d\u2019\u00e9laboration.<\/li><li>\u00a0Production intellectuelle des enseignants de l\u2019universit\u00e9;<\/li><li>\u00a0Ressources \u00e9lectroniques;<\/li><li>\u00a0Bouquets de revues \u00e9lectroniques <strong>SNDL, <span style=\"font-size: 14pt;\"><span style=\"vertical-align: inherit;\"> ASJP, DSpace, IQRAA&#8230;&#8230;<\/span><\/span><\/strong><\/li><li>\u00a0Bases de donn\u00e9es de documents audiovisuels <strong>(DVD, CD ROM).<\/strong><\/li><\/ul><p>\u00a0<\/p>\t\t\t\t\t\t<\/div>\n\t\t\t\t<\/div>\n\t\t\t\t\t<\/div>\n\t\t<\/div>\n\t\t\t\t\t<\/div>\n\t\t<\/section>\n\t\t\t\t<\/div>\n\t\t","protected":false},"excerpt":{"rendered":"<p>La biblioth\u00e8que centrale de l&#8217;Universit\u00e9 L&#8217;Arabi Ben M&#8217;hidi : Biblioth\u00e8que centrale (B.U.C.) et biblioth\u00e8ques de facult\u00e9s sont organis\u00e9es pour accompagner leurs usagers dans leur recherche documentaire, qu\u2019elle soit locale ou \u00e0 distance (via Internet); en mettant \u00e0 leur disposition un fonds documentaire pluridisciplinaire et multilingue, d\u00e9velopp\u00e9 pour couvrir l\u2019ensemble des cursus assur\u00e9s\u00a0 par l\u2019universit\u00e9. En somme, elles constituent un outil p\u00e9dagogique performant qui suit l\u2019\u00e9volution des nouvelles technologies de l\u2019information et de la communication. Les documents de la B.U.C. sont \u00e9quip\u00e9s d\u2019\u00e9tiquettes RFID, qui permettent \u00e0 la fois l\u2019identification, la gestion des transactions de communication des documents et leur s\u00e9curisation. Le fonds documentaire est accessible \u00e0 partir de\u00a0catalogues\u00a0informatis\u00e9s, \u00e9labor\u00e9s par type de documents : Ouvrages; ouvrages de r\u00e9f\u00e9rence; Documents Braille dans les disciplines poursuivies par les \u00e9tudiants malvoyants (Droit [arabe\u00a0\/\u00a0fran\u00e7ais], Sociologie, Psychologie [arabe\u00a0\/\u00a0fran\u00e7ais],\u00a0litt\u00e9rature,\u00a0Litt\u00e9rature fran\u00e7aise,\u00a0Litt\u00e9rature anglaise); Travaux acad\u00e9miques (th\u00e8ses, m\u00e9moires de magist\u00e8re, de master, en version papier et \u00e9lectronique avec texte int\u00e9gral). Pour les th\u00e8ses anciennement d\u00e9pos\u00e9es, base \u00e9lectronique en cours d\u2019\u00e9laboration. \u00a0Production intellectuelle des enseignants de l\u2019universit\u00e9; \u00a0Ressources \u00e9lectroniques; \u00a0Bouquets de revues \u00e9lectroniques SNDL, ASJP, DSpace, IQRAA&#8230;&#8230; \u00a0Bases de donn\u00e9es de documents audiovisuels (DVD, CD ROM). \u00a0<\/p>\n","protected":false},"author":1,"featured_media":0,"parent":0,"menu_order":0,"comment_status":"closed","ping_status":"closed","template":"","meta":{"footnotes":""},"_links":{"self":[{"href":"https:\/\/www.univ-oeb.dz\/Bibliotheque\/wp-json\/wp\/v2\/pages\/7662"}],"collection":[{"href":"https:\/\/www.univ-oeb.dz\/Bibliotheque\/wp-json\/wp\/v2\/pages"}],"about":[{"href":"https:\/\/www.univ-oeb.dz\/Bibliotheque\/wp-json\/wp\/v2\/types\/page"}],"author":[{"embeddable":true,"href":"https:\/\/www.univ-oeb.dz\/Bibliotheque\/wp-json\/wp\/v2\/users\/1"}],"replies":[{"embeddable":true,"href":"https:\/\/www.univ-oeb.dz\/Bibliotheque\/wp-json\/wp\/v2\/comments?post=7662"}],"version-history":[{"count":21,"href":"https:\/\/www.univ-oeb.dz\/Bibliotheque\/wp-json\/wp\/v2\/pages\/7662\/revisions"}],"predecessor-version":[{"id":7995,"href":"https:\/\/www.univ-oeb.dz\/Bibliotheque\/wp-json\/wp\/v2\/pages\/7662\/revisions\/7995"}],"wp:attachment":[{"href":"https:\/\/www.univ-oeb.dz\/Bibliotheque\/wp-json\/wp\/v2\/media?parent=7662"}],"curies":[{"name":"wp","href":"https:\/\/api.w.org\/{rel}","templated":true}]}}